{"id":1168,"date":"2025-12-09T23:59:49","date_gmt":"2025-12-09T22:59:49","guid":{"rendered":"https:\/\/www.regionalis.shop\/nevaliebt\/?post_type=product&#038;p=1168"},"modified":"2025-12-10T17:28:20","modified_gmt":"2025-12-10T16:28:20","slug":"pouch-s-cord","status":"publish","type":"product","link":"https:\/\/www.regionalis.shop\/nevaliebt\/shop\/pouch-s-cord\/","title":{"rendered":"Pouch S Cord"},"content":{"rendered":"<p>Im Alltag wird die Pouch oft als &#8222;kleiner Beutel&#8220; oder &#8222;kleine H\u00fclle&#8220; bezeichnet.<\/p>\n<p>Ob f\u00fcr die Aufbewahrung von KrimsKrams (wie M\u00fcnzen, Schmuck oder Kopfh\u00f6rer), f\u00fcr Kosemtik (Lippenstift, Pflegecrem) oder auf Reisen (Reisepass, Medikamente), die Pouch ist vielseitig einsetzbar.<\/p>\n<p>Die Pouches sind in verschiedenen Farben erh\u00e4ltlich.<\/p>\n<p>&nbsp;<\/p>\n<p>Bei der Bestellung UNBEDINGT die Wunschfarbe angeben.<\/p>\n<p>01 Curry<\/p>\n<p>02 Beige<\/p>\n<p>03 Petrol<\/p>\n<p>04 Taupe<\/p>\n<p>05 Bordeaux<\/p>\n<p>&nbsp;<\/p>\n<p>Abmessung:\u00a012 x 11 cm<\/p>\n<p>Material: 100 % Baumwolle (Cord)<\/p>\n","protected":false},"excerpt":{"rendered":"<p>Im Alltag wird die Pouch oft als &#8222;kleiner Beutel&#8220; oder &#8222;kleine H\u00fclle&#8220; bezeichnet. Ob f\u00fcr die Aufbewahrung von KrimsKrams (wie M\u00fcnzen, Schmuck oder Kopfh\u00f6rer), f\u00fcr Kosemtik (Lippenstift, Pflegecrem) oder auf Reisen (Reisepass, Medikamente), die Pouch ist vielseitig einsetzbar. Die Pouches sind in verschiedenen Farben erh\u00e4ltlich. &nbsp; Bei der Bestellung UNBEDINGT die Wunschfarbe angeben. 01 Curry &hellip; <a href=\"https:\/\/www.regionalis.shop\/nevaliebt\/shop\/pouch-s-cord\/\">Continued<\/a><\/p>\n","protected":false},"featured_media":1158,"template":"","meta":{"_acf_changed":false},"product_brand":[],"product_cat":[155,168],"product_tag":[],"class_list":{"0":"post-1168","1":"product","2":"type-product","3":"status-publish","4":"has-post-thumbnail","6":"product_cat-kosmetiktaschen","7":"product_cat-sonstiges-taschen","9":"first","10":"instock","11":"purchasable","12":"product-type-simple"},"acf":[],"_links":{"self":[{"href":"https:\/\/www.regionalis.shop\/nevaliebt\/wp-json\/wp\/v2\/product\/1168","targetHints":{"allow":["GET"]}}],"collection":[{"href":"https:\/\/www.regionalis.shop\/nevaliebt\/wp-json\/wp\/v2\/product"}],"about":[{"href":"https:\/\/www.regionalis.shop\/nevaliebt\/wp-json\/wp\/v2\/types\/product"}],"wp:featuredmedia":[{"embeddable":true,"href":"https:\/\/www.regionalis.shop\/nevaliebt\/wp-json\/wp\/v2\/media\/1158"}],"wp:attachment":[{"href":"https:\/\/www.regionalis.shop\/nevaliebt\/wp-json\/wp\/v2\/media?parent=1168"}],"wp:term":[{"taxonomy":"product_brand","embeddable":true,"href":"https:\/\/www.regionalis.shop\/nevaliebt\/wp-json\/wp\/v2\/product_brand?post=1168"},{"taxonomy":"product_cat","embeddable":true,"href":"https:\/\/www.regionalis.shop\/nevaliebt\/wp-json\/wp\/v2\/product_cat?post=1168"},{"taxonomy":"product_tag","embeddable":true,"href":"https:\/\/www.regionalis.shop\/nevaliebt\/wp-json\/wp\/v2\/product_tag?post=1168"}],"curies":[{"name":"wp","href":"https:\/\/api.w.org\/{rel}","templated":true}]}}