{"id":1170,"date":"2025-12-10T00:21:25","date_gmt":"2025-12-09T23:21:25","guid":{"rendered":"https:\/\/www.regionalis.shop\/nevaliebt\/?post_type=product&#038;p=1170"},"modified":"2025-12-10T13:17:25","modified_gmt":"2025-12-10T12:17:25","slug":"stirnband-cordjersey-erwachsene","status":"publish","type":"product","link":"https:\/\/www.regionalis.shop\/nevaliebt\/shop\/stirnband-cordjersey-erwachsene\/","title":{"rendered":"Stirnband Cordjersey Erwachsene"},"content":{"rendered":"<p>Zeitloses, warmes Cordjersey-Stirnband in verschiedenen Farben.<\/p>\n<p>Passt sich perfekt der Kopfform an, hinterl\u00e4sst keine Abdr\u00fccke und h\u00e4lt die Ohren warm.<\/p>\n<p>&nbsp;<\/p>\n<p>Bei der Bestellung UNBEDINGT die Wunschfarbe angeben.<\/p>\n<p>&nbsp;<\/p>\n<p>&nbsp;<\/p>\n<p>Material:<\/p>\n<p>95 % Baumwolle<\/p>\n<p>5 % Elasthan<\/p>\n","protected":false},"excerpt":{"rendered":"<p>Zeitloses, warmes Cordjersey-Stirnband in verschiedenen Farben. Passt sich perfekt der Kopfform an, hinterl\u00e4sst keine Abdr\u00fccke und h\u00e4lt die Ohren warm. &nbsp; Bei der Bestellung UNBEDINGT die Wunschfarbe angeben. &nbsp; &nbsp; Material: 95 % Baumwolle 5 % Elasthan<\/p>\n","protected":false},"featured_media":1173,"template":"","meta":{"_acf_changed":false},"product_brand":[],"product_cat":[43,91],"product_tag":[],"class_list":{"0":"post-1170","1":"product","2":"type-product","3":"status-publish","4":"has-post-thumbnail","6":"product_cat-haaraccessoires","7":"product_cat-stirnbaender","9":"first","10":"instock","11":"purchasable","12":"product-type-simple"},"acf":[],"_links":{"self":[{"href":"https:\/\/www.regionalis.shop\/nevaliebt\/wp-json\/wp\/v2\/product\/1170","targetHints":{"allow":["GET"]}}],"collection":[{"href":"https:\/\/www.regionalis.shop\/nevaliebt\/wp-json\/wp\/v2\/product"}],"about":[{"href":"https:\/\/www.regionalis.shop\/nevaliebt\/wp-json\/wp\/v2\/types\/product"}],"wp:featuredmedia":[{"embeddable":true,"href":"https:\/\/www.regionalis.shop\/nevaliebt\/wp-json\/wp\/v2\/media\/1173"}],"wp:attachment":[{"href":"https:\/\/www.regionalis.shop\/nevaliebt\/wp-json\/wp\/v2\/media?parent=1170"}],"wp:term":[{"taxonomy":"product_brand","embeddable":true,"href":"https:\/\/www.regionalis.shop\/nevaliebt\/wp-json\/wp\/v2\/product_brand?post=1170"},{"taxonomy":"product_cat","embeddable":true,"href":"https:\/\/www.regionalis.shop\/nevaliebt\/wp-json\/wp\/v2\/product_cat?post=1170"},{"taxonomy":"product_tag","embeddable":true,"href":"https:\/\/www.regionalis.shop\/nevaliebt\/wp-json\/wp\/v2\/product_tag?post=1170"}],"curies":[{"name":"wp","href":"https:\/\/api.w.org\/{rel}","templated":true}]}}