{"id":1180,"date":"2025-12-10T21:49:56","date_gmt":"2025-12-10T20:49:56","guid":{"rendered":"https:\/\/www.regionalis.shop\/nevaliebt\/?post_type=product&#038;p=1180"},"modified":"2025-12-12T11:23:45","modified_gmt":"2025-12-12T10:23:45","slug":"stirnband-leo","status":"publish","type":"product","link":"https:\/\/www.regionalis.shop\/nevaliebt\/shop\/stirnband-leo\/","title":{"rendered":"Stirnband Leo"},"content":{"rendered":"<p>Die Stirnb\u00e4nder f\u00fcr Erwachsene sind die zwei verschiedenen Ausf\u00fchrungen erh\u00e4ltlich. Einmal aus Jersey und einmal aus Ripp-Jersey.<\/p>\n<p>Der Twist kann wahlweise vorne oder hinten getragen werden.<\/p>\n<p>&nbsp;<\/p>\n<p>Es stehen zwei Varianten zur Verf\u00fcgung<\/p>\n<p>01 Baumwolljersey<\/p>\n<p>02 Ripp-Jersey<\/p>\n<p>&nbsp;<\/p>\n<p>Bitte bei der Bestellung die gew\u00fcnschte Nummer angeben.<\/p>\n<p>&nbsp;<\/p>\n<p>Material:<\/p>\n<p>95 % Baumwolle<\/p>\n<p>5 % Elasthan<\/p>\n","protected":false},"excerpt":{"rendered":"<p>Die Stirnb\u00e4nder f\u00fcr Erwachsene sind die zwei verschiedenen Ausf\u00fchrungen erh\u00e4ltlich. Einmal aus Jersey und einmal aus Ripp-Jersey. Der Twist kann wahlweise vorne oder hinten getragen werden. &nbsp; Es stehen zwei Varianten zur Verf\u00fcgung 01 Baumwolljersey 02 Ripp-Jersey &nbsp; Bitte bei der Bestellung die gew\u00fcnschte Nummer angeben. &nbsp; Material: 95 % Baumwolle 5 % Elasthan<\/p>\n","protected":false},"featured_media":1185,"template":"","meta":{"_acf_changed":false},"product_brand":[],"product_cat":[37,90,91],"product_tag":[],"class_list":{"0":"post-1180","1":"product","2":"type-product","3":"status-publish","4":"has-post-thumbnail","6":"product_cat-accessoires","7":"product_cat-sportaccessoires","8":"product_cat-stirnbaender","10":"first","11":"instock","12":"purchasable","13":"product-type-simple"},"acf":[],"_links":{"self":[{"href":"https:\/\/www.regionalis.shop\/nevaliebt\/wp-json\/wp\/v2\/product\/1180","targetHints":{"allow":["GET"]}}],"collection":[{"href":"https:\/\/www.regionalis.shop\/nevaliebt\/wp-json\/wp\/v2\/product"}],"about":[{"href":"https:\/\/www.regionalis.shop\/nevaliebt\/wp-json\/wp\/v2\/types\/product"}],"wp:featuredmedia":[{"embeddable":true,"href":"https:\/\/www.regionalis.shop\/nevaliebt\/wp-json\/wp\/v2\/media\/1185"}],"wp:attachment":[{"href":"https:\/\/www.regionalis.shop\/nevaliebt\/wp-json\/wp\/v2\/media?parent=1180"}],"wp:term":[{"taxonomy":"product_brand","embeddable":true,"href":"https:\/\/www.regionalis.shop\/nevaliebt\/wp-json\/wp\/v2\/product_brand?post=1180"},{"taxonomy":"product_cat","embeddable":true,"href":"https:\/\/www.regionalis.shop\/nevaliebt\/wp-json\/wp\/v2\/product_cat?post=1180"},{"taxonomy":"product_tag","embeddable":true,"href":"https:\/\/www.regionalis.shop\/nevaliebt\/wp-json\/wp\/v2\/product_tag?post=1180"}],"curies":[{"name":"wp","href":"https:\/\/api.w.org\/{rel}","templated":true}]}}