{"id":3,"date":"2023-10-31T09:02:46","date_gmt":"2023-10-31T09:02:46","guid":{"rendered":"https:\/\/stage.shop-it.at\/?page_id=3"},"modified":"2025-10-23T16:29:26","modified_gmt":"2025-10-23T14:29:26","slug":"datenschutzerklarung","status":"publish","type":"page","link":"https:\/\/www.regionalis.shop\/norderd-pure-organic-vodka\/datenschutzerklarung\/","title":{"rendered":"Datenschutzerkl\u00e4rung"},"content":{"rendered":"<section>\n            <p>&#8211;100 % Biod Vodka &#8211; direkt aus dem Waldviertel&#8211;<\/p>\n<p>Ganz einfach und fast banal: Das Waldviertel schmeckt und riecht zauberhaft! Und zu diesem Zauber m\u00f6chten wir die Welt einladen. M\u00f6glichst die Ganze! Deshalb f\u00fcllen wir den Spirit des Waldviertels in Flaschen. Die Erd\u00e4pfel, den Roggen, die \u00c4pfel \u2013 den Boden, den Himmel, die Vielfalt der Natur und das Farbenspiel der Jahreszeiten. Die Sonne, die Wolken, die Nacht \u2013 den Regen, Tau und Raureif. Das Waldviertel ist einfach viel zu kostbar, als dass sein Geist nicht in die Welt entweichen sollte. Vodka ist f\u00fcr uns die M\u00f6glichkeit, dem Spirit des Waldviertels keine Grenzen zu setzen. n\u00f8rderd ist eine Ber\u00fchrung mit dem Waldviertel, weltoffen und authentisch. In n\u00f8rderd steckt nichts anderes, als der Spirit des Waldviertels.<\/p>\n<p>\/\/Regional, pur und biologisch \u2013 das sind die Ma\u00dfst\u00e4be, denen sich n\u00f8rderd seit mittlerweile 11 Jahren verschrieben hat. Mit Produkten h\u00f6chster biologischer Qualit\u00e4t &#8211; direkt aus eigenem Anbau.\/\/<\/p>\n\n    <\/section>","protected":false},"excerpt":{"rendered":"","protected":false},"author":1,"featured_media":0,"parent":0,"menu_order":0,"comment_status":"closed","ping_status":"closed","template":"","meta":{"_acf_changed":false,"footnotes":""},"class_list":["post-3","page","type-page","status-publish","hentry"],"acf":[],"_links":{"self":[{"href":"https:\/\/www.regionalis.shop\/norderd-pure-organic-vodka\/wp-json\/wp\/v2\/pages\/3","targetHints":{"allow":["GET"]}}],"collection":[{"href":"https:\/\/www.regionalis.shop\/norderd-pure-organic-vodka\/wp-json\/wp\/v2\/pages"}],"about":[{"href":"https:\/\/www.regionalis.shop\/norderd-pure-organic-vodka\/wp-json\/wp\/v2\/types\/page"}],"author":[{"embeddable":true,"href":"https:\/\/www.regionalis.shop\/norderd-pure-organic-vodka\/wp-json\/wp\/v2\/users\/1"}],"replies":[{"embeddable":true,"href":"https:\/\/www.regionalis.shop\/norderd-pure-organic-vodka\/wp-json\/wp\/v2\/comments?post=3"}],"version-history":[{"count":4,"href":"https:\/\/www.regionalis.shop\/norderd-pure-organic-vodka\/wp-json\/wp\/v2\/pages\/3\/revisions"}],"predecessor-version":[{"id":1047,"href":"https:\/\/www.regionalis.shop\/norderd-pure-organic-vodka\/wp-json\/wp\/v2\/pages\/3\/revisions\/1047"}],"wp:attachment":[{"href":"https:\/\/www.regionalis.shop\/norderd-pure-organic-vodka\/wp-json\/wp\/v2\/media?parent=3"}],"curies":[{"name":"wp","href":"https:\/\/api.w.org\/{rel}","templated":true}]}}