{"id":862,"date":"2025-05-24T13:44:06","date_gmt":"2025-05-24T11:44:06","guid":{"rendered":"https:\/\/starter.stage.shop-it.at\/?page_id=862"},"modified":"2025-10-23T15:21:37","modified_gmt":"2025-10-23T13:21:37","slug":"startseite","status":"publish","type":"page","link":"https:\/\/www.regionalis.shop\/norderd-pure-organic-vodka\/","title":{"rendered":"Startseite"},"content":{"rendered":"<section>\n        <div class=\"header-image\">\n            <img decoding=\"async\" src=\"https:\/\/www.regionalis.shop\/app\/uploads\/sites\/449\/92_2020_05_03_10_02_59_939263708.png\" alt=\"\">\n        <\/div>\n    \n    <\/section>\n    <section>\n    <div class=\"header-title\">\n        <h1 class=\"h2\">Willkommen bei n\u00f8rderd Pure Organic Vodka<\/h1>\n    <\/div>\n            <h2 class=\"h3\">Handgemacht in Waidhofen an der Thaya<\/h2>\n                <p>&#8211;100 % Biod Vodka &#8211; direkt aus dem Waldviertel&#8211;<\/p>\n<p>Ganz einfach und fast banal: Das Waldviertel schmeckt und riecht zauberhaft! Und zu diesem Zauber m\u00f6chten wir die Welt einladen. M\u00f6glichst die Ganze! Deshalb f\u00fcllen wir den Spirit des Waldviertels in Flaschen. Die Erd\u00e4pfel, den Roggen, die \u00c4pfel \u2013 den Boden, den Himmel, die Vielfalt der Natur und das Farbenspiel der Jahreszeiten. Die Sonne, die Wolken, die Nacht \u2013 den Regen, Tau und Raureif. Das Waldviertel ist einfach viel zu kostbar, als dass sein Geist nicht in die Welt entweichen sollte. Vodka ist f\u00fcr uns die M\u00f6glichkeit, dem Spirit des Waldviertels keine Grenzen zu setzen. n\u00f8rderd ist eine Ber\u00fchrung mit dem Waldviertel, weltoffen und authentisch. In n\u00f8rderd steckt nichts anderes, als der Spirit des Waldviertels.<\/p>\n<p>\/\/Regional, pur und biologisch \u2013 das sind die Ma\u00dfst\u00e4be, denen sich n\u00f8rderd seit mittlerweile 11 Jahren verschrieben hat. Mit Produkten h\u00f6chster biologischer Qualit\u00e4t &#8211; direkt aus eigenem Anbau.\/\/<\/p>\n\n    \n    <h3>Produkte<\/h3>\n\n    <div class=\"woocommerce columns-3 \"><ul class=\"products columns-3\">\n<li class=\"product type-product post-1054 status-publish first instock product_cat-schmankerl-kulinarik product_cat-spirituosen-schnapserl has-post-thumbnail purchasable product-type-simple\">\n\t<a href=\"https:\/\/www.regionalis.shop\/norderd-pure-organic-vodka\/shop\/norderd-pure-organic-vodka-geschenksbox\/\" class=\"woocommerce-LoopProduct-link woocommerce-loop-product__link\"><div class=\"wc-block-grid__product-image\"><img loading=\"lazy\" decoding=\"async\" width=\"420\" height=\"420\" src=\"https:\/\/www.regionalis.shop\/app\/uploads\/sites\/449\/92_2018_11_03_11_07_54_541439694.png\" class=\"attachment-large size-large\" alt=\"n\u00f8rderd Pure Organic Vodka Geschenksbox\" srcset=\"https:\/\/www.regionalis.shop\/app\/uploads\/sites\/449\/92_2018_11_03_11_07_54_541439694.png 420w, https:\/\/www.regionalis.shop\/app\/uploads\/sites\/449\/92_2018_11_03_11_07_54_541439694-300x300.png 300w, https:\/\/www.regionalis.shop\/app\/uploads\/sites\/449\/92_2018_11_03_11_07_54_541439694-150x150.png 150w, https:\/\/www.regionalis.shop\/app\/uploads\/sites\/449\/92_2018_11_03_11_07_54_541439694-100x100.png 100w\" sizes=\"auto, (max-width: 420px) 100vw, 420px\" \/><\/div><h2 class=\"woocommerce-loop-product__title\">n\u00f8rderd Pure Organic Vodka Geschenksbox<\/h2>\n\t<span class=\"price\"><span class=\"woocommerce-Price-amount amount\"><bdi>25,00&nbsp;<span class=\"woocommerce-Price-currencySymbol\">&euro;<\/span><\/bdi><\/span><\/span>\n<\/a><\/li>\n<li class=\"product type-product post-1068 status-publish instock product_cat-schmankerl-kulinarik product_cat-spirituosen-schnapserl has-post-thumbnail purchasable product-type-simple\">\n\t<a href=\"https:\/\/www.regionalis.shop\/norderd-pure-organic-vodka\/shop\/norderd-pure-apple-vodka-004l\/\" class=\"woocommerce-LoopProduct-link woocommerce-loop-product__link\"><div class=\"wc-block-grid__product-image\"><img loading=\"lazy\" decoding=\"async\" width=\"420\" height=\"420\" src=\"https:\/\/www.regionalis.shop\/app\/uploads\/sites\/449\/92_2018_01_23_19_29_48_205685382.jpg\" class=\"attachment-large size-large\" alt=\"n\u00f8rderd Pure Apple Vodka 0,04l\" srcset=\"https:\/\/www.regionalis.shop\/app\/uploads\/sites\/449\/92_2018_01_23_19_29_48_205685382.jpg 420w, https:\/\/www.regionalis.shop\/app\/uploads\/sites\/449\/92_2018_01_23_19_29_48_205685382-300x300.jpg 300w, https:\/\/www.regionalis.shop\/app\/uploads\/sites\/449\/92_2018_01_23_19_29_48_205685382-150x150.jpg 150w, https:\/\/www.regionalis.shop\/app\/uploads\/sites\/449\/92_2018_01_23_19_29_48_205685382-100x100.jpg 100w\" sizes=\"auto, (max-width: 420px) 100vw, 420px\" \/><\/div><h2 class=\"woocommerce-loop-product__title\">n\u00f8rderd Pure Apple Vodka 0,04l<\/h2>\n\t<span class=\"price\"><span class=\"woocommerce-Price-amount amount\"><bdi>5,28&nbsp;<span class=\"woocommerce-Price-currencySymbol\">&euro;<\/span><\/bdi><\/span><\/span>\n<\/a><\/li>\n<li class=\"product type-product post-1066 status-publish last instock product_cat-schmankerl-kulinarik product_cat-spirituosen-schnapserl has-post-thumbnail purchasable product-type-simple\">\n\t<a href=\"https:\/\/www.regionalis.shop\/norderd-pure-organic-vodka\/shop\/norderd-pure-apple-vodka-05l\/\" class=\"woocommerce-LoopProduct-link woocommerce-loop-product__link\"><div class=\"wc-block-grid__product-image\"><img loading=\"lazy\" decoding=\"async\" width=\"420\" height=\"420\" src=\"https:\/\/www.regionalis.shop\/app\/uploads\/sites\/449\/92_2018_01_23_19_31_05_118638398.png\" class=\"attachment-large size-large\" alt=\"n\u00f8rderd Pure Apple Vodka 0,5l\" srcset=\"https:\/\/www.regionalis.shop\/app\/uploads\/sites\/449\/92_2018_01_23_19_31_05_118638398.png 420w, https:\/\/www.regionalis.shop\/app\/uploads\/sites\/449\/92_2018_01_23_19_31_05_118638398-300x300.png 300w, https:\/\/www.regionalis.shop\/app\/uploads\/sites\/449\/92_2018_01_23_19_31_05_118638398-150x150.png 150w, https:\/\/www.regionalis.shop\/app\/uploads\/sites\/449\/92_2018_01_23_19_31_05_118638398-100x100.png 100w\" sizes=\"auto, (max-width: 420px) 100vw, 420px\" \/><\/div><h2 class=\"woocommerce-loop-product__title\">n\u00f8rderd Pure Apple Vodka 0,5l<\/h2>\n\t<span class=\"price\"><span class=\"woocommerce-Price-amount amount\"><bdi>43,90&nbsp;<span class=\"woocommerce-Price-currencySymbol\">&euro;<\/span><\/bdi><\/span><\/span>\n<\/a><\/li>\n<\/ul>\n<\/div>\n    <p>\n        <a href=\"https:\/\/www.regionalis.shop\/norderd-pure-organic-vodka\/shop\/\" class=\"btn btn-primary btn-icon-right\">\n            Alle Produkte <i class=\"bi bi-arrow-right-short\"><\/i>\n        <\/a>\n    <\/p>\n<\/section>\n\n<div data-block-name=\"woocommerce\/store-notices\" class=\"wc-block-store-notices woocommerce alignwide alignwide wp-block-woocommerce-store-notices\"><div class=\"woocommerce-notices-wrapper\"><\/div><\/div>","protected":false},"excerpt":{"rendered":"","protected":false},"author":1,"featured_media":0,"parent":0,"menu_order":0,"comment_status":"closed","ping_status":"closed","template":"template-home.blade.php","meta":{"_acf_changed":false,"footnotes":""},"class_list":["post-862","page","type-page","status-publish","hentry"],"acf":[],"_links":{"self":[{"href":"https:\/\/www.regionalis.shop\/norderd-pure-organic-vodka\/wp-json\/wp\/v2\/pages\/862","targetHints":{"allow":["GET"]}}],"collection":[{"href":"https:\/\/www.regionalis.shop\/norderd-pure-organic-vodka\/wp-json\/wp\/v2\/pages"}],"about":[{"href":"https:\/\/www.regionalis.shop\/norderd-pure-organic-vodka\/wp-json\/wp\/v2\/types\/page"}],"author":[{"embeddable":true,"href":"https:\/\/www.regionalis.shop\/norderd-pure-organic-vodka\/wp-json\/wp\/v2\/users\/1"}],"replies":[{"embeddable":true,"href":"https:\/\/www.regionalis.shop\/norderd-pure-organic-vodka\/wp-json\/wp\/v2\/comments?post=862"}],"version-history":[{"count":28,"href":"https:\/\/www.regionalis.shop\/norderd-pure-organic-vodka\/wp-json\/wp\/v2\/pages\/862\/revisions"}],"predecessor-version":[{"id":1041,"href":"https:\/\/www.regionalis.shop\/norderd-pure-organic-vodka\/wp-json\/wp\/v2\/pages\/862\/revisions\/1041"}],"wp:attachment":[{"href":"https:\/\/www.regionalis.shop\/norderd-pure-organic-vodka\/wp-json\/wp\/v2\/media?parent=862"}],"curies":[{"name":"wp","href":"https:\/\/api.w.org\/{rel}","templated":true}]}}