{"id":1054,"date":"2025-04-28T03:39:13","date_gmt":"2025-04-28T01:39:13","guid":{"rendered":"https:\/\/www.regionalis.shop\/norderd-pure-organic-vodka\/product\/norderd-pure-organic-vodka-geschenksbox\/"},"modified":"2025-04-28T03:39:13","modified_gmt":"2025-04-28T01:39:13","slug":"norderd-pure-organic-vodka-geschenksbox","status":"publish","type":"product","link":"https:\/\/www.regionalis.shop\/norderd-pure-organic-vodka\/shop\/norderd-pure-organic-vodka-geschenksbox\/","title":{"rendered":"n\u00f8rderd Pure Organic Vodka Geschenksbox"},"content":{"rendered":"<p>Ganz einfach und fast banal: Das Waldviertel schmeckt und riecht zauberhaft. Und zu diesem Zauber m\u00f6chten wir die Welt einladen. M\u00f6glichst die Ganze.<\/p>\n<p>n\u00f8rderd Pure Organic Vodka ist eine Begegnung mit dem Waldviertel. 100 % Bio-Vodka, in der Box vereinen sich je 2 4cl-Fl\u00e4schchen n\u00f8rderd Pure Potato Vodka, n\u00f8rderd Single Malt Vodka und n\u00f8rderd Pure Apple Vodka zu einem wunderbaren Geschmackserlebnis.<\/p>\n","protected":false},"excerpt":{"rendered":"<p>Ganz einfach und fast banal: Das Waldviertel schmeckt und riecht zauberhaft. Und zu diesem Zauber m\u00f6chten wir die Welt einladen. M\u00f6glichst die Ganze. n\u00f8rderd Pure Organic Vodka ist eine Begegnung mit dem Waldviertel. 100 % Bio-Vodka, in der Box vereinen sich je 2 4cl-Fl\u00e4schchen n\u00f8rderd Pure Potato Vodka, n\u00f8rderd Single Malt Vodka und n\u00f8rderd Pure &hellip; <a href=\"https:\/\/www.regionalis.shop\/norderd-pure-organic-vodka\/shop\/norderd-pure-organic-vodka-geschenksbox\/\">Continued<\/a><\/p>\n","protected":false},"featured_media":1055,"template":"","meta":{"_acf_changed":false},"product_brand":[],"product_cat":[69,89],"product_tag":[],"class_list":{"0":"post-1054","1":"product","2":"type-product","3":"status-publish","4":"has-post-thumbnail","6":"product_cat-schmankerl-kulinarik","7":"product_cat-spirituosen-schnapserl","9":"first","10":"instock","11":"purchasable","12":"product-type-simple"},"acf":[],"_links":{"self":[{"href":"https:\/\/www.regionalis.shop\/norderd-pure-organic-vodka\/wp-json\/wp\/v2\/product\/1054","targetHints":{"allow":["GET"]}}],"collection":[{"href":"https:\/\/www.regionalis.shop\/norderd-pure-organic-vodka\/wp-json\/wp\/v2\/product"}],"about":[{"href":"https:\/\/www.regionalis.shop\/norderd-pure-organic-vodka\/wp-json\/wp\/v2\/types\/product"}],"wp:featuredmedia":[{"embeddable":true,"href":"https:\/\/www.regionalis.shop\/norderd-pure-organic-vodka\/wp-json\/wp\/v2\/media\/1055"}],"wp:attachment":[{"href":"https:\/\/www.regionalis.shop\/norderd-pure-organic-vodka\/wp-json\/wp\/v2\/media?parent=1054"}],"wp:term":[{"taxonomy":"product_brand","embeddable":true,"href":"https:\/\/www.regionalis.shop\/norderd-pure-organic-vodka\/wp-json\/wp\/v2\/product_brand?post=1054"},{"taxonomy":"product_cat","embeddable":true,"href":"https:\/\/www.regionalis.shop\/norderd-pure-organic-vodka\/wp-json\/wp\/v2\/product_cat?post=1054"},{"taxonomy":"product_tag","embeddable":true,"href":"https:\/\/www.regionalis.shop\/norderd-pure-organic-vodka\/wp-json\/wp\/v2\/product_tag?post=1054"}],"curies":[{"name":"wp","href":"https:\/\/api.w.org\/{rel}","templated":true}]}}