{"id":1056,"date":"2025-04-28T03:27:08","date_gmt":"2025-04-28T01:27:08","guid":{"rendered":"https:\/\/www.regionalis.shop\/norderd-pure-organic-vodka\/product\/norderd-pure-potato-vodka-05l\/"},"modified":"2025-04-28T03:27:08","modified_gmt":"2025-04-28T01:27:08","slug":"norderd-pure-potato-vodka-05l","status":"publish","type":"product","link":"https:\/\/www.regionalis.shop\/norderd-pure-organic-vodka\/shop\/norderd-pure-potato-vodka-05l\/","title":{"rendered":"n\u00f8rderd Pure Potato Vodka 0,5l"},"content":{"rendered":"<p>n\u00f8rderd Pure Potato Vodka.<br \/>\nMit der wahren Kraft der Erde: Kartoffeln 100 % bilogisch angebaut. So rein und pur, wie Vodka sein muss.<\/p>\n<p>Auch das ist das Waldviertel: In der Bl\u00fctenpracht des Lichts liegt der Trug des Ungenie\u00dfbaren. Und erst in der Tiefe wird die Sch\u00f6nheit des Scheins zum menschlichen Genuss. Alles ist relativ \u2013 ja, oft muss nach dem Sinn und Geschmack gegraben werden. Tief bis zu den Knollen: den Erd\u00e4pfeln. Was w\u00e4re das Waldviertel ohne die Erd\u00e4pfel? Kann man sich Physik ohne Albert Einstein vorstellen? Nein, gewiss nicht!<\/p>\n<p>Genauso wenig k\u00f6nnen wir uns den Spirit des Waldviertels ohne NORDERD PURE POTATO VODKA vorstellen. Frisch geerntete, handverlesene Bio Erd\u00e4pfel holen wir daf\u00fcr aus der Erde, waschen und vermusen sie zu feinem Brei. GVO-freie Hefekulturen leiten danach die G\u00e4rung ein \u2013 72 Stunden, in denen sich der Spirit der Waldviertler Bio Erd\u00e4pfel v\u00f6llig ungez\u00fcgelt und frei entfaltet. Sodann wird dieser vielfach destilliert, feingebrannt, gefiltert und mit Wasser verd\u00fcnnt. Ein Geist aus der erdigen Dunkelheit des Waldviertels \u2013 ein Spirit, der oberfl\u00e4chliche Trugbilder geschmackvoll \u00fcberstrahlt.<\/p>\n","protected":false},"excerpt":{"rendered":"<p>n\u00f8rderd Pure Potato Vodka. Mit der wahren Kraft der Erde: Kartoffeln 100 % bilogisch angebaut. So rein und pur, wie Vodka sein muss. Auch das ist das Waldviertel: In der Bl\u00fctenpracht des Lichts liegt der Trug des Ungenie\u00dfbaren. Und erst in der Tiefe wird die Sch\u00f6nheit des Scheins zum menschlichen Genuss. Alles ist relativ \u2013 &hellip; <a href=\"https:\/\/www.regionalis.shop\/norderd-pure-organic-vodka\/shop\/norderd-pure-potato-vodka-05l\/\">Continued<\/a><\/p>\n","protected":false},"featured_media":1057,"template":"","meta":{"_acf_changed":false},"product_brand":[],"product_cat":[69,89],"product_tag":[],"class_list":{"0":"post-1056","1":"product","2":"type-product","3":"status-publish","4":"has-post-thumbnail","6":"product_cat-schmankerl-kulinarik","7":"product_cat-spirituosen-schnapserl","9":"first","10":"instock","11":"purchasable","12":"product-type-simple"},"acf":[],"_links":{"self":[{"href":"https:\/\/www.regionalis.shop\/norderd-pure-organic-vodka\/wp-json\/wp\/v2\/product\/1056","targetHints":{"allow":["GET"]}}],"collection":[{"href":"https:\/\/www.regionalis.shop\/norderd-pure-organic-vodka\/wp-json\/wp\/v2\/product"}],"about":[{"href":"https:\/\/www.regionalis.shop\/norderd-pure-organic-vodka\/wp-json\/wp\/v2\/types\/product"}],"wp:featuredmedia":[{"embeddable":true,"href":"https:\/\/www.regionalis.shop\/norderd-pure-organic-vodka\/wp-json\/wp\/v2\/media\/1057"}],"wp:attachment":[{"href":"https:\/\/www.regionalis.shop\/norderd-pure-organic-vodka\/wp-json\/wp\/v2\/media?parent=1056"}],"wp:term":[{"taxonomy":"product_brand","embeddable":true,"href":"https:\/\/www.regionalis.shop\/norderd-pure-organic-vodka\/wp-json\/wp\/v2\/product_brand?post=1056"},{"taxonomy":"product_cat","embeddable":true,"href":"https:\/\/www.regionalis.shop\/norderd-pure-organic-vodka\/wp-json\/wp\/v2\/product_cat?post=1056"},{"taxonomy":"product_tag","embeddable":true,"href":"https:\/\/www.regionalis.shop\/norderd-pure-organic-vodka\/wp-json\/wp\/v2\/product_tag?post=1056"}],"curies":[{"name":"wp","href":"https:\/\/api.w.org\/{rel}","templated":true}]}}