{"id":1060,"date":"2025-04-28T03:27:08","date_gmt":"2025-04-28T01:27:08","guid":{"rendered":"https:\/\/www.regionalis.shop\/norderd-pure-organic-vodka\/product\/norderd-single-malt-vodka-07l\/"},"modified":"2025-04-28T03:27:08","modified_gmt":"2025-04-28T01:27:08","slug":"norderd-single-malt-vodka-07l","status":"publish","type":"product","link":"https:\/\/www.regionalis.shop\/norderd-pure-organic-vodka\/shop\/norderd-single-malt-vodka-07l\/","title":{"rendered":"n\u00f8rderd Single Malt Vodka 0,7l"},"content":{"rendered":"<p>n\u00f8rderd Single Malt Vodka<br \/>\nMit dem zart-s\u00fcsslichen Getreidearoma gem\u00e4lztem Bio Roggens. Aufmerksam gefiltert, wie Vodka sein muss.<\/p>\n<p>Schlank und hoch gewachsen, tief im Boden und der Geschichte verwurzelt \u2013 der Roggen ist das kraftvolle und gleichsam unaufdringliche Sinnbild des Waldviertels. Das Schwarzbrot der Region \u2013 der Spirit f\u00fcr unseren \u201eNorderd Single Malt Vodka\u201c. Ein Spirit, dem wir beim M\u00e4lzen seine ganze Geschmacksbreite entlocken, sein aromatisches Kunstwerk. Hiernach wird er vermaischt und mit GVO-freier Hefe versetzt. Solcherma\u00dfen \u00fcberlassen wir den Bio Roggen einer 72-st\u00fcndigen G\u00e4rung. Nat\u00fcrlich \u201eungez\u00fcgelt\u201c, denn nur so kann sich der Geist des Waldviertels entfalten. Bio Roggen und Hefekulturen, sonst nichts!<\/p>\n<p>Ungez\u00fcgeltes Leben mit dem  Geruch von frischem Brot. Dem Brot des Waldviertels, dem Spirit der Roggenfelder, der nun feingebrannt, gefiltert und mit Wasser auf 40 Volumsprozent Alkohol verd\u00fcnnt wird. Sechs Wochen braucht es von da an, bis sich Alkohol &#038; Wasser verm\u00e4hlen, ihren gemeinsamen Spirit entfalten \u2013 und eins f\u00fcr den \u201eNorderd Single Malt Vodka\u201c werden. Das Waldviertler Roggenfeld in der Flasche, eine Ber\u00fchrung mit unserer Region.<\/p>\n","protected":false},"excerpt":{"rendered":"<p>n\u00f8rderd Single Malt Vodka Mit dem zart-s\u00fcsslichen Getreidearoma gem\u00e4lztem Bio Roggens. Aufmerksam gefiltert, wie Vodka sein muss. Schlank und hoch gewachsen, tief im Boden und der Geschichte verwurzelt \u2013 der Roggen ist das kraftvolle und gleichsam unaufdringliche Sinnbild des Waldviertels. Das Schwarzbrot der Region \u2013 der Spirit f\u00fcr unseren \u201eNorderd Single Malt Vodka\u201c. Ein Spirit, &hellip; <a href=\"https:\/\/www.regionalis.shop\/norderd-pure-organic-vodka\/shop\/norderd-single-malt-vodka-07l\/\">Continued<\/a><\/p>\n","protected":false},"featured_media":1061,"template":"","meta":{"_acf_changed":false},"product_brand":[],"product_cat":[69,89],"product_tag":[],"class_list":{"0":"post-1060","1":"product","2":"type-product","3":"status-publish","4":"has-post-thumbnail","6":"product_cat-schmankerl-kulinarik","7":"product_cat-spirituosen-schnapserl","9":"first","10":"instock","11":"purchasable","12":"product-type-simple"},"acf":[],"_links":{"self":[{"href":"https:\/\/www.regionalis.shop\/norderd-pure-organic-vodka\/wp-json\/wp\/v2\/product\/1060","targetHints":{"allow":["GET"]}}],"collection":[{"href":"https:\/\/www.regionalis.shop\/norderd-pure-organic-vodka\/wp-json\/wp\/v2\/product"}],"about":[{"href":"https:\/\/www.regionalis.shop\/norderd-pure-organic-vodka\/wp-json\/wp\/v2\/types\/product"}],"wp:featuredmedia":[{"embeddable":true,"href":"https:\/\/www.regionalis.shop\/norderd-pure-organic-vodka\/wp-json\/wp\/v2\/media\/1061"}],"wp:attachment":[{"href":"https:\/\/www.regionalis.shop\/norderd-pure-organic-vodka\/wp-json\/wp\/v2\/media?parent=1060"}],"wp:term":[{"taxonomy":"product_brand","embeddable":true,"href":"https:\/\/www.regionalis.shop\/norderd-pure-organic-vodka\/wp-json\/wp\/v2\/product_brand?post=1060"},{"taxonomy":"product_cat","embeddable":true,"href":"https:\/\/www.regionalis.shop\/norderd-pure-organic-vodka\/wp-json\/wp\/v2\/product_cat?post=1060"},{"taxonomy":"product_tag","embeddable":true,"href":"https:\/\/www.regionalis.shop\/norderd-pure-organic-vodka\/wp-json\/wp\/v2\/product_tag?post=1060"}],"curies":[{"name":"wp","href":"https:\/\/api.w.org\/{rel}","templated":true}]}}