{"id":1052,"date":"2025-04-18T02:31:15","date_gmt":"2025-04-18T00:31:15","guid":{"rendered":"https:\/\/www.regionalis.shop\/paoli-natural\/product\/sojawachskerze-aetherisches-oel-kokosnuss\/"},"modified":"2025-04-18T02:31:15","modified_gmt":"2025-04-18T00:31:15","slug":"sojawachskerze-aetherisches-oel-kokosnuss","status":"publish","type":"product","link":"https:\/\/www.regionalis.shop\/paoli-natural\/shop\/sojawachskerze-aetherisches-oel-kokosnuss\/","title":{"rendered":"Sojawachskerze, \u00e4therisches \u00d6l: Kokosnuss"},"content":{"rendered":"<p>Jede einzelne Kerze wird von uns in Wien von Hand gegossen und dekoriert. Diese nach Kokosnuss duftenden Kerzen wurden speziell f\u00fcr diejenigen hergestellt, die den Sommer genauso vermissen wie wir. Mit Muscheln dekoriert erf\u00fcllen diese Kerzen perfekt ihre Aufgabe als s\u00fc\u00dfe Wohnkultur.<br \/>\nAchten Sie auch auf unsere mit Aquarellen handbemalten Etiketten, die alle unser Kerzen einzigartig und sch\u00f6n machen.<\/p>\n<p>Unsere 165g Kerzen haben eine Brenndauer von ca. ~ 40 Stunden. Jede Kerze besteht zu 100% aus Sojawachs, nat\u00fcrlichen \u00e4therischen \u00d6len und Holzdochten. Unsere Sojakerzen brennen sauber und hinterlassen keine schwarzen R\u00fcckst\u00e4nde, solange die Dochte richtig geschnitten sind.<\/p>\n<p>Wir empfehlen, den Docht der Kerze vor jedem Gebrauch zu kurz zu schneiden.<br \/>\nLassen Sie das Wachs schmelzen und bis zu den Au\u00dfenkanten des Beh\u00e4lters sammeln, oder lassen Sie die Kerze 2-4 Stunden lang angez\u00fcndet, um ein Tunneln zu vermeiden<\/p>\n<p>Bei der Herstellung unserer Kerzen achten wir immer auf die kleinsten Details, um sicherzustellen, dass jede Kerze die beste Qualit\u00e4t hat und auf ihre Weise perfekt ist.<br \/>\nAber Sojawachs ist ein nat\u00fcrliches Wachs, das sich zusammenziehen und ausdehnen kann, wenn sich die Temperatur \u00e4ndert<br \/>\nKleine Unebenheiten, Zuckerguss oder leichte Risse sind nicht auszuschlie\u00dfen.<\/p>\n<p>Wir stellen au\u00dferdem sicher, dass unsere Verpackungen zu 100% recycelbar und umweltfreundlich sind.<br \/>\nBitte z\u00f6gern Sie nicht, uns eine SMS zu schreiben, wenn Sie spezielle W\u00fcnsche oder Fragen haben \ud83d\ude42<\/p>\n","protected":false},"excerpt":{"rendered":"<p>Jede einzelne Kerze wird von uns in Wien von Hand gegossen und dekoriert. Diese nach Kokosnuss duftenden Kerzen wurden speziell f\u00fcr diejenigen hergestellt, die den Sommer genauso vermissen wie wir. Mit Muscheln dekoriert erf\u00fcllen diese Kerzen perfekt ihre Aufgabe als s\u00fc\u00dfe Wohnkultur. Achten Sie auch auf unsere mit Aquarellen handbemalten Etiketten, die alle unser Kerzen &hellip; <a href=\"https:\/\/www.regionalis.shop\/paoli-natural\/shop\/sojawachskerze-aetherisches-oel-kokosnuss\/\">Continued<\/a><\/p>\n","protected":false},"featured_media":1053,"template":"","meta":{"_acf_changed":false},"product_brand":[],"product_cat":[174,103],"product_tag":[],"class_list":{"0":"post-1052","1":"product","2":"type-product","3":"status-publish","4":"has-post-thumbnail","6":"product_cat-wohndekoration","7":"product_cat-wohnen-deko","9":"first","10":"instock","11":"purchasable","12":"product-type-simple"},"acf":[],"_links":{"self":[{"href":"https:\/\/www.regionalis.shop\/paoli-natural\/wp-json\/wp\/v2\/product\/1052","targetHints":{"allow":["GET"]}}],"collection":[{"href":"https:\/\/www.regionalis.shop\/paoli-natural\/wp-json\/wp\/v2\/product"}],"about":[{"href":"https:\/\/www.regionalis.shop\/paoli-natural\/wp-json\/wp\/v2\/types\/product"}],"wp:featuredmedia":[{"embeddable":true,"href":"https:\/\/www.regionalis.shop\/paoli-natural\/wp-json\/wp\/v2\/media\/1053"}],"wp:attachment":[{"href":"https:\/\/www.regionalis.shop\/paoli-natural\/wp-json\/wp\/v2\/media?parent=1052"}],"wp:term":[{"taxonomy":"product_brand","embeddable":true,"href":"https:\/\/www.regionalis.shop\/paoli-natural\/wp-json\/wp\/v2\/product_brand?post=1052"},{"taxonomy":"product_cat","embeddable":true,"href":"https:\/\/www.regionalis.shop\/paoli-natural\/wp-json\/wp\/v2\/product_cat?post=1052"},{"taxonomy":"product_tag","embeddable":true,"href":"https:\/\/www.regionalis.shop\/paoli-natural\/wp-json\/wp\/v2\/product_tag?post=1052"}],"curies":[{"name":"wp","href":"https:\/\/api.w.org\/{rel}","templated":true}]}}