{"id":1062,"date":"2025-04-18T02:20:45","date_gmt":"2025-04-18T00:20:45","guid":{"rendered":"https:\/\/www.regionalis.shop\/paoli-natural\/product\/sojakerze-aetherische-oele-lavendel-rosmarin-handgemacht-hausdekoration\/"},"modified":"2025-04-18T02:20:45","modified_gmt":"2025-04-18T00:20:45","slug":"sojakerze-aetherische-oele-lavendel-rosmarin-handgemacht-hausdekoration","status":"publish","type":"product","link":"https:\/\/www.regionalis.shop\/paoli-natural\/shop\/sojakerze-aetherische-oele-lavendel-rosmarin-handgemacht-hausdekoration\/","title":{"rendered":"Sojakerze, \u00c4therische \u00d6le: LAVENDEL &#038; ROSMARIN, handgemacht, Hausdekoration"},"content":{"rendered":"<p>Jede einzelne Kerze wird von uns in Wien von Hand gegossen und dekoriert. Diese Kerzen mit Lavendel und Rosmarin-Duft sind gro\u00dfartig als ein Geschenk oder f\u00fcr sich selber. Dekoriert mit getrockneten Lavendel und Rosmarin erf\u00fcllen unsere Kerzen perfekt ihre Aufgabe als s\u00fc\u00dfe Wohndekoration.<br \/>\nAchte auch auf unsere mit Aquarellen handbemalten Etiketten, die unsere Kerzen alle einzigartig und sch\u00f6n machen.<\/p>\n<p>Unsere 165g Kerzen haben eine Brenndauer von ca. ~ 40 Stunden. Jede Kerze besteht aus 100% Sojawachs, nat\u00fcrlichen \u00e4therischen \u00d6len und Holzdochten. Unsere Sojakerzen brennen sauber und hinterlassen keine schwarzen R\u00fcckst\u00e4nde, solange die Dochte richtig geschnitten werden.<\/p>\n<p>Wir empfehlen, den Kerzendocht vor jedem Gebrauch kurz zu schneiden.<br \/>\nLass au\u00dferdem das Wachs schmelzen und sich bis zu den Au\u00dfenkanten des Beh\u00e4lters zu sammeln, oder lass die Kerze 2-4 Stunden lang angez\u00fcndet, um ein Tunneln zu vermeiden.<\/p>\n<p>Bei der Herstellung unserer Kerzen achten wir immer auf die kleinsten Details, um sicherzustellen, dass jede Kerze die beste Qualit\u00e4t hat und auf ihre Weise perfekt ist.<br \/>\nAber Sojawachs ist ein nat\u00fcrliches Wachs, das sich zusammenziehen und ausdehnen kann, wenn sich die Temperatur \u00e4ndert<br \/>\nKleine Unebenheiten, Verf\u00e4rbungen oder leichte Risse k\u00f6nnen nicht ausgeschlossen werden.<\/p>\n<p>Wir stellen au\u00dferdem sicher, dass unsere Verpackungen zu 100% recycelbar und umweltfreundlich sind.<\/p>\n<p>Bitte z\u00f6gern Sie nicht, uns zu schreiben, wenn Sie spezielle W\u00fcnsche oder Fragen haben.<\/p>\n","protected":false},"excerpt":{"rendered":"<p>Jede einzelne Kerze wird von uns in Wien von Hand gegossen und dekoriert. Diese Kerzen mit Lavendel und Rosmarin-Duft sind gro\u00dfartig als ein Geschenk oder f\u00fcr sich selber. Dekoriert mit getrockneten Lavendel und Rosmarin erf\u00fcllen unsere Kerzen perfekt ihre Aufgabe als s\u00fc\u00dfe Wohndekoration. Achte auch auf unsere mit Aquarellen handbemalten Etiketten, die unsere Kerzen alle &hellip; <a href=\"https:\/\/www.regionalis.shop\/paoli-natural\/shop\/sojakerze-aetherische-oele-lavendel-rosmarin-handgemacht-hausdekoration\/\">Continued<\/a><\/p>\n","protected":false},"featured_media":1063,"template":"","meta":{"_acf_changed":false},"product_brand":[],"product_cat":[151,103],"product_tag":[],"class_list":{"0":"post-1062","1":"product","2":"type-product","3":"status-publish","4":"has-post-thumbnail","6":"product_cat-kerzen-kerzenstaender","7":"product_cat-wohnen-deko","9":"first","10":"instock","11":"purchasable","12":"product-type-simple"},"acf":[],"_links":{"self":[{"href":"https:\/\/www.regionalis.shop\/paoli-natural\/wp-json\/wp\/v2\/product\/1062","targetHints":{"allow":["GET"]}}],"collection":[{"href":"https:\/\/www.regionalis.shop\/paoli-natural\/wp-json\/wp\/v2\/product"}],"about":[{"href":"https:\/\/www.regionalis.shop\/paoli-natural\/wp-json\/wp\/v2\/types\/product"}],"wp:featuredmedia":[{"embeddable":true,"href":"https:\/\/www.regionalis.shop\/paoli-natural\/wp-json\/wp\/v2\/media\/1063"}],"wp:attachment":[{"href":"https:\/\/www.regionalis.shop\/paoli-natural\/wp-json\/wp\/v2\/media?parent=1062"}],"wp:term":[{"taxonomy":"product_brand","embeddable":true,"href":"https:\/\/www.regionalis.shop\/paoli-natural\/wp-json\/wp\/v2\/product_brand?post=1062"},{"taxonomy":"product_cat","embeddable":true,"href":"https:\/\/www.regionalis.shop\/paoli-natural\/wp-json\/wp\/v2\/product_cat?post=1062"},{"taxonomy":"product_tag","embeddable":true,"href":"https:\/\/www.regionalis.shop\/paoli-natural\/wp-json\/wp\/v2\/product_tag?post=1062"}],"curies":[{"name":"wp","href":"https:\/\/api.w.org\/{rel}","templated":true}]}}