{"id":1042,"date":"2025-10-23T16:14:07","date_gmt":"2025-10-23T14:14:07","guid":{"rendered":"https:\/\/www.regionalis.shop\/papiermanufaktur\/?page_id=1042"},"modified":"2025-10-23T16:16:34","modified_gmt":"2025-10-23T14:16:34","slug":"impressum","status":"publish","type":"page","link":"https:\/\/www.regionalis.shop\/papiermanufaktur\/impressum\/","title":{"rendered":"Impressum"},"content":{"rendered":"<section>\n            <p>Papier in seiner sch\u00f6nsten Form<br \/>\nDie Liebe zum Papier habe ich schon lange f\u00fcr mich entdeckt, und dabei festgestellt, da\u00df es mehr als nur ein nachhaltiger Rohstoff ist. Es spielt in unserem Leben sowohl im funktionellen als auch im dekorativen Bereich eine gro\u00dfe Rolle.<br \/>\nMeine St\u00fclpdeckelschachtel werden St\u00fcck f\u00fcr St\u00fcck einzel in Handarbeit gefertigt. Daf\u00fcr werden au\u00dfschlie\u00dflich hochwertige und umweltfreundliche Materialien verwendet.<br \/>\nDie Rohlinge werden aus 3mm starker Graupappe, mit Spezialkleber und nach einerTrockenzeit au\u00dfen und innen mit hochwertigen Geschenkpapier bezogen.<br \/>\nJeder Deckel wird zus\u00e4tzlich mit einer farblich abgestimmten Leinenkante veredelt.<\/p>\n\n    <\/section>","protected":false},"excerpt":{"rendered":"","protected":false},"author":1,"featured_media":0,"parent":0,"menu_order":0,"comment_status":"closed","ping_status":"closed","template":"","meta":{"_acf_changed":false,"footnotes":""},"class_list":["post-1042","page","type-page","status-publish","hentry"],"acf":[],"_links":{"self":[{"href":"https:\/\/www.regionalis.shop\/papiermanufaktur\/wp-json\/wp\/v2\/pages\/1042","targetHints":{"allow":["GET"]}}],"collection":[{"href":"https:\/\/www.regionalis.shop\/papiermanufaktur\/wp-json\/wp\/v2\/pages"}],"about":[{"href":"https:\/\/www.regionalis.shop\/papiermanufaktur\/wp-json\/wp\/v2\/types\/page"}],"author":[{"embeddable":true,"href":"https:\/\/www.regionalis.shop\/papiermanufaktur\/wp-json\/wp\/v2\/users\/1"}],"replies":[{"embeddable":true,"href":"https:\/\/www.regionalis.shop\/papiermanufaktur\/wp-json\/wp\/v2\/comments?post=1042"}],"version-history":[{"count":2,"href":"https:\/\/www.regionalis.shop\/papiermanufaktur\/wp-json\/wp\/v2\/pages\/1042\/revisions"}],"predecessor-version":[{"id":1044,"href":"https:\/\/www.regionalis.shop\/papiermanufaktur\/wp-json\/wp\/v2\/pages\/1042\/revisions\/1044"}],"wp:attachment":[{"href":"https:\/\/www.regionalis.shop\/papiermanufaktur\/wp-json\/wp\/v2\/media?parent=1042"}],"curies":[{"name":"wp","href":"https:\/\/api.w.org\/{rel}","templated":true}]}}