{"id":862,"date":"2025-05-24T13:44:06","date_gmt":"2025-05-24T11:44:06","guid":{"rendered":"https:\/\/starter.stage.shop-it.at\/?page_id=862"},"modified":"2025-10-23T15:21:37","modified_gmt":"2025-10-23T13:21:37","slug":"startseite","status":"publish","type":"page","link":"https:\/\/www.regionalis.shop\/papiermanufaktur\/","title":{"rendered":"Startseite"},"content":{"rendered":"<section>\n        <div class=\"header-image\">\n            <img decoding=\"async\" src=\"https:\/\/www.regionalis.shop\/app\/uploads\/sites\/468\/2606_2021_03_19_16_09_07_874986211.jpg\" alt=\"\">\n        <\/div>\n    \n    <\/section>\n    <section>\n    <div class=\"header-title\">\n        <h1 class=\"h2\">Willkommen bei PAPIERMANUFAKTUR<\/h1>\n    <\/div>\n            <h2 class=\"h3\">Handgemacht in Gmunden<\/h2>\n                <p>Papier in seiner sch\u00f6nsten Form<br \/>\nDie Liebe zum Papier habe ich schon lange f\u00fcr mich entdeckt, und dabei festgestellt, da\u00df es mehr als nur ein nachhaltiger Rohstoff ist. Es spielt in unserem Leben sowohl im funktionellen als auch im dekorativen Bereich eine gro\u00dfe Rolle.<br \/>\nMeine St\u00fclpdeckelschachtel werden St\u00fcck f\u00fcr St\u00fcck einzel in Handarbeit gefertigt. Daf\u00fcr werden au\u00dfschlie\u00dflich hochwertige und umweltfreundliche Materialien verwendet.<br \/>\nDie Rohlinge werden aus 3mm starker Graupappe, mit Spezialkleber und nach einerTrockenzeit au\u00dfen und innen mit hochwertigen Geschenkpapier bezogen.<br \/>\nJeder Deckel wird zus\u00e4tzlich mit einer farblich abgestimmten Leinenkante veredelt.<\/p>\n\n    \n    <h3>Produkte<\/h3>\n\n    <div class=\"woocommerce columns-3 \"><ul class=\"products columns-3\">\n<li class=\"product type-product post-1053 status-publish first instock product_cat-buerobedarf product_cat-papeterie-schreibwaren has-post-thumbnail purchasable product-type-simple\">\n\t<a href=\"https:\/\/www.regionalis.shop\/papiermanufaktur\/shop\/zettelbox\/\" class=\"woocommerce-LoopProduct-link woocommerce-loop-product__link\"><div class=\"wc-block-grid__product-image\"><img loading=\"lazy\" decoding=\"async\" width=\"420\" height=\"420\" src=\"https:\/\/www.regionalis.shop\/app\/uploads\/sites\/468\/2606_2021_03_26_14_08_23_311082184.jpg\" class=\"attachment-large size-large\" alt=\"Zettelbox\" srcset=\"https:\/\/www.regionalis.shop\/app\/uploads\/sites\/468\/2606_2021_03_26_14_08_23_311082184.jpg 420w, https:\/\/www.regionalis.shop\/app\/uploads\/sites\/468\/2606_2021_03_26_14_08_23_311082184-300x300.jpg 300w, https:\/\/www.regionalis.shop\/app\/uploads\/sites\/468\/2606_2021_03_26_14_08_23_311082184-150x150.jpg 150w, https:\/\/www.regionalis.shop\/app\/uploads\/sites\/468\/2606_2021_03_26_14_08_23_311082184-100x100.jpg 100w\" sizes=\"auto, (max-width: 420px) 100vw, 420px\" \/><\/div><h2 class=\"woocommerce-loop-product__title\">Zettelbox<\/h2>\n\t<span class=\"price\"><span class=\"woocommerce-Price-amount amount\"><bdi>14,50&nbsp;<span class=\"woocommerce-Price-currencySymbol\">&euro;<\/span><\/bdi><\/span><\/span>\n<\/a><\/li>\n<li class=\"product type-product post-1057 status-publish instock product_cat-buerobedarf product_cat-papeterie-schreibwaren has-post-thumbnail purchasable product-type-simple\">\n\t<a href=\"https:\/\/www.regionalis.shop\/papiermanufaktur\/shop\/stiftebox\/\" class=\"woocommerce-LoopProduct-link woocommerce-loop-product__link\"><div class=\"wc-block-grid__product-image\"><img loading=\"lazy\" decoding=\"async\" width=\"420\" height=\"420\" src=\"https:\/\/www.regionalis.shop\/app\/uploads\/sites\/468\/2606_2021_03_26_11_50_25_878572360.jpg\" class=\"attachment-large size-large\" alt=\"Stiftebox\" srcset=\"https:\/\/www.regionalis.shop\/app\/uploads\/sites\/468\/2606_2021_03_26_11_50_25_878572360.jpg 420w, https:\/\/www.regionalis.shop\/app\/uploads\/sites\/468\/2606_2021_03_26_11_50_25_878572360-300x300.jpg 300w, https:\/\/www.regionalis.shop\/app\/uploads\/sites\/468\/2606_2021_03_26_11_50_25_878572360-150x150.jpg 150w, https:\/\/www.regionalis.shop\/app\/uploads\/sites\/468\/2606_2021_03_26_11_50_25_878572360-100x100.jpg 100w\" sizes=\"auto, (max-width: 420px) 100vw, 420px\" \/><\/div><h2 class=\"woocommerce-loop-product__title\">Stiftebox<\/h2>\n\t<span class=\"price\"><span class=\"woocommerce-Price-amount amount\"><bdi>14,00&nbsp;<span class=\"woocommerce-Price-currencySymbol\">&euro;<\/span><\/bdi><\/span><\/span>\n<\/a><\/li>\n<li class=\"product type-product post-1066 status-publish last instock product_cat-wohndekoration product_cat-wohnen-deko has-post-thumbnail purchasable product-type-simple\">\n\t<a href=\"https:\/\/www.regionalis.shop\/papiermanufaktur\/shop\/serviettenbox-huehner\/\" class=\"woocommerce-LoopProduct-link woocommerce-loop-product__link\"><div class=\"wc-block-grid__product-image\"><img loading=\"lazy\" decoding=\"async\" width=\"420\" height=\"420\" src=\"https:\/\/www.regionalis.shop\/app\/uploads\/sites\/468\/2606_2021_03_19_16_13_48_678560971.jpg\" class=\"attachment-large size-large\" alt=\"Serviettenbox &quot;H\u00fchner&quot;\" srcset=\"https:\/\/www.regionalis.shop\/app\/uploads\/sites\/468\/2606_2021_03_19_16_13_48_678560971.jpg 420w, https:\/\/www.regionalis.shop\/app\/uploads\/sites\/468\/2606_2021_03_19_16_13_48_678560971-300x300.jpg 300w, https:\/\/www.regionalis.shop\/app\/uploads\/sites\/468\/2606_2021_03_19_16_13_48_678560971-150x150.jpg 150w, https:\/\/www.regionalis.shop\/app\/uploads\/sites\/468\/2606_2021_03_19_16_13_48_678560971-100x100.jpg 100w\" sizes=\"auto, (max-width: 420px) 100vw, 420px\" \/><\/div><h2 class=\"woocommerce-loop-product__title\">Serviettenbox &#8222;H\u00fchner&#8220;<\/h2>\n\t<span class=\"price\"><span class=\"woocommerce-Price-amount amount\"><bdi>20,00&nbsp;<span class=\"woocommerce-Price-currencySymbol\">&euro;<\/span><\/bdi><\/span><\/span>\n<\/a><\/li>\n<\/ul>\n<\/div>\n    <p>\n        <a href=\"https:\/\/www.regionalis.shop\/papiermanufaktur\/shop\/\" class=\"btn btn-primary btn-icon-right\">\n            Alle Produkte <i class=\"bi bi-arrow-right-short\"><\/i>\n        <\/a>\n    <\/p>\n<\/section>\n\n<div data-block-name=\"woocommerce\/store-notices\" class=\"wc-block-store-notices woocommerce alignwide alignwide wp-block-woocommerce-store-notices\"><div class=\"woocommerce-notices-wrapper\"><\/div><\/div>","protected":false},"excerpt":{"rendered":"","protected":false},"author":1,"featured_media":0,"parent":0,"menu_order":0,"comment_status":"closed","ping_status":"closed","template":"template-home.blade.php","meta":{"_acf_changed":false,"footnotes":""},"class_list":["post-862","page","type-page","status-publish","hentry"],"acf":[],"_links":{"self":[{"href":"https:\/\/www.regionalis.shop\/papiermanufaktur\/wp-json\/wp\/v2\/pages\/862","targetHints":{"allow":["GET"]}}],"collection":[{"href":"https:\/\/www.regionalis.shop\/papiermanufaktur\/wp-json\/wp\/v2\/pages"}],"about":[{"href":"https:\/\/www.regionalis.shop\/papiermanufaktur\/wp-json\/wp\/v2\/types\/page"}],"author":[{"embeddable":true,"href":"https:\/\/www.regionalis.shop\/papiermanufaktur\/wp-json\/wp\/v2\/users\/1"}],"replies":[{"embeddable":true,"href":"https:\/\/www.regionalis.shop\/papiermanufaktur\/wp-json\/wp\/v2\/comments?post=862"}],"version-history":[{"count":28,"href":"https:\/\/www.regionalis.shop\/papiermanufaktur\/wp-json\/wp\/v2\/pages\/862\/revisions"}],"predecessor-version":[{"id":1041,"href":"https:\/\/www.regionalis.shop\/papiermanufaktur\/wp-json\/wp\/v2\/pages\/862\/revisions\/1041"}],"wp:attachment":[{"href":"https:\/\/www.regionalis.shop\/papiermanufaktur\/wp-json\/wp\/v2\/media?parent=862"}],"curies":[{"name":"wp","href":"https:\/\/api.w.org\/{rel}","templated":true}]}}