{"id":1053,"date":"2025-04-18T02:22:54","date_gmt":"2025-04-18T00:22:54","guid":{"rendered":"https:\/\/www.regionalis.shop\/papiermanufaktur\/product\/zettelbox\/"},"modified":"2025-04-18T02:22:54","modified_gmt":"2025-04-18T00:22:54","slug":"zettelbox","status":"publish","type":"product","link":"https:\/\/www.regionalis.shop\/papiermanufaktur\/shop\/zettelbox\/","title":{"rendered":"Zettelbox"},"content":{"rendered":"<p>Zettelbox aus 3mm starker Graupappe gefertigt und mit hochwertigem Geschenkpapier au\u00dfen und innen bezogen,<br \/>\nBef\u00fcllt mit Notizbl\u00e4ttern der Gr\u00f6\u00dfe 10 x 10 cm.<br \/>\nInnenma\u00dfe : 10,5x 10,5 x 6 cm<\/p>\n","protected":false},"excerpt":{"rendered":"<p>Zettelbox aus 3mm starker Graupappe gefertigt und mit hochwertigem Geschenkpapier au\u00dfen und innen bezogen, Bef\u00fcllt mit Notizbl\u00e4ttern der Gr\u00f6\u00dfe 10 x 10 cm. Innenma\u00dfe : 10,5x 10,5 x 6 cm<\/p>\n","protected":false},"featured_media":1054,"template":"","meta":{"_acf_changed":false},"product_brand":[],"product_cat":[119,62],"product_tag":[],"class_list":{"0":"post-1053","1":"product","2":"type-product","3":"status-publish","4":"has-post-thumbnail","6":"product_cat-buerobedarf","7":"product_cat-papeterie-schreibwaren","9":"first","10":"instock","11":"purchasable","12":"product-type-simple"},"acf":[],"_links":{"self":[{"href":"https:\/\/www.regionalis.shop\/papiermanufaktur\/wp-json\/wp\/v2\/product\/1053","targetHints":{"allow":["GET"]}}],"collection":[{"href":"https:\/\/www.regionalis.shop\/papiermanufaktur\/wp-json\/wp\/v2\/product"}],"about":[{"href":"https:\/\/www.regionalis.shop\/papiermanufaktur\/wp-json\/wp\/v2\/types\/product"}],"wp:featuredmedia":[{"embeddable":true,"href":"https:\/\/www.regionalis.shop\/papiermanufaktur\/wp-json\/wp\/v2\/media\/1054"}],"wp:attachment":[{"href":"https:\/\/www.regionalis.shop\/papiermanufaktur\/wp-json\/wp\/v2\/media?parent=1053"}],"wp:term":[{"taxonomy":"product_brand","embeddable":true,"href":"https:\/\/www.regionalis.shop\/papiermanufaktur\/wp-json\/wp\/v2\/product_brand?post=1053"},{"taxonomy":"product_cat","embeddable":true,"href":"https:\/\/www.regionalis.shop\/papiermanufaktur\/wp-json\/wp\/v2\/product_cat?post=1053"},{"taxonomy":"product_tag","embeddable":true,"href":"https:\/\/www.regionalis.shop\/papiermanufaktur\/wp-json\/wp\/v2\/product_tag?post=1053"}],"curies":[{"name":"wp","href":"https:\/\/api.w.org\/{rel}","templated":true}]}}