{"id":1062,"date":"2025-04-18T02:13:34","date_gmt":"2025-04-18T00:13:34","guid":{"rendered":"https:\/\/www.regionalis.shop\/papiermanufaktur\/product\/stuelpdeckelschachtel-mini\/"},"modified":"2025-04-18T02:13:34","modified_gmt":"2025-04-18T00:13:34","slug":"stuelpdeckelschachtel-mini","status":"publish","type":"product","link":"https:\/\/www.regionalis.shop\/papiermanufaktur\/shop\/stuelpdeckelschachtel-mini\/","title":{"rendered":"St\u00fclpdeckelschachtel &#8222;Mini&#8220;"},"content":{"rendered":"<p>Die kleine St\u00fclpdeckelschachtel &#8222;Mini&#8220; ist aus 3mm starer Graupappe gefertigt und mit einem hochwertigen Geschenkpapier der K\u00fcnstlerin Christa Morgenstern au\u00dfen und innen bezogen.<br \/>\nDer Deckel hat zur Verst\u00e4rkung noch eine farblich passende Leinenkante.<br \/>\nAls kleines Osternest zum verschenken und sp\u00e4ter als Aufbewahrung f\u00fcr z.B. Visitenkarten, Taschent\u00fccher Kleinkram, etc. zu verwenden.<br \/>\nInnenma\u00dfe : 11 x6 x6 (LxBxH)<\/p>\n","protected":false},"excerpt":{"rendered":"<p>Die kleine St\u00fclpdeckelschachtel &#8222;Mini&#8220; ist aus 3mm starer Graupappe gefertigt und mit einem hochwertigen Geschenkpapier der K\u00fcnstlerin Christa Morgenstern au\u00dfen und innen bezogen. Der Deckel hat zur Verst\u00e4rkung noch eine farblich passende Leinenkante. Als kleines Osternest zum verschenken und sp\u00e4ter als Aufbewahrung f\u00fcr z.B. Visitenkarten, Taschent\u00fccher Kleinkram, etc. zu verwenden. Innenma\u00dfe : 11 x6 x6 &hellip; <a href=\"https:\/\/www.regionalis.shop\/papiermanufaktur\/shop\/stuelpdeckelschachtel-mini\/\">Continued<\/a><\/p>\n","protected":false},"featured_media":1063,"template":"","meta":{"_acf_changed":false},"product_brand":[],"product_cat":[62,72],"product_tag":[],"class_list":{"0":"post-1062","1":"product","2":"type-product","3":"status-publish","4":"has-post-thumbnail","6":"product_cat-papeterie-schreibwaren","7":"product_cat-schreibwaren","9":"first","10":"instock","11":"purchasable","12":"product-type-simple"},"acf":[],"_links":{"self":[{"href":"https:\/\/www.regionalis.shop\/papiermanufaktur\/wp-json\/wp\/v2\/product\/1062","targetHints":{"allow":["GET"]}}],"collection":[{"href":"https:\/\/www.regionalis.shop\/papiermanufaktur\/wp-json\/wp\/v2\/product"}],"about":[{"href":"https:\/\/www.regionalis.shop\/papiermanufaktur\/wp-json\/wp\/v2\/types\/product"}],"wp:featuredmedia":[{"embeddable":true,"href":"https:\/\/www.regionalis.shop\/papiermanufaktur\/wp-json\/wp\/v2\/media\/1063"}],"wp:attachment":[{"href":"https:\/\/www.regionalis.shop\/papiermanufaktur\/wp-json\/wp\/v2\/media?parent=1062"}],"wp:term":[{"taxonomy":"product_brand","embeddable":true,"href":"https:\/\/www.regionalis.shop\/papiermanufaktur\/wp-json\/wp\/v2\/product_brand?post=1062"},{"taxonomy":"product_cat","embeddable":true,"href":"https:\/\/www.regionalis.shop\/papiermanufaktur\/wp-json\/wp\/v2\/product_cat?post=1062"},{"taxonomy":"product_tag","embeddable":true,"href":"https:\/\/www.regionalis.shop\/papiermanufaktur\/wp-json\/wp\/v2\/product_tag?post=1062"}],"curies":[{"name":"wp","href":"https:\/\/api.w.org\/{rel}","templated":true}]}}