{"id":1066,"date":"2025-04-18T02:13:34","date_gmt":"2025-04-18T00:13:34","guid":{"rendered":"https:\/\/www.regionalis.shop\/papiermanufaktur\/product\/serviettenbox-huehner\/"},"modified":"2025-04-18T02:13:34","modified_gmt":"2025-04-18T00:13:34","slug":"serviettenbox-huehner","status":"publish","type":"product","link":"https:\/\/www.regionalis.shop\/papiermanufaktur\/shop\/serviettenbox-huehner\/","title":{"rendered":"Serviettenbox &#8222;H\u00fchner&#8220;"},"content":{"rendered":"<p>Die Serviettenbox &#8222;H\u00fchner&#8220; ist aus 3mm starker Graupappe gefertigt und mit einem hochwertigen Geschenkpapier der K\u00fcnstlerin Christa Morgenstern kaschiert. Der vordere Rank ist mit einer Leinenkante bezogen.<br \/>\nF\u00fcr Servietten der Gr\u00f6\u00dfe 16,5&#215;16,5 (gefaltet)<br \/>\nSchon als Geschenk in Folie verpackt.<\/p>\n","protected":false},"excerpt":{"rendered":"<p>Die Serviettenbox &#8222;H\u00fchner&#8220; ist aus 3mm starker Graupappe gefertigt und mit einem hochwertigen Geschenkpapier der K\u00fcnstlerin Christa Morgenstern kaschiert. Der vordere Rank ist mit einer Leinenkante bezogen. F\u00fcr Servietten der Gr\u00f6\u00dfe 16,5&#215;16,5 (gefaltet) Schon als Geschenk in Folie verpackt.<\/p>\n","protected":false},"featured_media":1067,"template":"","meta":{"_acf_changed":false},"product_brand":[],"product_cat":[174,103],"product_tag":[],"class_list":{"0":"post-1066","1":"product","2":"type-product","3":"status-publish","4":"has-post-thumbnail","6":"product_cat-wohndekoration","7":"product_cat-wohnen-deko","9":"first","10":"instock","11":"purchasable","12":"product-type-simple"},"acf":[],"_links":{"self":[{"href":"https:\/\/www.regionalis.shop\/papiermanufaktur\/wp-json\/wp\/v2\/product\/1066","targetHints":{"allow":["GET"]}}],"collection":[{"href":"https:\/\/www.regionalis.shop\/papiermanufaktur\/wp-json\/wp\/v2\/product"}],"about":[{"href":"https:\/\/www.regionalis.shop\/papiermanufaktur\/wp-json\/wp\/v2\/types\/product"}],"wp:featuredmedia":[{"embeddable":true,"href":"https:\/\/www.regionalis.shop\/papiermanufaktur\/wp-json\/wp\/v2\/media\/1067"}],"wp:attachment":[{"href":"https:\/\/www.regionalis.shop\/papiermanufaktur\/wp-json\/wp\/v2\/media?parent=1066"}],"wp:term":[{"taxonomy":"product_brand","embeddable":true,"href":"https:\/\/www.regionalis.shop\/papiermanufaktur\/wp-json\/wp\/v2\/product_brand?post=1066"},{"taxonomy":"product_cat","embeddable":true,"href":"https:\/\/www.regionalis.shop\/papiermanufaktur\/wp-json\/wp\/v2\/product_cat?post=1066"},{"taxonomy":"product_tag","embeddable":true,"href":"https:\/\/www.regionalis.shop\/papiermanufaktur\/wp-json\/wp\/v2\/product_tag?post=1066"}],"curies":[{"name":"wp","href":"https:\/\/api.w.org\/{rel}","templated":true}]}}