{"id":862,"date":"2025-05-24T13:44:06","date_gmt":"2025-05-24T11:44:06","guid":{"rendered":"https:\/\/starter.stage.shop-it.at\/?page_id=862"},"modified":"2025-10-23T15:21:37","modified_gmt":"2025-10-23T13:21:37","slug":"startseite","status":"publish","type":"page","link":"https:\/\/www.regionalis.shop\/pebbles\/","title":{"rendered":"Startseite"},"content":{"rendered":"<section>\n        <div class=\"header-image\">\n            <img decoding=\"async\" src=\"https:\/\/www.regionalis.shop\/app\/uploads\/sites\/477\/6550_2023_03_08_20_37_56_258383588.jpeg\" alt=\"\">\n        <\/div>\n    \n    <\/section>\n    <section>\n    <div class=\"header-title\">\n        <h1 class=\"h2\">Willkommen bei Pebbles<\/h1>\n    <\/div>\n            <h2 class=\"h3\">Handgemacht in St. Corona am Wechsel<\/h2>\n                <p>Pebbles ist ein kleines Label aus den H\u00fcgeln Nieder\u00f6sterreichs!<\/p>\n<p>Besonderes Augenmerk legen wir auf das Thema Nachhaltigkeit. Unsere Produkte werden komplett aus nachwachsenden Rohstoffen hergestellt.<\/p>\n<p>Das Interesse f\u00fcr Nachhaltigkeit steckt  in uns Gr\u00fcnderin Tamara und Babsy. Nachhatlig zu handeln erf\u00fcllt uns und dieses Gef\u00fchl m\u00f6chten wir weitervermitteln.<\/p>\n<p>Nicht nur die Herkunft der Rohstoffe sondern auch die Qualit\u00e4t der Materialen spielen eine grosse Rolle f\u00fcr Pebbles. All unsere Stoffe sind Bio oder OEKO-TEX Zertifiziert. <\/p>\n<p>Ziel ist es ein Produkt zu erschaffen welches eine Funktion bietet und im Endeffekt keinen M\u00fcll hinterl\u00e4sst.<\/p>\n\n    \n    <h3>Produkte<\/h3>\n\n    <div class=\"woocommerce columns-3 \"><ul class=\"products columns-3\">\n<li class=\"product type-product post-1080 status-publish first instock product_cat-kerzen-kerzenstaender product_cat-wohnen-deko has-post-thumbnail purchasable product-type-simple\">\n\t<a href=\"https:\/\/www.regionalis.shop\/pebbles\/shop\/rapswachs-duftkerze\/\" class=\"woocommerce-LoopProduct-link woocommerce-loop-product__link\"><div class=\"wc-block-grid__product-image\"><img loading=\"lazy\" decoding=\"async\" width=\"1024\" height=\"1024\" src=\"https:\/\/www.regionalis.shop\/app\/uploads\/sites\/477\/6550_2023_03_10_11_12_47_272483218.png\" class=\"attachment-large size-large\" alt=\"Rapswachs Duftkerze\" srcset=\"https:\/\/www.regionalis.shop\/app\/uploads\/sites\/477\/6550_2023_03_10_11_12_47_272483218.png 1024w, https:\/\/www.regionalis.shop\/app\/uploads\/sites\/477\/6550_2023_03_10_11_12_47_272483218-300x300.png 300w, https:\/\/www.regionalis.shop\/app\/uploads\/sites\/477\/6550_2023_03_10_11_12_47_272483218-150x150.png 150w, https:\/\/www.regionalis.shop\/app\/uploads\/sites\/477\/6550_2023_03_10_11_12_47_272483218-768x768.png 768w, https:\/\/www.regionalis.shop\/app\/uploads\/sites\/477\/6550_2023_03_10_11_12_47_272483218-600x600.png 600w, https:\/\/www.regionalis.shop\/app\/uploads\/sites\/477\/6550_2023_03_10_11_12_47_272483218-100x100.png 100w\" sizes=\"auto, (max-width: 1024px) 100vw, 1024px\" \/><\/div><h2 class=\"woocommerce-loop-product__title\">Rapswachs Duftkerze<\/h2>\n\t<span class=\"price\"><span class=\"woocommerce-Price-amount amount\"><bdi>24,60&nbsp;<span class=\"woocommerce-Price-currencySymbol\">&euro;<\/span><\/bdi><\/span><\/span>\n<\/a><\/li>\n<li class=\"product type-product post-1076 status-publish instock product_cat-null product_cat-sonstiges has-post-thumbnail purchasable product-type-simple\">\n\t<a href=\"https:\/\/www.regionalis.shop\/pebbles\/shop\/nachhaltiges-spueltuch-4\/\" class=\"woocommerce-LoopProduct-link woocommerce-loop-product__link\"><div class=\"wc-block-grid__product-image\"><img loading=\"lazy\" decoding=\"async\" width=\"1024\" height=\"1024\" src=\"https:\/\/www.regionalis.shop\/app\/uploads\/sites\/477\/6550_2023_03_10_10_56_00_183028084.jpg\" class=\"attachment-large size-large\" alt=\"nachhaltiges Sp\u00fcltuch\" srcset=\"https:\/\/www.regionalis.shop\/app\/uploads\/sites\/477\/6550_2023_03_10_10_56_00_183028084.jpg 1024w, https:\/\/www.regionalis.shop\/app\/uploads\/sites\/477\/6550_2023_03_10_10_56_00_183028084-300x300.jpg 300w, https:\/\/www.regionalis.shop\/app\/uploads\/sites\/477\/6550_2023_03_10_10_56_00_183028084-150x150.jpg 150w, https:\/\/www.regionalis.shop\/app\/uploads\/sites\/477\/6550_2023_03_10_10_56_00_183028084-768x768.jpg 768w, https:\/\/www.regionalis.shop\/app\/uploads\/sites\/477\/6550_2023_03_10_10_56_00_183028084-600x600.jpg 600w, https:\/\/www.regionalis.shop\/app\/uploads\/sites\/477\/6550_2023_03_10_10_56_00_183028084-100x100.jpg 100w\" sizes=\"auto, (max-width: 1024px) 100vw, 1024px\" \/><\/div><h2 class=\"woocommerce-loop-product__title\">nachhaltiges Sp\u00fcltuch<\/h2>\n\t<span class=\"price\"><span class=\"woocommerce-Price-amount amount\"><bdi>11,40&nbsp;<span class=\"woocommerce-Price-currencySymbol\">&euro;<\/span><\/bdi><\/span><\/span>\n<\/a><\/li>\n<li class=\"product type-product post-1072 status-publish last instock product_cat-null product_cat-sonstiges has-post-thumbnail purchasable product-type-simple\">\n\t<a href=\"https:\/\/www.regionalis.shop\/pebbles\/shop\/nachhaltiges-spueltuch-3\/\" class=\"woocommerce-LoopProduct-link woocommerce-loop-product__link\"><div class=\"wc-block-grid__product-image\"><img loading=\"lazy\" decoding=\"async\" width=\"1024\" height=\"1024\" src=\"https:\/\/www.regionalis.shop\/app\/uploads\/sites\/477\/6550_2023_03_10_10_55_28_243460792.jpg\" class=\"attachment-large size-large\" alt=\"nachhaltiges Sp\u00fcltuch\" srcset=\"https:\/\/www.regionalis.shop\/app\/uploads\/sites\/477\/6550_2023_03_10_10_55_28_243460792.jpg 1024w, https:\/\/www.regionalis.shop\/app\/uploads\/sites\/477\/6550_2023_03_10_10_55_28_243460792-300x300.jpg 300w, https:\/\/www.regionalis.shop\/app\/uploads\/sites\/477\/6550_2023_03_10_10_55_28_243460792-150x150.jpg 150w, https:\/\/www.regionalis.shop\/app\/uploads\/sites\/477\/6550_2023_03_10_10_55_28_243460792-768x768.jpg 768w, https:\/\/www.regionalis.shop\/app\/uploads\/sites\/477\/6550_2023_03_10_10_55_28_243460792-600x600.jpg 600w, https:\/\/www.regionalis.shop\/app\/uploads\/sites\/477\/6550_2023_03_10_10_55_28_243460792-100x100.jpg 100w\" sizes=\"auto, (max-width: 1024px) 100vw, 1024px\" \/><\/div><h2 class=\"woocommerce-loop-product__title\">nachhaltiges Sp\u00fcltuch<\/h2>\n\t<span class=\"price\"><span class=\"woocommerce-Price-amount amount\"><bdi>11,40&nbsp;<span class=\"woocommerce-Price-currencySymbol\">&euro;<\/span><\/bdi><\/span><\/span>\n<\/a><\/li>\n<\/ul>\n<\/div>\n    <p>\n        <a href=\"https:\/\/www.regionalis.shop\/pebbles\/shop\/\" class=\"btn btn-primary btn-icon-right\">\n            Alle Produkte <i class=\"bi bi-arrow-right-short\"><\/i>\n        <\/a>\n    <\/p>\n<\/section>\n\n<div data-block-name=\"woocommerce\/store-notices\" class=\"wc-block-store-notices woocommerce alignwide alignwide wp-block-woocommerce-store-notices\"><div class=\"woocommerce-notices-wrapper\"><\/div><\/div>","protected":false},"excerpt":{"rendered":"","protected":false},"author":1,"featured_media":0,"parent":0,"menu_order":0,"comment_status":"closed","ping_status":"closed","template":"template-home.blade.php","meta":{"_acf_changed":false,"footnotes":""},"class_list":["post-862","page","type-page","status-publish","hentry"],"acf":[],"_links":{"self":[{"href":"https:\/\/www.regionalis.shop\/pebbles\/wp-json\/wp\/v2\/pages\/862","targetHints":{"allow":["GET"]}}],"collection":[{"href":"https:\/\/www.regionalis.shop\/pebbles\/wp-json\/wp\/v2\/pages"}],"about":[{"href":"https:\/\/www.regionalis.shop\/pebbles\/wp-json\/wp\/v2\/types\/page"}],"author":[{"embeddable":true,"href":"https:\/\/www.regionalis.shop\/pebbles\/wp-json\/wp\/v2\/users\/1"}],"replies":[{"embeddable":true,"href":"https:\/\/www.regionalis.shop\/pebbles\/wp-json\/wp\/v2\/comments?post=862"}],"version-history":[{"count":28,"href":"https:\/\/www.regionalis.shop\/pebbles\/wp-json\/wp\/v2\/pages\/862\/revisions"}],"predecessor-version":[{"id":1041,"href":"https:\/\/www.regionalis.shop\/pebbles\/wp-json\/wp\/v2\/pages\/862\/revisions\/1041"}],"wp:attachment":[{"href":"https:\/\/www.regionalis.shop\/pebbles\/wp-json\/wp\/v2\/media?parent=862"}],"curies":[{"name":"wp","href":"https:\/\/api.w.org\/{rel}","templated":true}]}}