{"id":1060,"date":"2025-04-18T10:06:21","date_gmt":"2025-04-18T08:06:21","guid":{"rendered":"https:\/\/www.regionalis.shop\/pebbles\/product\/nachhaltiges-spueltuch\/"},"modified":"2025-04-18T10:06:21","modified_gmt":"2025-04-18T08:06:21","slug":"nachhaltiges-spueltuch","status":"publish","type":"product","link":"https:\/\/www.regionalis.shop\/pebbles\/shop\/nachhaltiges-spueltuch\/","title":{"rendered":"nachhaltiges Sp\u00fcltuch"},"content":{"rendered":"<p>Unsere Sp\u00fclt\u00fccher sind die ideale alternative zu den herk\u00f6mmlichen T\u00fcchern. Sie sind 20&#215;20 cm Gro\u00df und liegen somit ideal in der Hand.<\/p>\n<p>Das handgemachte Sp\u00fcltuch ist aus Baumwolle und somit sehr saugf\u00e4hig. Es kann einfach bei der anfallenden W\u00e4sche mitgewaschen werden. <\/p>\n<p>Durch das H\u00e4kelmuster entsteht eine gr\u00f6\u00dfere Oberfl\u00e4che, wodurch die Saugf\u00e4higkeit entsteht.<\/p>\n<p>Produktinformation<\/p>\n<p>Das Produkt besteht aus 100% nachhaltigen Materialen. Der Gedanke der Nachhaltigkeit gewinnt von Tag zu Tag an Bedeutung, weshalb wir Produkte bieten, die diesen Gedanken in dein Haus einziehen lassen k\u00f6nnen. <\/p>\n<p>Artikelbeschreibung<\/p>\n<p>Material:<\/p>\n<p>100% Bio &#8211; Baumwolle<\/p>\n<p>Waschbar: 60\u00b0 C<\/p>\n<p>Schwamm vor dem ersten Gebrauch komplett im Wasser vollsaugen lassen!<br \/>\nDanach einfach mit deiner Seife oder Sp\u00fclmittel verwenden.<\/p>\n","protected":false},"excerpt":{"rendered":"<p>Unsere Sp\u00fclt\u00fccher sind die ideale alternative zu den herk\u00f6mmlichen T\u00fcchern. Sie sind 20&#215;20 cm Gro\u00df und liegen somit ideal in der Hand. Das handgemachte Sp\u00fcltuch ist aus Baumwolle und somit sehr saugf\u00e4hig. Es kann einfach bei der anfallenden W\u00e4sche mitgewaschen werden. Durch das H\u00e4kelmuster entsteht eine gr\u00f6\u00dfere Oberfl\u00e4che, wodurch die Saugf\u00e4higkeit entsteht. Produktinformation Das Produkt &hellip; <a href=\"https:\/\/www.regionalis.shop\/pebbles\/shop\/nachhaltiges-spueltuch\/\">Continued<\/a><\/p>\n","protected":false},"featured_media":1061,"template":"","meta":{"_acf_changed":false},"product_brand":[],"product_cat":[162,83],"product_tag":[],"class_list":{"0":"post-1060","1":"product","2":"type-product","3":"status-publish","4":"has-post-thumbnail","6":"product_cat-null","7":"product_cat-sonstiges","9":"first","10":"instock","11":"purchasable","12":"product-type-simple"},"acf":[],"_links":{"self":[{"href":"https:\/\/www.regionalis.shop\/pebbles\/wp-json\/wp\/v2\/product\/1060","targetHints":{"allow":["GET"]}}],"collection":[{"href":"https:\/\/www.regionalis.shop\/pebbles\/wp-json\/wp\/v2\/product"}],"about":[{"href":"https:\/\/www.regionalis.shop\/pebbles\/wp-json\/wp\/v2\/types\/product"}],"wp:featuredmedia":[{"embeddable":true,"href":"https:\/\/www.regionalis.shop\/pebbles\/wp-json\/wp\/v2\/media\/1061"}],"wp:attachment":[{"href":"https:\/\/www.regionalis.shop\/pebbles\/wp-json\/wp\/v2\/media?parent=1060"}],"wp:term":[{"taxonomy":"product_brand","embeddable":true,"href":"https:\/\/www.regionalis.shop\/pebbles\/wp-json\/wp\/v2\/product_brand?post=1060"},{"taxonomy":"product_cat","embeddable":true,"href":"https:\/\/www.regionalis.shop\/pebbles\/wp-json\/wp\/v2\/product_cat?post=1060"},{"taxonomy":"product_tag","embeddable":true,"href":"https:\/\/www.regionalis.shop\/pebbles\/wp-json\/wp\/v2\/product_tag?post=1060"}],"curies":[{"name":"wp","href":"https:\/\/api.w.org\/{rel}","templated":true}]}}