{"id":1080,"date":"2025-04-18T10:06:21","date_gmt":"2025-04-18T08:06:21","guid":{"rendered":"https:\/\/www.regionalis.shop\/pebbles\/product\/rapswachs-duftkerze\/"},"modified":"2025-04-18T10:06:21","modified_gmt":"2025-04-18T08:06:21","slug":"rapswachs-duftkerze","status":"publish","type":"product","link":"https:\/\/www.regionalis.shop\/pebbles\/shop\/rapswachs-duftkerze\/","title":{"rendered":"Rapswachs Duftkerze"},"content":{"rendered":"<p>Unsere Kerze besteht zu 100% aus Rapswachs!<br \/>\nEine leicht s\u00fc\u00dfliche Note nach ger\u00f6steter Vanille, Wasserpfirsich und Sandelholz lassen dich entspannt den Tag ausklingen. Sandelholz bringt eine herbe Duftnote mit und gleicht somit die Vanille aus. <\/p>\n<p>Kopfnote: Wasserpfirsich<br \/>\nHerznote: ger\u00f6stete Vanille<br \/>\nBasisnote: Sandelholz<\/p>\n<p>Artikelbeschreibung<\/p>\n<p>    Rapswachskerze<br \/>\n    Brenndauer 40h<br \/>\n    200 ml Wachs<br \/>\n    Holzdocht<\/p>\n<p>Rapswachs hat im Gegensatz zu Paraffin Kerzen eine H\u00f6her Brenndauer, weshalb Kerzen aus Raps doppelt so lange brennen. Ebenso bildet sich viel weniger Ru\u00df als bei herk\u00f6mmlichen Kerzen.<br \/>\nKerzen haben ebenso wie wir ein Ged\u00e4chtnis, deshalb ist es wichtig die Kerze bei erst Gebrauch solange brennen zu lassen bis die gesamte Oberfl\u00e4che vom Wachs geschmolzen ist. Bei weiteren Gebrauch schwarze Stellen des Holzdochtes entfernen um das perfekte Brennverhalten zu Gew\u00e4hrleisten.<\/p>\n<p>Es handelt sich um eine handgegossene Designkerze!<\/p>\n<p>Wirkung<\/p>\n<p>Sandelholz hat einen beruhigende Wirkung und somit bietet unsere Kerze den idealen Duft f\u00fcr gem\u00fctliche Abendstunden.<\/p>\n","protected":false},"excerpt":{"rendered":"<p>Unsere Kerze besteht zu 100% aus Rapswachs! Eine leicht s\u00fc\u00dfliche Note nach ger\u00f6steter Vanille, Wasserpfirsich und Sandelholz lassen dich entspannt den Tag ausklingen. Sandelholz bringt eine herbe Duftnote mit und gleicht somit die Vanille aus. Kopfnote: Wasserpfirsich Herznote: ger\u00f6stete Vanille Basisnote: Sandelholz Artikelbeschreibung Rapswachskerze Brenndauer 40h 200 ml Wachs Holzdocht Rapswachs hat im Gegensatz zu &hellip; <a href=\"https:\/\/www.regionalis.shop\/pebbles\/shop\/rapswachs-duftkerze\/\">Continued<\/a><\/p>\n","protected":false},"featured_media":1081,"template":"","meta":{"_acf_changed":false},"product_brand":[],"product_cat":[151,103],"product_tag":[],"class_list":{"0":"post-1080","1":"product","2":"type-product","3":"status-publish","4":"has-post-thumbnail","6":"product_cat-kerzen-kerzenstaender","7":"product_cat-wohnen-deko","9":"first","10":"instock","11":"purchasable","12":"product-type-simple"},"acf":[],"_links":{"self":[{"href":"https:\/\/www.regionalis.shop\/pebbles\/wp-json\/wp\/v2\/product\/1080","targetHints":{"allow":["GET"]}}],"collection":[{"href":"https:\/\/www.regionalis.shop\/pebbles\/wp-json\/wp\/v2\/product"}],"about":[{"href":"https:\/\/www.regionalis.shop\/pebbles\/wp-json\/wp\/v2\/types\/product"}],"wp:featuredmedia":[{"embeddable":true,"href":"https:\/\/www.regionalis.shop\/pebbles\/wp-json\/wp\/v2\/media\/1081"}],"wp:attachment":[{"href":"https:\/\/www.regionalis.shop\/pebbles\/wp-json\/wp\/v2\/media?parent=1080"}],"wp:term":[{"taxonomy":"product_brand","embeddable":true,"href":"https:\/\/www.regionalis.shop\/pebbles\/wp-json\/wp\/v2\/product_brand?post=1080"},{"taxonomy":"product_cat","embeddable":true,"href":"https:\/\/www.regionalis.shop\/pebbles\/wp-json\/wp\/v2\/product_cat?post=1080"},{"taxonomy":"product_tag","embeddable":true,"href":"https:\/\/www.regionalis.shop\/pebbles\/wp-json\/wp\/v2\/product_tag?post=1080"}],"curies":[{"name":"wp","href":"https:\/\/api.w.org\/{rel}","templated":true}]}}