{"id":1084,"date":"2025-04-18T10:05:10","date_gmt":"2025-04-18T08:05:10","guid":{"rendered":"https:\/\/www.regionalis.shop\/pebbles\/product\/nachhaltiger-putzschwamm\/"},"modified":"2025-04-18T10:05:10","modified_gmt":"2025-04-18T08:05:10","slug":"nachhaltiger-putzschwamm","status":"publish","type":"product","link":"https:\/\/www.regionalis.shop\/pebbles\/shop\/nachhaltiger-putzschwamm\/","title":{"rendered":"nachhaltiger Putzschwamm"},"content":{"rendered":"<p>Unsere nachhaltigen Sp\u00fclschw\u00e4mme, sind aus rein nat\u00fcrlichen Materialen hergestellt.<br \/>\nEine Seite besteht aus einem Baumwolle Material, die andere ist f\u00fcr die gr\u00f6bere Arbeit aus Sisal. Entfernt Verschmutzungen ohne zu zerkratzen.<\/p>\n<p>Die  waschbaren K\u00fcchenschw\u00e4mme k\u00f6nnen einfach bei 60\u00b0 mit deiner anfallenden W\u00e4sche gewaschen werden.<\/p>\n<p>Produktinformation<\/p>\n<p>Bei unserem Schwamm handelt es sich um handgemachtes Produkt. Die Umwelt liegt Pebbles sehr am Herzen, deshalb achten wir bei der Verarbeitung, sowie der Beschaffung unserer Materialen auf Nachhaltigkeit. <\/p>\n<p>Artikelbeschreibung<\/p>\n<p>Vegan, nachhaltig hergestellter Putzschwamm!!!<\/p>\n<p>Durch die Verwendung von Natur Materialien bildet sich weniger unangenehme Ger\u00fcche.<\/p>\n<p>Material:<\/p>\n<p>100% Bio &#8211; Baumwolle<br \/>\n100% Sisal <\/p>\n<p>waschbar: 60\u00b0<\/p>\n<p>Anwendung<\/p>\n<p>Wir von Pebbles achten besonders darauf unsere Produkte so nachhaltig wie m\u00f6glich herzustellen, weshalb wir auch darauf achten, dass unsere Verpackungen aus recycelten Material bestehen.<\/p>\n","protected":false},"excerpt":{"rendered":"<p>Unsere nachhaltigen Sp\u00fclschw\u00e4mme, sind aus rein nat\u00fcrlichen Materialen hergestellt. Eine Seite besteht aus einem Baumwolle Material, die andere ist f\u00fcr die gr\u00f6bere Arbeit aus Sisal. Entfernt Verschmutzungen ohne zu zerkratzen. Die waschbaren K\u00fcchenschw\u00e4mme k\u00f6nnen einfach bei 60\u00b0 mit deiner anfallenden W\u00e4sche gewaschen werden. Produktinformation Bei unserem Schwamm handelt es sich um handgemachtes Produkt. Die Umwelt &hellip; <a href=\"https:\/\/www.regionalis.shop\/pebbles\/shop\/nachhaltiger-putzschwamm\/\">Continued<\/a><\/p>\n","protected":false},"featured_media":1085,"template":"","meta":{"_acf_changed":false},"product_brand":[],"product_cat":[162,83],"product_tag":[],"class_list":{"0":"post-1084","1":"product","2":"type-product","3":"status-publish","4":"has-post-thumbnail","6":"product_cat-null","7":"product_cat-sonstiges","9":"first","10":"instock","11":"purchasable","12":"product-type-simple"},"acf":[],"_links":{"self":[{"href":"https:\/\/www.regionalis.shop\/pebbles\/wp-json\/wp\/v2\/product\/1084","targetHints":{"allow":["GET"]}}],"collection":[{"href":"https:\/\/www.regionalis.shop\/pebbles\/wp-json\/wp\/v2\/product"}],"about":[{"href":"https:\/\/www.regionalis.shop\/pebbles\/wp-json\/wp\/v2\/types\/product"}],"wp:featuredmedia":[{"embeddable":true,"href":"https:\/\/www.regionalis.shop\/pebbles\/wp-json\/wp\/v2\/media\/1085"}],"wp:attachment":[{"href":"https:\/\/www.regionalis.shop\/pebbles\/wp-json\/wp\/v2\/media?parent=1084"}],"wp:term":[{"taxonomy":"product_brand","embeddable":true,"href":"https:\/\/www.regionalis.shop\/pebbles\/wp-json\/wp\/v2\/product_brand?post=1084"},{"taxonomy":"product_cat","embeddable":true,"href":"https:\/\/www.regionalis.shop\/pebbles\/wp-json\/wp\/v2\/product_cat?post=1084"},{"taxonomy":"product_tag","embeddable":true,"href":"https:\/\/www.regionalis.shop\/pebbles\/wp-json\/wp\/v2\/product_tag?post=1084"}],"curies":[{"name":"wp","href":"https:\/\/api.w.org\/{rel}","templated":true}]}}