{"id":1061,"date":"2025-04-18T10:30:13","date_gmt":"2025-04-18T08:30:13","guid":{"rendered":"https:\/\/www.regionalis.shop\/petit-amour\/product\/geschenkbox-kerze-und-makramee-schluesselanhaenger\/"},"modified":"2025-04-18T10:30:13","modified_gmt":"2025-04-18T08:30:13","slug":"geschenkbox-kerze-und-makramee-schluesselanhaenger","status":"publish","type":"product","link":"https:\/\/www.regionalis.shop\/petit-amour\/shop\/geschenkbox-kerze-und-makramee-schluesselanhaenger\/","title":{"rendered":"Geschenkbox Kerze und Makramee Schl\u00fcsselanh\u00e4nger"},"content":{"rendered":"<p>Das perfekte Geschenk f\u00fcr deinen Lieblingsmenschen.<br \/>\nDie Box wird mit Holzwolle und Trockenblumen gef\u00fcllt und ist somit perfekt eingepackt f\u00fcr den gro\u00dfen Auftritt.<br \/>\nDie Schl\u00fcsselanh\u00e4nger k\u00f6nnen gerne in deiner Wunschfarbe hergestellt werden. Auch der Druck auf der Kerze ist personalisierbar. Melde dich gerne bei mir, wenn du spezielle W\u00fcnsche hast.<\/p>\n","protected":false},"excerpt":{"rendered":"<p>Das perfekte Geschenk f\u00fcr deinen Lieblingsmenschen. Die Box wird mit Holzwolle und Trockenblumen gef\u00fcllt und ist somit perfekt eingepackt f\u00fcr den gro\u00dfen Auftritt. Die Schl\u00fcsselanh\u00e4nger k\u00f6nnen gerne in deiner Wunschfarbe hergestellt werden. Auch der Druck auf der Kerze ist personalisierbar. Melde dich gerne bei mir, wenn du spezielle W\u00fcnsche hast.<\/p>\n","protected":false},"featured_media":1062,"template":"","meta":{"_acf_changed":false},"product_brand":[],"product_cat":[151,103],"product_tag":[],"class_list":{"0":"post-1061","1":"product","2":"type-product","3":"status-publish","4":"has-post-thumbnail","6":"product_cat-kerzen-kerzenstaender","7":"product_cat-wohnen-deko","9":"first","10":"instock","11":"purchasable","12":"product-type-simple"},"acf":[],"_links":{"self":[{"href":"https:\/\/www.regionalis.shop\/petit-amour\/wp-json\/wp\/v2\/product\/1061","targetHints":{"allow":["GET"]}}],"collection":[{"href":"https:\/\/www.regionalis.shop\/petit-amour\/wp-json\/wp\/v2\/product"}],"about":[{"href":"https:\/\/www.regionalis.shop\/petit-amour\/wp-json\/wp\/v2\/types\/product"}],"wp:featuredmedia":[{"embeddable":true,"href":"https:\/\/www.regionalis.shop\/petit-amour\/wp-json\/wp\/v2\/media\/1062"}],"wp:attachment":[{"href":"https:\/\/www.regionalis.shop\/petit-amour\/wp-json\/wp\/v2\/media?parent=1061"}],"wp:term":[{"taxonomy":"product_brand","embeddable":true,"href":"https:\/\/www.regionalis.shop\/petit-amour\/wp-json\/wp\/v2\/product_brand?post=1061"},{"taxonomy":"product_cat","embeddable":true,"href":"https:\/\/www.regionalis.shop\/petit-amour\/wp-json\/wp\/v2\/product_cat?post=1061"},{"taxonomy":"product_tag","embeddable":true,"href":"https:\/\/www.regionalis.shop\/petit-amour\/wp-json\/wp\/v2\/product_tag?post=1061"}],"curies":[{"name":"wp","href":"https:\/\/api.w.org\/{rel}","templated":true}]}}