{"id":1065,"date":"2025-04-18T10:30:13","date_gmt":"2025-04-18T08:30:13","guid":{"rendered":"https:\/\/www.regionalis.shop\/petit-amour\/product\/geschenkbox-stabkerze-und-makramee-schluesselanhaenger\/"},"modified":"2025-04-18T10:30:13","modified_gmt":"2025-04-18T08:30:13","slug":"geschenkbox-stabkerze-und-makramee-schluesselanhaenger","status":"publish","type":"product","link":"https:\/\/www.regionalis.shop\/petit-amour\/shop\/geschenkbox-stabkerze-und-makramee-schluesselanhaenger\/","title":{"rendered":"Geschenkbox Stabkerze und Makramee Schl\u00fcsselanh\u00e4nger"},"content":{"rendered":"<p>Das perfekte Geschenk f\u00fcr Ihren Herzensmenschen.<br \/>\nDie Box wird mit Holzwolle und Trockenblume gef\u00fcllt und ist somit schon fertig eingepackt f\u00fcr seinen gro\u00dfen Auftritt<br \/>\nDie Box besteht aus einem Anh\u00e4nger und einer Stabkerze.<br \/>\nFarbe des Anh\u00e4ngers und Aufdruck der Kerze k\u00f6nnen gerne auf Wunsch ge\u00e4ndert werden.<\/p>\n","protected":false},"excerpt":{"rendered":"<p>Das perfekte Geschenk f\u00fcr Ihren Herzensmenschen. Die Box wird mit Holzwolle und Trockenblume gef\u00fcllt und ist somit schon fertig eingepackt f\u00fcr seinen gro\u00dfen Auftritt Die Box besteht aus einem Anh\u00e4nger und einer Stabkerze. Farbe des Anh\u00e4ngers und Aufdruck der Kerze k\u00f6nnen gerne auf Wunsch ge\u00e4ndert werden.<\/p>\n","protected":false},"featured_media":1066,"template":"","meta":{"_acf_changed":false},"product_brand":[],"product_cat":[151,103],"product_tag":[],"class_list":{"0":"post-1065","1":"product","2":"type-product","3":"status-publish","4":"has-post-thumbnail","6":"product_cat-kerzen-kerzenstaender","7":"product_cat-wohnen-deko","9":"first","10":"instock","11":"purchasable","12":"product-type-simple"},"acf":[],"_links":{"self":[{"href":"https:\/\/www.regionalis.shop\/petit-amour\/wp-json\/wp\/v2\/product\/1065","targetHints":{"allow":["GET"]}}],"collection":[{"href":"https:\/\/www.regionalis.shop\/petit-amour\/wp-json\/wp\/v2\/product"}],"about":[{"href":"https:\/\/www.regionalis.shop\/petit-amour\/wp-json\/wp\/v2\/types\/product"}],"wp:featuredmedia":[{"embeddable":true,"href":"https:\/\/www.regionalis.shop\/petit-amour\/wp-json\/wp\/v2\/media\/1066"}],"wp:attachment":[{"href":"https:\/\/www.regionalis.shop\/petit-amour\/wp-json\/wp\/v2\/media?parent=1065"}],"wp:term":[{"taxonomy":"product_brand","embeddable":true,"href":"https:\/\/www.regionalis.shop\/petit-amour\/wp-json\/wp\/v2\/product_brand?post=1065"},{"taxonomy":"product_cat","embeddable":true,"href":"https:\/\/www.regionalis.shop\/petit-amour\/wp-json\/wp\/v2\/product_cat?post=1065"},{"taxonomy":"product_tag","embeddable":true,"href":"https:\/\/www.regionalis.shop\/petit-amour\/wp-json\/wp\/v2\/product_tag?post=1065"}],"curies":[{"name":"wp","href":"https:\/\/api.w.org\/{rel}","templated":true}]}}