{"id":1071,"date":"2025-04-18T08:15:47","date_gmt":"2025-04-18T06:15:47","guid":{"rendered":"https:\/\/www.regionalis.shop\/petit-amour\/product\/makramee-schluesselanhaenger-flower-mit-individuellen-gruss\/"},"modified":"2025-04-18T08:15:47","modified_gmt":"2025-04-18T06:15:47","slug":"makramee-schluesselanhaenger-flower-mit-individuellen-gruss","status":"publish","type":"product","link":"https:\/\/www.regionalis.shop\/petit-amour\/shop\/makramee-schluesselanhaenger-flower-mit-individuellen-gruss\/","title":{"rendered":"Makramee Schl\u00fcsselanh\u00e4nger Flower mit individuellen Gru\u00df"},"content":{"rendered":"<p>Schl\u00fcsselanh\u00e4nger f\u00fcr kleine und gro\u00dfe Blumenm\u00e4dchen \ufe0f mit einem netten Gru\u00df wie zb (nur f\u00fcr dich, happy birthday, Dankesch\u00f6n, frohe Weihnachten uvm und Trockenblumen. Diese k\u00f6nnen von den Beispiel Bildern variieren.<\/p>\n","protected":false},"excerpt":{"rendered":"<p>Schl\u00fcsselanh\u00e4nger f\u00fcr kleine und gro\u00dfe Blumenm\u00e4dchen \ufe0f mit einem netten Gru\u00df wie zb (nur f\u00fcr dich, happy birthday, Dankesch\u00f6n, frohe Weihnachten uvm und Trockenblumen. Diese k\u00f6nnen von den Beispiel Bildern variieren.<\/p>\n","protected":false},"featured_media":1072,"template":"","meta":{"_acf_changed":false},"product_brand":[],"product_cat":[37,68],"product_tag":[],"class_list":{"0":"post-1071","1":"product","2":"type-product","3":"status-publish","4":"has-post-thumbnail","6":"product_cat-accessoires","7":"product_cat-schluesselanhaenger","9":"first","10":"instock","11":"purchasable","12":"product-type-simple"},"acf":[],"_links":{"self":[{"href":"https:\/\/www.regionalis.shop\/petit-amour\/wp-json\/wp\/v2\/product\/1071","targetHints":{"allow":["GET"]}}],"collection":[{"href":"https:\/\/www.regionalis.shop\/petit-amour\/wp-json\/wp\/v2\/product"}],"about":[{"href":"https:\/\/www.regionalis.shop\/petit-amour\/wp-json\/wp\/v2\/types\/product"}],"wp:featuredmedia":[{"embeddable":true,"href":"https:\/\/www.regionalis.shop\/petit-amour\/wp-json\/wp\/v2\/media\/1072"}],"wp:attachment":[{"href":"https:\/\/www.regionalis.shop\/petit-amour\/wp-json\/wp\/v2\/media?parent=1071"}],"wp:term":[{"taxonomy":"product_brand","embeddable":true,"href":"https:\/\/www.regionalis.shop\/petit-amour\/wp-json\/wp\/v2\/product_brand?post=1071"},{"taxonomy":"product_cat","embeddable":true,"href":"https:\/\/www.regionalis.shop\/petit-amour\/wp-json\/wp\/v2\/product_cat?post=1071"},{"taxonomy":"product_tag","embeddable":true,"href":"https:\/\/www.regionalis.shop\/petit-amour\/wp-json\/wp\/v2\/product_tag?post=1071"}],"curies":[{"name":"wp","href":"https:\/\/api.w.org\/{rel}","templated":true}]}}