{"id":1076,"date":"2025-04-18T08:12:59","date_gmt":"2025-04-18T06:12:59","guid":{"rendered":"https:\/\/www.regionalis.shop\/petit-amour\/product\/schluesselanhaenger-mit-individuellen-gruss\/"},"modified":"2025-04-18T08:12:59","modified_gmt":"2025-04-18T06:12:59","slug":"schluesselanhaenger-mit-individuellen-gruss","status":"publish","type":"product","link":"https:\/\/www.regionalis.shop\/petit-amour\/shop\/schluesselanhaenger-mit-individuellen-gruss\/","title":{"rendered":"Schl\u00fcsselanh\u00e4nger mit individuellen Gru\u00df"},"content":{"rendered":"<p>Der Schl\u00fcsselanh\u00e4nger ist in verschiedenen Farben und Aufdrucken (zb. Happy Birthday, alles gute zum Jubil\u00e4um, nur f\u00fcr dich, vom Herzen etc) erh\u00e4ltlich.<\/p>\n<p>Der Anh\u00e4nger wurde aus recycelter Baumwolle hergestellt und ist eine perfekte &#8222;Kleinigkeit&#8220; mit gro\u00dfer Wirkung. Zaubere dir oder dem Beschenkten ein L\u00e4cheln auf die Lippen. \ud83d\ude42<\/p>\n","protected":false},"excerpt":{"rendered":"<p>Der Schl\u00fcsselanh\u00e4nger ist in verschiedenen Farben und Aufdrucken (zb. Happy Birthday, alles gute zum Jubil\u00e4um, nur f\u00fcr dich, vom Herzen etc) erh\u00e4ltlich. Der Anh\u00e4nger wurde aus recycelter Baumwolle hergestellt und ist eine perfekte &#8222;Kleinigkeit&#8220; mit gro\u00dfer Wirkung. Zaubere dir oder dem Beschenkten ein L\u00e4cheln auf die Lippen. \ud83d\ude42<\/p>\n","protected":false},"featured_media":1077,"template":"","meta":{"_acf_changed":false},"product_brand":[],"product_cat":[37,68],"product_tag":[],"class_list":{"0":"post-1076","1":"product","2":"type-product","3":"status-publish","4":"has-post-thumbnail","6":"product_cat-accessoires","7":"product_cat-schluesselanhaenger","9":"first","10":"instock","11":"purchasable","12":"product-type-simple"},"acf":[],"_links":{"self":[{"href":"https:\/\/www.regionalis.shop\/petit-amour\/wp-json\/wp\/v2\/product\/1076","targetHints":{"allow":["GET"]}}],"collection":[{"href":"https:\/\/www.regionalis.shop\/petit-amour\/wp-json\/wp\/v2\/product"}],"about":[{"href":"https:\/\/www.regionalis.shop\/petit-amour\/wp-json\/wp\/v2\/types\/product"}],"wp:featuredmedia":[{"embeddable":true,"href":"https:\/\/www.regionalis.shop\/petit-amour\/wp-json\/wp\/v2\/media\/1077"}],"wp:attachment":[{"href":"https:\/\/www.regionalis.shop\/petit-amour\/wp-json\/wp\/v2\/media?parent=1076"}],"wp:term":[{"taxonomy":"product_brand","embeddable":true,"href":"https:\/\/www.regionalis.shop\/petit-amour\/wp-json\/wp\/v2\/product_brand?post=1076"},{"taxonomy":"product_cat","embeddable":true,"href":"https:\/\/www.regionalis.shop\/petit-amour\/wp-json\/wp\/v2\/product_cat?post=1076"},{"taxonomy":"product_tag","embeddable":true,"href":"https:\/\/www.regionalis.shop\/petit-amour\/wp-json\/wp\/v2\/product_tag?post=1076"}],"curies":[{"name":"wp","href":"https:\/\/api.w.org\/{rel}","templated":true}]}}