{"id":108,"date":"2024-03-04T10:57:41","date_gmt":"2024-03-04T10:57:41","guid":{"rendered":"https:\/\/stage.shop-it.at\/?page_id=108"},"modified":"2025-11-25T23:57:28","modified_gmt":"2025-11-25T22:57:28","slug":"info","status":"publish","type":"page","link":"https:\/\/www.regionalis.shop\/pressmayr\/info\/","title":{"rendered":"Info"},"content":{"rendered":"\n<p>Wir vom PRESSMAYRHOF widmen uns mit viel Idealismus unserem gro\u00dfen Naturgarten und der Erzeugung von K\u00f6stlichkeiten f\u00fcr Genie\u00dfer.<br>Auch wir selbst lieben den kulinarischen Genuss und das Experimentieren.<br>Verschiedenste Produkte entstehen im Laufe des Jahres aus Kr\u00e4utern, Obst und Gem\u00fcse:&nbsp;<\/p>\n\n\n\n<p>Sirupe, Chutneys, Marmeladen, Kr\u00e4utersalze, Kr\u00e4uterzucker, Tees, Bohnen, etc.<\/p>\n\n\n\n<p>Nebenbei vermehren wir \u00fcber 60 verschiedenste Bohnensorten &#8211; Bohnen selber anbauen macht Spa\u00df!<\/p>\n\n\n\n<p>Unsere Fl\u00e4chen pflegen wir nachhaltig und verantwortungsvoll, Natur und Vielfalt ist f\u00fcr uns das Ma\u00df aller Dinge.<br>Vom Pfl\u00e4nzchen bis zum fertigen Produkt \u2013 in unserem landwirtschaftlichen Familienbetrieb wird alles mit viel Liebe handgemacht.<\/p>\n\n\n\n<p>Familie Haselgruber<\/p>\n","protected":false},"excerpt":{"rendered":"<p>Wir vom PRESSMAYRHOF widmen uns mit viel Idealismus unserem gro\u00dfen Naturgarten und der Erzeugung von K\u00f6stlichkeiten f\u00fcr Genie\u00dfer.Auch wir selbst lieben den kulinarischen Genuss und das Experimentieren.Verschiedenste Produkte entstehen im Laufe des Jahres aus Kr\u00e4utern, Obst und Gem\u00fcse:&nbsp; Sirupe, Chutneys, Marmeladen, Kr\u00e4utersalze, Kr\u00e4uterzucker, Tees, Bohnen, etc. Nebenbei vermehren wir \u00fcber 60 verschiedenste Bohnensorten &#8211; Bohnen &hellip; <a href=\"https:\/\/www.regionalis.shop\/pressmayr\/info\/\">Continued<\/a><\/p>\n","protected":false},"author":1,"featured_media":1537,"parent":0,"menu_order":0,"comment_status":"closed","ping_status":"closed","template":"","meta":{"_acf_changed":false,"footnotes":""},"class_list":["post-108","page","type-page","status-publish","has-post-thumbnail","hentry"],"acf":[],"_links":{"self":[{"href":"https:\/\/www.regionalis.shop\/pressmayr\/wp-json\/wp\/v2\/pages\/108","targetHints":{"allow":["GET"]}}],"collection":[{"href":"https:\/\/www.regionalis.shop\/pressmayr\/wp-json\/wp\/v2\/pages"}],"about":[{"href":"https:\/\/www.regionalis.shop\/pressmayr\/wp-json\/wp\/v2\/types\/page"}],"author":[{"embeddable":true,"href":"https:\/\/www.regionalis.shop\/pressmayr\/wp-json\/wp\/v2\/users\/1"}],"replies":[{"embeddable":true,"href":"https:\/\/www.regionalis.shop\/pressmayr\/wp-json\/wp\/v2\/comments?post=108"}],"version-history":[{"count":40,"href":"https:\/\/www.regionalis.shop\/pressmayr\/wp-json\/wp\/v2\/pages\/108\/revisions"}],"predecessor-version":[{"id":2002,"href":"https:\/\/www.regionalis.shop\/pressmayr\/wp-json\/wp\/v2\/pages\/108\/revisions\/2002"}],"wp:featuredmedia":[{"embeddable":true,"href":"https:\/\/www.regionalis.shop\/pressmayr\/wp-json\/wp\/v2\/media\/1537"}],"wp:attachment":[{"href":"https:\/\/www.regionalis.shop\/pressmayr\/wp-json\/wp\/v2\/media?parent=108"}],"curies":[{"name":"wp","href":"https:\/\/api.w.org\/{rel}","templated":true}]}}