{"id":862,"date":"2025-05-24T13:44:06","date_gmt":"2025-05-24T11:44:06","guid":{"rendered":"https:\/\/starter.stage.shop-it.at\/?page_id=862"},"modified":"2025-11-21T08:41:36","modified_gmt":"2025-11-21T07:41:36","slug":"startseite","status":"publish","type":"page","link":"https:\/\/www.regionalis.shop\/pressmayr\/","title":{"rendered":"Startseite"},"content":{"rendered":"<div data-block-name=\"woocommerce\/store-notices\" class=\"wc-block-store-notices woocommerce alignwide alignwide wp-block-woocommerce-store-notices\"><div class=\"woocommerce-notices-wrapper\"><\/div><\/div>\n\n\n<p class=\"has-medium-font-size\"><strong>Feines aus dem Naturgarten<\/strong><\/p>\n\n\n\n<p>Ob B\u00f6hmerwald Cola Sirup, Zwetschken-Ingwer Chutney oder Quitten Marmelade \u2013 bei uns wird jeder Genie\u00dfer f\u00fcndig!<\/p>\n\n\n\n<p>In unserem \u00f6kologisch gepflegten Naturgarten am Fu\u00dfe des B\u00f6hmerwalds im Oberen M\u00fchlviertel (O\u00d6) w\u00e4chst eine gro\u00dfe Vielfalt an Kr\u00e4utern, Obst und Gem\u00fcse. Die Ernte wird mit viel Liebe zur Kulinarik und Experimentierfreude zu edel verpackten Delikatessen verarbeitet.<\/p>\n\n\n\n<p>Seit kurzem sind wir zudem stolze Mitglieder von &#8222;Gutes vom Bauernhof&#8220; sowie ein &#8222;AMA-Genussregion-Bauernhof&#8220;.<\/p>\n\n\n\n<p><\/p>\n\n\n\n<p><\/p>\n","protected":false},"excerpt":{"rendered":"<p>Feines aus dem Naturgarten Ob B\u00f6hmerwald Cola Sirup, Zwetschken-Ingwer Chutney oder Quitten Marmelade \u2013 bei uns wird jeder Genie\u00dfer f\u00fcndig! In unserem \u00f6kologisch gepflegten Naturgarten am Fu\u00dfe des B\u00f6hmerwalds im Oberen M\u00fchlviertel (O\u00d6) w\u00e4chst eine gro\u00dfe Vielfalt an Kr\u00e4utern, Obst und Gem\u00fcse. Die Ernte wird mit viel Liebe zur Kulinarik und Experimentierfreude zu edel verpackten &hellip; <a href=\"https:\/\/www.regionalis.shop\/pressmayr\/\">Continued<\/a><\/p>\n","protected":false},"author":1,"featured_media":1537,"parent":0,"menu_order":0,"comment_status":"closed","ping_status":"closed","template":"template-home.blade.php","meta":{"_acf_changed":false,"footnotes":""},"class_list":["post-862","page","type-page","status-publish","has-post-thumbnail","hentry"],"acf":[],"_links":{"self":[{"href":"https:\/\/www.regionalis.shop\/pressmayr\/wp-json\/wp\/v2\/pages\/862","targetHints":{"allow":["GET"]}}],"collection":[{"href":"https:\/\/www.regionalis.shop\/pressmayr\/wp-json\/wp\/v2\/pages"}],"about":[{"href":"https:\/\/www.regionalis.shop\/pressmayr\/wp-json\/wp\/v2\/types\/page"}],"author":[{"embeddable":true,"href":"https:\/\/www.regionalis.shop\/pressmayr\/wp-json\/wp\/v2\/users\/1"}],"replies":[{"embeddable":true,"href":"https:\/\/www.regionalis.shop\/pressmayr\/wp-json\/wp\/v2\/comments?post=862"}],"version-history":[{"count":31,"href":"https:\/\/www.regionalis.shop\/pressmayr\/wp-json\/wp\/v2\/pages\/862\/revisions"}],"predecessor-version":[{"id":1998,"href":"https:\/\/www.regionalis.shop\/pressmayr\/wp-json\/wp\/v2\/pages\/862\/revisions\/1998"}],"wp:featuredmedia":[{"embeddable":true,"href":"https:\/\/www.regionalis.shop\/pressmayr\/wp-json\/wp\/v2\/media\/1537"}],"wp:attachment":[{"href":"https:\/\/www.regionalis.shop\/pressmayr\/wp-json\/wp\/v2\/media?parent=862"}],"curies":[{"name":"wp","href":"https:\/\/api.w.org\/{rel}","templated":true}]}}