{"id":1876,"date":"2025-11-20T12:04:13","date_gmt":"2025-11-20T11:04:13","guid":{"rendered":"https:\/\/www.regionalis.shop\/pressmayr\/shop\/rhabarber-minze-sirup\/"},"modified":"2025-11-21T08:24:38","modified_gmt":"2025-11-21T07:24:38","slug":"rhabarber-minze-sirup","status":"publish","type":"product","link":"https:\/\/www.regionalis.shop\/pressmayr\/shop\/rhabarber-minze-sirup\/","title":{"rendered":"Rhabarber-Minze Sirup"},"content":{"rendered":"<p>Zutaten: Rhabarbersaft, Zucker, Minz-Extrakt, S\u00e4uerungsmittel: Citronens\u00e4ure<\/p>\n<p>Lichtgesch\u00fctzt aufbewahren. Nach dem \u00d6ffnen im K\u00fchlschrank lagern und bald verbrauchen.<\/p>\n<p>Inhalt: 250ml<\/p>\n<p>Verd\u00fcnnbar 1:7<\/p>\n","protected":false},"excerpt":{"rendered":"<p>Bis sp\u00e4testens Mitte Juni ist es Zeit, die Rhabarberstangen zu ernten, wenn sie zwischen den riesigen Bl\u00e4ttern rot und verf\u00fchrerisch hervorblinzeln. Der Rhabarber wird samt roter Schale dampfentsaftet und gemeinsam mit Minze angesetzt. Heraus kommt dabei ein kitschig rosarotes, minzig-s\u00e4uerliches Erfrischungsgetr\u00e4nk.<\/p>\n<p>Verwendung: schmeckt hervorragend und erfrischend mit Mineralwasser verd\u00fcnnt, aber auch im Sekt.<\/p>\n","protected":false},"featured_media":1406,"template":"","meta":{"_acf_changed":false},"product_brand":[],"product_cat":[18],"product_tag":[],"class_list":{"0":"post-1876","1":"product","2":"type-product","3":"status-publish","4":"has-post-thumbnail","6":"product_cat-uncategorised","8":"first","9":"instock","10":"taxable","11":"shipping-taxable","12":"purchasable","13":"product-type-simple"},"acf":[],"_links":{"self":[{"href":"https:\/\/www.regionalis.shop\/pressmayr\/wp-json\/wp\/v2\/product\/1876","targetHints":{"allow":["GET"]}}],"collection":[{"href":"https:\/\/www.regionalis.shop\/pressmayr\/wp-json\/wp\/v2\/product"}],"about":[{"href":"https:\/\/www.regionalis.shop\/pressmayr\/wp-json\/wp\/v2\/types\/product"}],"wp:featuredmedia":[{"embeddable":true,"href":"https:\/\/www.regionalis.shop\/pressmayr\/wp-json\/wp\/v2\/media\/1406"}],"wp:attachment":[{"href":"https:\/\/www.regionalis.shop\/pressmayr\/wp-json\/wp\/v2\/media?parent=1876"}],"wp:term":[{"taxonomy":"product_brand","embeddable":true,"href":"https:\/\/www.regionalis.shop\/pressmayr\/wp-json\/wp\/v2\/product_brand?post=1876"},{"taxonomy":"product_cat","embeddable":true,"href":"https:\/\/www.regionalis.shop\/pressmayr\/wp-json\/wp\/v2\/product_cat?post=1876"},{"taxonomy":"product_tag","embeddable":true,"href":"https:\/\/www.regionalis.shop\/pressmayr\/wp-json\/wp\/v2\/product_tag?post=1876"}],"curies":[{"name":"wp","href":"https:\/\/api.w.org\/{rel}","templated":true}]}}