{"id":1878,"date":"2025-11-20T12:04:14","date_gmt":"2025-11-20T11:04:14","guid":{"rendered":"https:\/\/www.regionalis.shop\/pressmayr\/shop\/boehmerwald-cola-sirup\/"},"modified":"2025-11-21T08:24:38","modified_gmt":"2025-11-21T07:24:38","slug":"boehmerwald-cola-sirup","status":"publish","type":"product","link":"https:\/\/www.regionalis.shop\/pressmayr\/shop\/boehmerwald-cola-sirup\/","title":{"rendered":"B\u00f6hmerwald Cola Sirup"},"content":{"rendered":"<p>Zutaten: Wasser, Zucker, Colakraut-, Pfefferminz-Extrakt, Bio-Zitronenschale, Bio-Orangenschale, Gew\u00fcrze, Zucker-Karamell-Sirup, S\u00e4uerungsmittel: Citronens\u00e4ure<\/p>\n<p>Lichtgesch\u00fctzt aufbewahren. Nach dem \u00d6ffnen im K\u00fchlschrank lagern und bald verbrauchen.<\/p>\n<p>Verd\u00fcnnbar 1:7<\/p>\n<p>Inhalt: 250ml<\/p>\n","protected":false},"excerpt":{"rendered":"<p>Unser Kundenliebling! Das auch bei uns winterharte Colakraut &#8211; Artemisia abrotanum var. maritima &#8211; ist schon eine eigenartige Pflanze. Schon allein der Duft der filigranen Bl\u00e4tter rund um einen kr\u00e4ftigen St\u00e4ngel erinnert sehr stark an das weltber\u00fchmte Getr\u00e4nk. Lernen auch Sie unsere spritzige und nat\u00fcrliche Alternative aus dem B\u00f6hmerwald kennen und sch\u00e4tzen!<\/p>\n<p>Verwendung: die Kreation aus Colakraut, Minze und einer &#8211; geheimen \ud83d\ude09 &#8211; Mischung von Gew\u00fcrzen schmeckt am besten mit Mineralwasser. Und begeistert sicher nicht nur Kinder!<\/p>\n","protected":false},"featured_media":1414,"template":"","meta":{"_acf_changed":false},"product_brand":[],"product_cat":[18],"product_tag":[],"class_list":{"0":"post-1878","1":"product","2":"type-product","3":"status-publish","4":"has-post-thumbnail","6":"product_cat-uncategorised","8":"first","9":"instock","10":"taxable","11":"shipping-taxable","12":"purchasable","13":"product-type-simple"},"acf":[],"_links":{"self":[{"href":"https:\/\/www.regionalis.shop\/pressmayr\/wp-json\/wp\/v2\/product\/1878","targetHints":{"allow":["GET"]}}],"collection":[{"href":"https:\/\/www.regionalis.shop\/pressmayr\/wp-json\/wp\/v2\/product"}],"about":[{"href":"https:\/\/www.regionalis.shop\/pressmayr\/wp-json\/wp\/v2\/types\/product"}],"wp:featuredmedia":[{"embeddable":true,"href":"https:\/\/www.regionalis.shop\/pressmayr\/wp-json\/wp\/v2\/media\/1414"}],"wp:attachment":[{"href":"https:\/\/www.regionalis.shop\/pressmayr\/wp-json\/wp\/v2\/media?parent=1878"}],"wp:term":[{"taxonomy":"product_brand","embeddable":true,"href":"https:\/\/www.regionalis.shop\/pressmayr\/wp-json\/wp\/v2\/product_brand?post=1878"},{"taxonomy":"product_cat","embeddable":true,"href":"https:\/\/www.regionalis.shop\/pressmayr\/wp-json\/wp\/v2\/product_cat?post=1878"},{"taxonomy":"product_tag","embeddable":true,"href":"https:\/\/www.regionalis.shop\/pressmayr\/wp-json\/wp\/v2\/product_tag?post=1878"}],"curies":[{"name":"wp","href":"https:\/\/api.w.org\/{rel}","templated":true}]}}