{"id":1879,"date":"2025-11-20T12:04:14","date_gmt":"2025-11-20T11:04:14","guid":{"rendered":"https:\/\/www.regionalis.shop\/pressmayr\/shop\/rosmarin-zitrone-sirup\/"},"modified":"2025-11-21T08:24:38","modified_gmt":"2025-11-21T07:24:38","slug":"rosmarin-zitrone-sirup","status":"publish","type":"product","link":"https:\/\/www.regionalis.shop\/pressmayr\/shop\/rosmarin-zitrone-sirup\/","title":{"rendered":"Rosmarin-Zitrone Sirup"},"content":{"rendered":"<p>Zutaten: Wasser, Zucker, Rosmarin- und Ingwer-Extrakt, Zitronensaft, Zitronenschale, S\u00e4uerungsmittel: Citronens\u00e4ure<\/p>\n<p>Lichtgesch\u00fctzt aufbewahren. Nach dem \u00d6ffnen im K\u00fchlschrank lagern und bald verbrauchen.<\/p>\n<p>Verd\u00fcnnbar: 1:7<\/p>\n<p>Inhalt: 250ml<\/p>\n","protected":false},"excerpt":{"rendered":"<p>Bei uns im M\u00fchlviertel ist der Rosmarin nur bedingt winterhart. Nur in unserem Folientunnel f\u00fchlt er sich so richtig wohl und \u00fcbersteht die tiefsten Temperaturen.<\/p>\n<p>Das herb-harzige Aroma des Rosmarins ergibt gemeinsam mit dem Zitronensaft eine wunderbar erfrischende, spritzige Limonade f\u00fcr hei\u00dfe Sommertage, aber auch f\u00fcr den Rest des Jahres.<\/p>\n<p>Verwendung: am besten mit Mineralwasser verd\u00fcnnen. K\u00f6stlich auch im Sekt!<\/p>\n","protected":false},"featured_media":1417,"template":"","meta":{"_acf_changed":false},"product_brand":[],"product_cat":[18],"product_tag":[],"class_list":{"0":"post-1879","1":"product","2":"type-product","3":"status-publish","4":"has-post-thumbnail","6":"product_cat-uncategorised","8":"first","9":"instock","10":"taxable","11":"shipping-taxable","12":"purchasable","13":"product-type-simple"},"acf":[],"_links":{"self":[{"href":"https:\/\/www.regionalis.shop\/pressmayr\/wp-json\/wp\/v2\/product\/1879","targetHints":{"allow":["GET"]}}],"collection":[{"href":"https:\/\/www.regionalis.shop\/pressmayr\/wp-json\/wp\/v2\/product"}],"about":[{"href":"https:\/\/www.regionalis.shop\/pressmayr\/wp-json\/wp\/v2\/types\/product"}],"wp:featuredmedia":[{"embeddable":true,"href":"https:\/\/www.regionalis.shop\/pressmayr\/wp-json\/wp\/v2\/media\/1417"}],"wp:attachment":[{"href":"https:\/\/www.regionalis.shop\/pressmayr\/wp-json\/wp\/v2\/media?parent=1879"}],"wp:term":[{"taxonomy":"product_brand","embeddable":true,"href":"https:\/\/www.regionalis.shop\/pressmayr\/wp-json\/wp\/v2\/product_brand?post=1879"},{"taxonomy":"product_cat","embeddable":true,"href":"https:\/\/www.regionalis.shop\/pressmayr\/wp-json\/wp\/v2\/product_cat?post=1879"},{"taxonomy":"product_tag","embeddable":true,"href":"https:\/\/www.regionalis.shop\/pressmayr\/wp-json\/wp\/v2\/product_tag?post=1879"}],"curies":[{"name":"wp","href":"https:\/\/api.w.org\/{rel}","templated":true}]}}