{"id":1880,"date":"2025-11-20T12:04:15","date_gmt":"2025-11-20T11:04:15","guid":{"rendered":"https:\/\/www.regionalis.shop\/pressmayr\/shop\/salbei-zitronenmelisse-sirup\/"},"modified":"2025-11-21T08:24:37","modified_gmt":"2025-11-21T07:24:37","slug":"salbei-zitronenmelisse-sirup","status":"publish","type":"product","link":"https:\/\/www.regionalis.shop\/pressmayr\/shop\/salbei-zitronenmelisse-sirup\/","title":{"rendered":"Salbei-Zitronenmelisse Sirup"},"content":{"rendered":"<p>Zutaten: Wasser, Zucker, Salbei- und Zitronenmelissen-Extrakt, S\u00e4uerungsmittel: Citronens\u00e4ure<\/p>\n<p>Lichtgesch\u00fctzt aufbewahren. Nach dem \u00d6ffnen im K\u00fchlschrank lagern und bald verbrauchen.<\/p>\n<p>Verd\u00fcnnbar: 1:7<\/p>\n<p>Inhalt: 250ml<\/p>\n","protected":false},"excerpt":{"rendered":"<p>Wer Salbei nur krank und in Teeform zu sich nimmt, der hat definitiv etwas vers\u00e4umt: in Form unseres Sirups schmeckt Salbei wunderbar erfrischend und k\u00f6stlich.<\/p>\n<p>Salbei kann viel mehr, als ihm landl\u00e4ufig als Halsweh-Kraut zugetraut wird. Vor allem in frischer Form \u00fcberzeugen seine behaarten Bl\u00e4tter auf sanft-herbe Art sowohl in der K\u00fcche als auch in der Sirupflasche. Die saftig-gr\u00fcne Zitronenmelisse steuert ihre zitronige Note bei und heraus kommt ein hervorragender Durstl\u00f6scher.<\/p>\n<p>Diese beiden &#8222;Garten-Urgesteine&#8220; bet\u00f6ren einerseits mit ihren sch\u00f6nen filigranen Bl\u00fcten die Insektenwelt, andererseits bieten sie auch in der K\u00fcche gro\u00dfe Vielfalt in der Verwendung.<\/p>\n<p>Verwendung: schmeckt erfrischend mit Leitungs- oder Mineralwasser verd\u00fcnnt.<\/p>\n","protected":false},"featured_media":1420,"template":"","meta":{"_acf_changed":false},"product_brand":[],"product_cat":[18],"product_tag":[],"class_list":{"0":"post-1880","1":"product","2":"type-product","3":"status-publish","4":"has-post-thumbnail","6":"product_cat-uncategorised","8":"first","9":"instock","10":"taxable","11":"shipping-taxable","12":"purchasable","13":"product-type-simple"},"acf":[],"_links":{"self":[{"href":"https:\/\/www.regionalis.shop\/pressmayr\/wp-json\/wp\/v2\/product\/1880","targetHints":{"allow":["GET"]}}],"collection":[{"href":"https:\/\/www.regionalis.shop\/pressmayr\/wp-json\/wp\/v2\/product"}],"about":[{"href":"https:\/\/www.regionalis.shop\/pressmayr\/wp-json\/wp\/v2\/types\/product"}],"wp:featuredmedia":[{"embeddable":true,"href":"https:\/\/www.regionalis.shop\/pressmayr\/wp-json\/wp\/v2\/media\/1420"}],"wp:attachment":[{"href":"https:\/\/www.regionalis.shop\/pressmayr\/wp-json\/wp\/v2\/media?parent=1880"}],"wp:term":[{"taxonomy":"product_brand","embeddable":true,"href":"https:\/\/www.regionalis.shop\/pressmayr\/wp-json\/wp\/v2\/product_brand?post=1880"},{"taxonomy":"product_cat","embeddable":true,"href":"https:\/\/www.regionalis.shop\/pressmayr\/wp-json\/wp\/v2\/product_cat?post=1880"},{"taxonomy":"product_tag","embeddable":true,"href":"https:\/\/www.regionalis.shop\/pressmayr\/wp-json\/wp\/v2\/product_tag?post=1880"}],"curies":[{"name":"wp","href":"https:\/\/api.w.org\/{rel}","templated":true}]}}