{"id":1883,"date":"2025-11-20T12:04:16","date_gmt":"2025-11-20T11:04:16","guid":{"rendered":"https:\/\/www.regionalis.shop\/pressmayr\/shop\/loewenzahnblueten-sirup\/"},"modified":"2025-11-21T08:26:16","modified_gmt":"2025-11-21T07:26:16","slug":"loewenzahnblueten-sirup","status":"publish","type":"product","link":"https:\/\/www.regionalis.shop\/pressmayr\/shop\/loewenzahnblueten-sirup\/","title":{"rendered":"L\u00f6wenzahnbl\u00fcten Sirup"},"content":{"rendered":"<p>Zutaten: Wasser, Zucker, L\u00f6wenzahnbl\u00fcten-Extrakt, Bio-Orangen, Bio-Zitronen, Ingwer, S\u00e4uerungsmittel: Citronens\u00e4ure<\/p>\n<p>Lichtgesch\u00fctzt aufbewahren. Nach dem \u00d6ffnen im K\u00fchlschrank lagern und bald verbrauchen.<\/p>\n<p>Inhalt: 250ml<\/p>\n<p>Verd\u00fcnnbar 1:7<\/p>\n","protected":false},"excerpt":{"rendered":"<p>Im April h\u00fcllt diese Pflanze unsere ganze Landschaft in wundersch\u00f6nes, hellgelbes Strahlen und die Bienen wissen gar nicht wo sie mit dem Nektarsammeln anfangen sollen.<\/p>\n<p>Auch wir bedienen uns des s\u00fc\u00dflich-honigartig duftenden Nektars in den gelben (zu Mittag voll aufgebl\u00fchten) Bl\u00fcten indem wir sie mit Wasser, Ingwer, Zitronen- und Orangenscheiben ansetzen und daraus einen wohlschmeckenden Sirup herstellen. Einfach, regional, g&#8217;schmackig und wahrscheinlich auch gesund!<\/p>\n<p>Verwendung: wie alle Sirupe mit Mineralwasser oder Leitungswasser genie\u00dfen. Verhei\u00dft an warmen Tagen spritzig-liebliche Erfrischung!<\/p>\n","protected":false},"featured_media":1431,"template":"","meta":{"_acf_changed":false},"product_brand":[],"product_cat":[18],"product_tag":[],"class_list":{"0":"post-1883","1":"product","2":"type-product","3":"status-publish","4":"has-post-thumbnail","6":"product_cat-uncategorised","8":"first","9":"instock","10":"taxable","11":"shipping-taxable","12":"purchasable","13":"product-type-simple"},"acf":[],"_links":{"self":[{"href":"https:\/\/www.regionalis.shop\/pressmayr\/wp-json\/wp\/v2\/product\/1883","targetHints":{"allow":["GET"]}}],"collection":[{"href":"https:\/\/www.regionalis.shop\/pressmayr\/wp-json\/wp\/v2\/product"}],"about":[{"href":"https:\/\/www.regionalis.shop\/pressmayr\/wp-json\/wp\/v2\/types\/product"}],"wp:featuredmedia":[{"embeddable":true,"href":"https:\/\/www.regionalis.shop\/pressmayr\/wp-json\/wp\/v2\/media\/1431"}],"wp:attachment":[{"href":"https:\/\/www.regionalis.shop\/pressmayr\/wp-json\/wp\/v2\/media?parent=1883"}],"wp:term":[{"taxonomy":"product_brand","embeddable":true,"href":"https:\/\/www.regionalis.shop\/pressmayr\/wp-json\/wp\/v2\/product_brand?post=1883"},{"taxonomy":"product_cat","embeddable":true,"href":"https:\/\/www.regionalis.shop\/pressmayr\/wp-json\/wp\/v2\/product_cat?post=1883"},{"taxonomy":"product_tag","embeddable":true,"href":"https:\/\/www.regionalis.shop\/pressmayr\/wp-json\/wp\/v2\/product_tag?post=1883"}],"curies":[{"name":"wp","href":"https:\/\/api.w.org\/{rel}","templated":true}]}}