{"id":1884,"date":"2025-11-20T12:04:16","date_gmt":"2025-11-20T11:04:16","guid":{"rendered":"https:\/\/www.regionalis.shop\/pressmayr\/shop\/basilikum-zitrone-sirup\/"},"modified":"2025-11-21T08:26:10","modified_gmt":"2025-11-21T07:26:10","slug":"basilikum-zitrone-sirup","status":"publish","type":"product","link":"https:\/\/www.regionalis.shop\/pressmayr\/shop\/basilikum-zitrone-sirup\/","title":{"rendered":"Basilikum-Zitrone Sirup"},"content":{"rendered":"<p>Zutaten: Wasser, Zucker, Basilikum-Extrakt, Zitronensaft, S\u00e4uerungsmittel: Citronens\u00e4ure.<\/p>\n<p>Lichtgesch\u00fctzt aufbewahren. Nach dem \u00d6ffnen im K\u00fchlschrank lagern und bald verbrauchen.<\/p>\n<p>Inhalt: 250ml<\/p>\n<p>Verd\u00fcnnbar 1:7<\/p>\n","protected":false},"excerpt":{"rendered":"<p>Die Verwendung von Basilikum (in unserem Falle Genoveser Basilikum und Zitronenbasilikum) muss sich nicht unbedingt auf italienische Speisen beschr\u00e4nken. Das Aroma harmoniert auch ganz ausgezeichnet mit Zitronensaft als sehr erfrischendes Getr\u00e4nk.<\/p>\n<p>Verwendung: klassischerweise mit Mineralwasser oder Leitungswasser, ist aber auch als Zusatz zu Prosecco oder einem wei\u00dfen G&#8217;Spritzten einen Versuch wert.<\/p>\n","protected":false},"featured_media":1434,"template":"","meta":{"_acf_changed":false},"product_brand":[],"product_cat":[18],"product_tag":[],"class_list":{"0":"post-1884","1":"product","2":"type-product","3":"status-publish","4":"has-post-thumbnail","6":"product_cat-uncategorised","8":"first","9":"instock","10":"taxable","11":"shipping-taxable","12":"purchasable","13":"product-type-simple"},"acf":[],"_links":{"self":[{"href":"https:\/\/www.regionalis.shop\/pressmayr\/wp-json\/wp\/v2\/product\/1884","targetHints":{"allow":["GET"]}}],"collection":[{"href":"https:\/\/www.regionalis.shop\/pressmayr\/wp-json\/wp\/v2\/product"}],"about":[{"href":"https:\/\/www.regionalis.shop\/pressmayr\/wp-json\/wp\/v2\/types\/product"}],"wp:featuredmedia":[{"embeddable":true,"href":"https:\/\/www.regionalis.shop\/pressmayr\/wp-json\/wp\/v2\/media\/1434"}],"wp:attachment":[{"href":"https:\/\/www.regionalis.shop\/pressmayr\/wp-json\/wp\/v2\/media?parent=1884"}],"wp:term":[{"taxonomy":"product_brand","embeddable":true,"href":"https:\/\/www.regionalis.shop\/pressmayr\/wp-json\/wp\/v2\/product_brand?post=1884"},{"taxonomy":"product_cat","embeddable":true,"href":"https:\/\/www.regionalis.shop\/pressmayr\/wp-json\/wp\/v2\/product_cat?post=1884"},{"taxonomy":"product_tag","embeddable":true,"href":"https:\/\/www.regionalis.shop\/pressmayr\/wp-json\/wp\/v2\/product_tag?post=1884"}],"curies":[{"name":"wp","href":"https:\/\/api.w.org\/{rel}","templated":true}]}}