{"id":1886,"date":"2025-11-20T12:04:17","date_gmt":"2025-11-20T11:04:17","guid":{"rendered":"https:\/\/www.regionalis.shop\/pressmayr\/shop\/gurke-zitronenmelisse-sirup\/"},"modified":"2025-11-20T12:06:27","modified_gmt":"2025-11-20T11:06:27","slug":"gurke-zitronenmelisse-sirup","status":"publish","type":"product","link":"https:\/\/www.regionalis.shop\/pressmayr\/shop\/gurke-zitronenmelisse-sirup\/","title":{"rendered":"Gurke-Zitronenmelisse Sirup"},"content":{"rendered":"<p>Zutaten: Wasser, Zucker, Extrakt aus Gurke, Zitronenmelisse, S\u00e4uerungsmittel: Citronens\u00e4ure.<\/p>\n<p>Lichtgesch\u00fctzt aufbewahren. Nach dem \u00d6ffnen im K\u00fchlschrank lagern und bald verbrauchen.<\/p>\n<p>Inhalt: 250ml<\/p>\n<p>Verd\u00fcnnbar 1:7<\/p>\n","protected":false},"excerpt":{"rendered":"<p>Inspiriert durch den Trend, Gurken f\u00fcr Cocktails zu verwenden, kam die Idee, die eigentlich neutral schmeckende, in unseren Breiten aber nur in salzigem Zusammenhang verwendete, Gurke einmal als Sirup auszuprobieren.<\/p>\n<p>Gerade im Sommer ist die Gurke mit ihrem hohen Wassergehalt ein k\u00fchlendes Lebensmittel. Und da die Zitronenmelisse gerade so sch\u00f6n w\u00e4chst und vor der Bl\u00fcte geerntet werden will, wandert sie gemeinsam mit ihr in den Siruptopf.<\/p>\n<p>Herausgekommen ist ein wirklich leckeres Getr\u00e4nke, welches man probiert haben muss! Die Kombination aus erfrischendem Gurkenaroma und der zitronigen Melisse \u00fcberzeugt beim ersten Schluck &#8211; auch anf\u00e4ngliche Skeptiker!<\/p>\n<p>Verwendung: klassischerweise mit Mineralwasser oder Leitungswasser, ist aber auch als Zusatz zu Prosecco oder einem wei\u00dfen G&#8217;Spritzten einen Versuch wert. Sehr erfrischend!<\/p>\n","protected":false},"featured_media":1456,"template":"","meta":{"_acf_changed":false},"product_brand":[],"product_cat":[167,18],"product_tag":[],"class_list":{"0":"post-1886","1":"product","2":"type-product","3":"status-publish","4":"has-post-thumbnail","6":"product_cat-saefte-sirupe","7":"product_cat-uncategorised","9":"first","10":"instock","11":"taxable","12":"shipping-taxable","13":"purchasable","14":"product-type-simple"},"acf":[],"_links":{"self":[{"href":"https:\/\/www.regionalis.shop\/pressmayr\/wp-json\/wp\/v2\/product\/1886","targetHints":{"allow":["GET"]}}],"collection":[{"href":"https:\/\/www.regionalis.shop\/pressmayr\/wp-json\/wp\/v2\/product"}],"about":[{"href":"https:\/\/www.regionalis.shop\/pressmayr\/wp-json\/wp\/v2\/types\/product"}],"wp:featuredmedia":[{"embeddable":true,"href":"https:\/\/www.regionalis.shop\/pressmayr\/wp-json\/wp\/v2\/media\/1456"}],"wp:attachment":[{"href":"https:\/\/www.regionalis.shop\/pressmayr\/wp-json\/wp\/v2\/media?parent=1886"}],"wp:term":[{"taxonomy":"product_brand","embeddable":true,"href":"https:\/\/www.regionalis.shop\/pressmayr\/wp-json\/wp\/v2\/product_brand?post=1886"},{"taxonomy":"product_cat","embeddable":true,"href":"https:\/\/www.regionalis.shop\/pressmayr\/wp-json\/wp\/v2\/product_cat?post=1886"},{"taxonomy":"product_tag","embeddable":true,"href":"https:\/\/www.regionalis.shop\/pressmayr\/wp-json\/wp\/v2\/product_tag?post=1886"}],"curies":[{"name":"wp","href":"https:\/\/api.w.org\/{rel}","templated":true}]}}