{"id":1889,"date":"2025-11-20T12:04:18","date_gmt":"2025-11-20T11:04:18","guid":{"rendered":"https:\/\/www.regionalis.shop\/pressmayr\/shop\/holunder-rose-sirup\/"},"modified":"2025-11-20T12:06:26","modified_gmt":"2025-11-20T11:06:26","slug":"holunder-rose-sirup","status":"publish","type":"product","link":"https:\/\/www.regionalis.shop\/pressmayr\/shop\/holunder-rose-sirup\/","title":{"rendered":"Holunder-Rose Sirup"},"content":{"rendered":"<p>Zutaten: Wasser, Zucker, Extrakt aus Holunder- und Rosenbl\u00fcten, Bio-Zitronen, Bio-Orangen, S\u00e4uerungsmittel: Citronens\u00e4ure<\/p>\n<p>Verd\u00fcnnbar: 1:7<\/p>\n<p>Lichtgesch\u00fctzt aufbewahren. Nach dem \u00d6ffnen im K\u00fchlschrank lagern und bald verbrauchen.<\/p>\n<p>Inhalt: 250ml<\/p>\n","protected":false},"excerpt":{"rendered":"<p>Holunder- und Rosenzeit: das sind die sch\u00f6nsten Wochen im Jahr.<\/p>\n<p>Diese beiden so duftintensiven, und auch im rauen M\u00fchlviertel hervorragend wachsenden, Pflanzen verbreiten ihr Aroma gro\u00dfz\u00fcgig und \u00fcber Wochen anhaltend. So finden sie auch im Kochtopf zueinander und erfreuen uns mit einem kitschig rosaroten und wunderbar blumigen Sirup.<\/p>\n<p>Verwendung: schmeckt k\u00f6stlich mit Mineral- oder Leitungswasser, aber auch im Prosecco oder Obstsalat!<\/p>\n","protected":false},"featured_media":1479,"template":"","meta":{"_acf_changed":false},"product_brand":[],"product_cat":[167,18],"product_tag":[],"class_list":{"0":"post-1889","1":"product","2":"type-product","3":"status-publish","4":"has-post-thumbnail","6":"product_cat-saefte-sirupe","7":"product_cat-uncategorised","9":"first","10":"instock","11":"taxable","12":"shipping-taxable","13":"purchasable","14":"product-type-simple"},"acf":[],"_links":{"self":[{"href":"https:\/\/www.regionalis.shop\/pressmayr\/wp-json\/wp\/v2\/product\/1889","targetHints":{"allow":["GET"]}}],"collection":[{"href":"https:\/\/www.regionalis.shop\/pressmayr\/wp-json\/wp\/v2\/product"}],"about":[{"href":"https:\/\/www.regionalis.shop\/pressmayr\/wp-json\/wp\/v2\/types\/product"}],"wp:featuredmedia":[{"embeddable":true,"href":"https:\/\/www.regionalis.shop\/pressmayr\/wp-json\/wp\/v2\/media\/1479"}],"wp:attachment":[{"href":"https:\/\/www.regionalis.shop\/pressmayr\/wp-json\/wp\/v2\/media?parent=1889"}],"wp:term":[{"taxonomy":"product_brand","embeddable":true,"href":"https:\/\/www.regionalis.shop\/pressmayr\/wp-json\/wp\/v2\/product_brand?post=1889"},{"taxonomy":"product_cat","embeddable":true,"href":"https:\/\/www.regionalis.shop\/pressmayr\/wp-json\/wp\/v2\/product_cat?post=1889"},{"taxonomy":"product_tag","embeddable":true,"href":"https:\/\/www.regionalis.shop\/pressmayr\/wp-json\/wp\/v2\/product_tag?post=1889"}],"curies":[{"name":"wp","href":"https:\/\/api.w.org\/{rel}","templated":true}]}}