{"id":1891,"date":"2025-11-20T12:04:19","date_gmt":"2025-11-20T11:04:19","guid":{"rendered":"https:\/\/www.regionalis.shop\/pressmayr\/shop\/holunder-minze-sirup\/"},"modified":"2025-11-20T12:06:26","modified_gmt":"2025-11-20T11:06:26","slug":"holunder-minze-sirup","status":"publish","type":"product","link":"https:\/\/www.regionalis.shop\/pressmayr\/shop\/holunder-minze-sirup\/","title":{"rendered":"Holunder-Minze Sirup"},"content":{"rendered":"<p>Zutaten: Wasser, Zucker, Extrakt aus Holunderbl\u00fcten und Minze, Bio-Zitronen, Bio-Orangen, S\u00e4uerungsmittel: Citronens\u00e4ure<\/p>\n<p>Verd\u00fcnnbar: 1:7<\/p>\n<p>Lichtgesch\u00fctzt aufbewahren. Nach dem \u00d6ffnen im K\u00fchlschrank lagern und bald verbrauchen.<\/p>\n<p>Inhalt: 250ml<\/p>\n","protected":false},"excerpt":{"rendered":"<p>Hugo &#8211; so nennt sich der beliebte, sommerliche Drink, der mit diesem Sirup im Handumdrehen am Tisch steht. Einfach Prosecco mit etwas Holunder-Minze Sirup versehen, ein paar Minzebl\u00e4tter hineingeben und schon l\u00e4\u00dft sich der Sommer (und nat\u00fcrlich auch der Rest des Jahres) auf \u00e4u\u00dferst angenehme Weise genie\u00dfen!<\/p>\n<p>Verwendung: schmeckt duftig-erfrischend mit Mineralwasser, im Prosecco oder Obstsalat.<\/p>\n","protected":false},"featured_media":1483,"template":"","meta":{"_acf_changed":false},"product_brand":[],"product_cat":[167,18],"product_tag":[],"class_list":{"0":"post-1891","1":"product","2":"type-product","3":"status-publish","4":"has-post-thumbnail","6":"product_cat-saefte-sirupe","7":"product_cat-uncategorised","9":"first","10":"instock","11":"taxable","12":"shipping-taxable","13":"purchasable","14":"product-type-simple"},"acf":[],"_links":{"self":[{"href":"https:\/\/www.regionalis.shop\/pressmayr\/wp-json\/wp\/v2\/product\/1891","targetHints":{"allow":["GET"]}}],"collection":[{"href":"https:\/\/www.regionalis.shop\/pressmayr\/wp-json\/wp\/v2\/product"}],"about":[{"href":"https:\/\/www.regionalis.shop\/pressmayr\/wp-json\/wp\/v2\/types\/product"}],"wp:featuredmedia":[{"embeddable":true,"href":"https:\/\/www.regionalis.shop\/pressmayr\/wp-json\/wp\/v2\/media\/1483"}],"wp:attachment":[{"href":"https:\/\/www.regionalis.shop\/pressmayr\/wp-json\/wp\/v2\/media?parent=1891"}],"wp:term":[{"taxonomy":"product_brand","embeddable":true,"href":"https:\/\/www.regionalis.shop\/pressmayr\/wp-json\/wp\/v2\/product_brand?post=1891"},{"taxonomy":"product_cat","embeddable":true,"href":"https:\/\/www.regionalis.shop\/pressmayr\/wp-json\/wp\/v2\/product_cat?post=1891"},{"taxonomy":"product_tag","embeddable":true,"href":"https:\/\/www.regionalis.shop\/pressmayr\/wp-json\/wp\/v2\/product_tag?post=1891"}],"curies":[{"name":"wp","href":"https:\/\/api.w.org\/{rel}","templated":true}]}}