{"id":1896,"date":"2025-11-20T12:04:21","date_gmt":"2025-11-20T11:04:21","guid":{"rendered":"https:\/\/www.regionalis.shop\/pressmayr\/shop\/zitronenkraeuter-sirup\/"},"modified":"2025-11-20T12:06:26","modified_gmt":"2025-11-20T11:06:26","slug":"zitronenkraeuter-sirup","status":"publish","type":"product","link":"https:\/\/www.regionalis.shop\/pressmayr\/shop\/zitronenkraeuter-sirup\/","title":{"rendered":"Zitronenkr\u00e4uter Sirup"},"content":{"rendered":"<p>Zutaten: Wasser, Zucker, Extrakt aus Zitronenverbene, -melisse, -thymian, -basilikum, Bio-Zitrone Schale und Saft, S\u00e4uerungsmittel: Citronens\u00e4ure<\/p>\n<p>Lichtgesch\u00fctzt aufbewahren. Nach dem \u00d6ffnen im K\u00fchlschrank lagern und bald verbrauchen.<\/p>\n<p>Inhalt: 250ml<\/p>\n<p>Verd\u00fcnnbar 1:7<\/p>\n","protected":false},"excerpt":{"rendered":"<p>Alles Zitrone! Auch wenn diese beliebte Zitrusfrucht bei uns leider (noch?) nicht heimisch ist, m\u00fcssen wir auf ihr unvergleichliches Aroma nicht verzichten. Daf\u00fcr sorgt eine Vielfalt an Kr\u00e4utern mit Zitronenduft, mit deren Hilfe wir den Sommer f\u00fcrs ganze restliche Jahr haltbar gemacht haben.<\/p>\n<p>Verwendung: sehr erfrischend mit Mineral- oder Leitungswasser aber auch im Prosecco oder Obstsalat.<\/p>\n","protected":false},"featured_media":1495,"template":"","meta":{"_acf_changed":false},"product_brand":[],"product_cat":[167,18],"product_tag":[],"class_list":{"0":"post-1896","1":"product","2":"type-product","3":"status-publish","4":"has-post-thumbnail","6":"product_cat-saefte-sirupe","7":"product_cat-uncategorised","9":"first","10":"instock","11":"taxable","12":"shipping-taxable","13":"purchasable","14":"product-type-simple"},"acf":[],"_links":{"self":[{"href":"https:\/\/www.regionalis.shop\/pressmayr\/wp-json\/wp\/v2\/product\/1896","targetHints":{"allow":["GET"]}}],"collection":[{"href":"https:\/\/www.regionalis.shop\/pressmayr\/wp-json\/wp\/v2\/product"}],"about":[{"href":"https:\/\/www.regionalis.shop\/pressmayr\/wp-json\/wp\/v2\/types\/product"}],"wp:featuredmedia":[{"embeddable":true,"href":"https:\/\/www.regionalis.shop\/pressmayr\/wp-json\/wp\/v2\/media\/1495"}],"wp:attachment":[{"href":"https:\/\/www.regionalis.shop\/pressmayr\/wp-json\/wp\/v2\/media?parent=1896"}],"wp:term":[{"taxonomy":"product_brand","embeddable":true,"href":"https:\/\/www.regionalis.shop\/pressmayr\/wp-json\/wp\/v2\/product_brand?post=1896"},{"taxonomy":"product_cat","embeddable":true,"href":"https:\/\/www.regionalis.shop\/pressmayr\/wp-json\/wp\/v2\/product_cat?post=1896"},{"taxonomy":"product_tag","embeddable":true,"href":"https:\/\/www.regionalis.shop\/pressmayr\/wp-json\/wp\/v2\/product_tag?post=1896"}],"curies":[{"name":"wp","href":"https:\/\/api.w.org\/{rel}","templated":true}]}}