{"id":1899,"date":"2025-11-20T12:04:22","date_gmt":"2025-11-20T11:04:22","guid":{"rendered":"https:\/\/www.regionalis.shop\/pressmayr\/shop\/lavendelblueten-sirup\/"},"modified":"2025-11-20T12:06:26","modified_gmt":"2025-11-20T11:06:26","slug":"lavendelblueten-sirup","status":"publish","type":"product","link":"https:\/\/www.regionalis.shop\/pressmayr\/shop\/lavendelblueten-sirup\/","title":{"rendered":"Lavendelbl\u00fcten Sirup"},"content":{"rendered":"<p>Zutaten: Wasser, Zucker, Lavendelbl\u00fcten-Extrakt, S\u00e4uerungsmittel: Citronens\u00e4ure<\/p>\n<p>Lichtgesch\u00fctzt aufbewahren. Nach dem \u00d6ffnen im K\u00fchlschrank lagern und bald verbrauchen.<\/p>\n<p>Inhalt: 250ml<\/p>\n<p>Verd\u00fcnnbar 1:7<\/p>\n","protected":false},"excerpt":{"rendered":"<p>Lavendel im Dufts\u00e4ckchen oder Badewasser ist allgemein bekannt. Dass man damit aber auch allerhand Kulinarisches anstellen kann, ist noch weniger verbreitet. Dabei holt man sich mit dieser Kreation aus frischen Lavendelbl\u00fcten definitiv den Sommer ins Haus.<\/p>\n<p>Verwendung: wir lieben ihn mit Mineralwasser verd\u00fcnnt, oder im Sekt oder G&#8217;spritzten.<\/p>\n","protected":false},"featured_media":1636,"template":"","meta":{"_acf_changed":false},"product_brand":[],"product_cat":[167,18],"product_tag":[],"class_list":{"0":"post-1899","1":"product","2":"type-product","3":"status-publish","4":"has-post-thumbnail","6":"product_cat-saefte-sirupe","7":"product_cat-uncategorised","9":"first","10":"instock","11":"taxable","12":"shipping-taxable","13":"purchasable","14":"product-type-simple"},"acf":[],"_links":{"self":[{"href":"https:\/\/www.regionalis.shop\/pressmayr\/wp-json\/wp\/v2\/product\/1899","targetHints":{"allow":["GET"]}}],"collection":[{"href":"https:\/\/www.regionalis.shop\/pressmayr\/wp-json\/wp\/v2\/product"}],"about":[{"href":"https:\/\/www.regionalis.shop\/pressmayr\/wp-json\/wp\/v2\/types\/product"}],"wp:featuredmedia":[{"embeddable":true,"href":"https:\/\/www.regionalis.shop\/pressmayr\/wp-json\/wp\/v2\/media\/1636"}],"wp:attachment":[{"href":"https:\/\/www.regionalis.shop\/pressmayr\/wp-json\/wp\/v2\/media?parent=1899"}],"wp:term":[{"taxonomy":"product_brand","embeddable":true,"href":"https:\/\/www.regionalis.shop\/pressmayr\/wp-json\/wp\/v2\/product_brand?post=1899"},{"taxonomy":"product_cat","embeddable":true,"href":"https:\/\/www.regionalis.shop\/pressmayr\/wp-json\/wp\/v2\/product_cat?post=1899"},{"taxonomy":"product_tag","embeddable":true,"href":"https:\/\/www.regionalis.shop\/pressmayr\/wp-json\/wp\/v2\/product_tag?post=1899"}],"curies":[{"name":"wp","href":"https:\/\/api.w.org\/{rel}","templated":true}]}}