{"id":1902,"date":"2025-11-20T12:04:24","date_gmt":"2025-11-20T11:04:24","guid":{"rendered":"https:\/\/www.regionalis.shop\/pressmayr\/shop\/kraeuterlimo-sirup\/"},"modified":"2025-11-20T12:06:26","modified_gmt":"2025-11-20T11:06:26","slug":"kraeuterlimo-sirup","status":"publish","type":"product","link":"https:\/\/www.regionalis.shop\/pressmayr\/shop\/kraeuterlimo-sirup\/","title":{"rendered":"Kr\u00e4uterlimo Sirup"},"content":{"rendered":"<p>Zutaten: Wasser, Zucker, Apfelsaft naturtr\u00fcb, Extrakt aus Schafgarbe, Minze, Spitzwegerich, Zitronenverbene, Lavendel, Zitronenthymian, Salbei, Holunder-, Rosenbl\u00fcten, usw., S\u00e4uerungsmittel: Citronens\u00e4ure<\/p>\n<p>Lichtgesch\u00fctzt aufbewahren. Nach dem \u00d6ffnen im K\u00fchlschrank lagern und bald verbrauchen.<\/p>\n<p>Inhalt: 250ml<\/p>\n<p>Verd\u00fcnnbar 1:7<\/p>\n","protected":false},"excerpt":{"rendered":"<p>Neben vielen verschiedenen Kr\u00e4utern verleiht unser selbstgepresster, naturtr\u00fcber Apfelsaft diesem Sirup die leichte S\u00e4ure und geschmackliche Tiefe.<\/p>\n<p>Verwendung: vor allem im Mineralwasser oder auch im Sekt macht dieser Kr\u00e4utersirup Freude.<\/p>\n","protected":false},"featured_media":1901,"template":"","meta":{"_acf_changed":false},"product_brand":[],"product_cat":[167,18],"product_tag":[],"class_list":{"0":"post-1902","1":"product","2":"type-product","3":"status-publish","4":"has-post-thumbnail","6":"product_cat-saefte-sirupe","7":"product_cat-uncategorised","9":"first","10":"instock","11":"taxable","12":"shipping-taxable","13":"purchasable","14":"product-type-simple"},"acf":[],"_links":{"self":[{"href":"https:\/\/www.regionalis.shop\/pressmayr\/wp-json\/wp\/v2\/product\/1902","targetHints":{"allow":["GET"]}}],"collection":[{"href":"https:\/\/www.regionalis.shop\/pressmayr\/wp-json\/wp\/v2\/product"}],"about":[{"href":"https:\/\/www.regionalis.shop\/pressmayr\/wp-json\/wp\/v2\/types\/product"}],"wp:featuredmedia":[{"embeddable":true,"href":"https:\/\/www.regionalis.shop\/pressmayr\/wp-json\/wp\/v2\/media\/1901"}],"wp:attachment":[{"href":"https:\/\/www.regionalis.shop\/pressmayr\/wp-json\/wp\/v2\/media?parent=1902"}],"wp:term":[{"taxonomy":"product_brand","embeddable":true,"href":"https:\/\/www.regionalis.shop\/pressmayr\/wp-json\/wp\/v2\/product_brand?post=1902"},{"taxonomy":"product_cat","embeddable":true,"href":"https:\/\/www.regionalis.shop\/pressmayr\/wp-json\/wp\/v2\/product_cat?post=1902"},{"taxonomy":"product_tag","embeddable":true,"href":"https:\/\/www.regionalis.shop\/pressmayr\/wp-json\/wp\/v2\/product_tag?post=1902"}],"curies":[{"name":"wp","href":"https:\/\/api.w.org\/{rel}","templated":true}]}}