{"id":1904,"date":"2025-11-20T12:04:25","date_gmt":"2025-11-20T11:04:25","guid":{"rendered":"https:\/\/www.regionalis.shop\/pressmayr\/shop\/apfel-gewuerz-sirup\/"},"modified":"2025-11-20T12:06:26","modified_gmt":"2025-11-20T11:06:26","slug":"apfel-gewuerz-sirup","status":"publish","type":"product","link":"https:\/\/www.regionalis.shop\/pressmayr\/shop\/apfel-gewuerz-sirup\/","title":{"rendered":"Apfel-Gew\u00fcrz Sirup"},"content":{"rendered":"<p>Zutaten: Apfelsaft naturtr\u00fcb, Zucker, Gew\u00fcrz-Extrakt, S\u00e4uerungsmittel: Citronens\u00e4ure<\/p>\n<p>Lichtgesch\u00fctzt aufbewahren. Nach dem \u00d6ffnen im K\u00fchlschrank lagern und bald verbrauchen.<\/p>\n<p>Inhalt: 250ml<\/p>\n<p>Verd\u00fcnnbar 1:7<\/p>\n","protected":false},"excerpt":{"rendered":"<p>Frisch gepresster, naturtr\u00fcber Apfelsaft aus Obst von unserer Streuobstwiese bildet die Basis f\u00fcr diesen wunderbar herbstlichen Sirup. Ankl\u00e4nge von Zimt, Sternanis, Nelken und ein Hauch von Vanille stimmen wohlig auf die kalte Jahreszeit ein, schmecken aber auch das ganze Jahr \u00fcber.<\/p>\n<p>Verwendung: schmeckt hervorragend im Sekt, aber nat\u00fcrlich auch in alkoholfreier Variante mit Mineral- oder Leitungswasser.<\/p>\n","protected":false},"featured_media":1672,"template":"","meta":{"_acf_changed":false},"product_brand":[],"product_cat":[167,18],"product_tag":[],"class_list":{"0":"post-1904","1":"product","2":"type-product","3":"status-publish","4":"has-post-thumbnail","6":"product_cat-saefte-sirupe","7":"product_cat-uncategorised","9":"first","10":"instock","11":"taxable","12":"shipping-taxable","13":"purchasable","14":"product-type-simple"},"acf":[],"_links":{"self":[{"href":"https:\/\/www.regionalis.shop\/pressmayr\/wp-json\/wp\/v2\/product\/1904","targetHints":{"allow":["GET"]}}],"collection":[{"href":"https:\/\/www.regionalis.shop\/pressmayr\/wp-json\/wp\/v2\/product"}],"about":[{"href":"https:\/\/www.regionalis.shop\/pressmayr\/wp-json\/wp\/v2\/types\/product"}],"wp:featuredmedia":[{"embeddable":true,"href":"https:\/\/www.regionalis.shop\/pressmayr\/wp-json\/wp\/v2\/media\/1672"}],"wp:attachment":[{"href":"https:\/\/www.regionalis.shop\/pressmayr\/wp-json\/wp\/v2\/media?parent=1904"}],"wp:term":[{"taxonomy":"product_brand","embeddable":true,"href":"https:\/\/www.regionalis.shop\/pressmayr\/wp-json\/wp\/v2\/product_brand?post=1904"},{"taxonomy":"product_cat","embeddable":true,"href":"https:\/\/www.regionalis.shop\/pressmayr\/wp-json\/wp\/v2\/product_cat?post=1904"},{"taxonomy":"product_tag","embeddable":true,"href":"https:\/\/www.regionalis.shop\/pressmayr\/wp-json\/wp\/v2\/product_tag?post=1904"}],"curies":[{"name":"wp","href":"https:\/\/api.w.org\/{rel}","templated":true}]}}