{"id":1905,"date":"2025-11-20T12:04:26","date_gmt":"2025-11-20T11:04:26","guid":{"rendered":"https:\/\/www.regionalis.shop\/pressmayr\/shop\/apfel-vogelbeere-sirup\/"},"modified":"2025-11-20T12:06:25","modified_gmt":"2025-11-20T11:06:25","slug":"apfel-vogelbeere-sirup","status":"publish","type":"product","link":"https:\/\/www.regionalis.shop\/pressmayr\/shop\/apfel-vogelbeere-sirup\/","title":{"rendered":"Apfel-Vogelbeere Sirup"},"content":{"rendered":"<p>Zutaten: Apfelsaft naturtr\u00fcb, Zucker, Extrakt aus Vogelbeeren (Eberesche), Bio-Orangen, Zimt, Vanille<\/p>\n<p>Verd\u00fcnnbar: 1:7<\/p>\n<p>Lichtgesch\u00fctzt aufbewahren. Nach dem \u00d6ffnen im K\u00fchlschrank lagern und bald verbrauchen.<\/p>\n<p>Inhalt: 250ml<\/p>\n","protected":false},"excerpt":{"rendered":"<p>Im Fr\u00fchherbst m\u00fcssen wir schnell sein: wenn die \u00fcppigen, orange-rot leuchtenden Ebereschentrauben vom Baum leuchten und Reife signalisieren, interessieren sich auch unsere gefiederten Mitgesch\u00f6pfe f\u00fcr diese Fr\u00fcchte. Daher auch der Name &#8222;Vogelbeeren&#8220;. In Summe gibt es in unserem Naturgarten aber einen \u00dcberfluss an Vogelnahrung, und so ernten wir die Vogelbeeren ohne schlechtes Gewissen \ud83d\ude09<\/p>\n<p>Nach ein paar Tagen in der Tiefk\u00fchltruhe (um den ersten, reifef\u00f6rdernden Frost zu imitieren) werden die Beeren gemeinsam mit naturtr\u00fcbem Apfelsaft von unseren Streuobstwiesen und winterlichen Gew\u00fcrzen ausgekocht und anschlie\u00dfend ausgedr\u00fcckt. So erhalten wir einen wirklich wunderbar-herbstlichen, ganz leicht herben, Sirup mit herrlich dunkeloranger Farbe. Dieser Sirup ist der beste Beweis, dass man Vogelbeeren sehr wohl essen kann &#8211; eine pers\u00f6nliche Empfehlung von uns!<\/p>\n<p>Verwendung: schmeckt k\u00f6stlich mit Mineral- oder Leitungswasser, aber auch im Tee oder als Punsch erw\u00e4rmt.<\/p>\n","protected":false},"featured_media":1674,"template":"","meta":{"_acf_changed":false},"product_brand":[],"product_cat":[167,18],"product_tag":[],"class_list":{"0":"post-1905","1":"product","2":"type-product","3":"status-publish","4":"has-post-thumbnail","6":"product_cat-saefte-sirupe","7":"product_cat-uncategorised","9":"first","10":"instock","11":"taxable","12":"shipping-taxable","13":"purchasable","14":"product-type-simple"},"acf":[],"_links":{"self":[{"href":"https:\/\/www.regionalis.shop\/pressmayr\/wp-json\/wp\/v2\/product\/1905","targetHints":{"allow":["GET"]}}],"collection":[{"href":"https:\/\/www.regionalis.shop\/pressmayr\/wp-json\/wp\/v2\/product"}],"about":[{"href":"https:\/\/www.regionalis.shop\/pressmayr\/wp-json\/wp\/v2\/types\/product"}],"wp:featuredmedia":[{"embeddable":true,"href":"https:\/\/www.regionalis.shop\/pressmayr\/wp-json\/wp\/v2\/media\/1674"}],"wp:attachment":[{"href":"https:\/\/www.regionalis.shop\/pressmayr\/wp-json\/wp\/v2\/media?parent=1905"}],"wp:term":[{"taxonomy":"product_brand","embeddable":true,"href":"https:\/\/www.regionalis.shop\/pressmayr\/wp-json\/wp\/v2\/product_brand?post=1905"},{"taxonomy":"product_cat","embeddable":true,"href":"https:\/\/www.regionalis.shop\/pressmayr\/wp-json\/wp\/v2\/product_cat?post=1905"},{"taxonomy":"product_tag","embeddable":true,"href":"https:\/\/www.regionalis.shop\/pressmayr\/wp-json\/wp\/v2\/product_tag?post=1905"}],"curies":[{"name":"wp","href":"https:\/\/api.w.org\/{rel}","templated":true}]}}