{"id":1906,"date":"2025-11-20T12:04:28","date_gmt":"2025-11-20T11:04:28","guid":{"rendered":"https:\/\/www.regionalis.shop\/pressmayr\/shop\/zwetschke-gewuerze-sirup\/"},"modified":"2025-11-20T12:06:25","modified_gmt":"2025-11-20T11:06:25","slug":"zwetschke-gewuerze-sirup","status":"publish","type":"product","link":"https:\/\/www.regionalis.shop\/pressmayr\/shop\/zwetschke-gewuerze-sirup\/","title":{"rendered":"Zwetschke-Gew\u00fcrze Sirup"},"content":{"rendered":"<p>Zutaten: Zwetschkensaft, Zucker, Extrakt aus Gew\u00fcrzen, Bio-Orangen<\/p>\n<p>Verd\u00fcnnbar: 1:7<\/p>\n<p>Lichtgesch\u00fctzt aufbewahren. Nach dem \u00d6ffnen im K\u00fchlschrank lagern und bald verbrauchen.<\/p>\n<p>Inhalt: 250ml<\/p>\n","protected":false},"excerpt":{"rendered":"<p>Frisch mit dem Dampfentsafter entsaftete, sehr aromatische, Wildzwetschken (Pflaumen) bilden die Basis f\u00fcr diesen k\u00f6stlichen Sirup, der nicht nur in der kalten Jahreszeit mundet!<\/p>\n<p>Verwendung: schmeckt k\u00f6stlich mit Mineral- oder Leitungswasser, aber auch im Tee oder als Punsch erw\u00e4rmt.<\/p>\n","protected":false},"featured_media":1676,"template":"","meta":{"_acf_changed":false},"product_brand":[],"product_cat":[167,18],"product_tag":[],"class_list":{"0":"post-1906","1":"product","2":"type-product","3":"status-publish","4":"has-post-thumbnail","6":"product_cat-saefte-sirupe","7":"product_cat-uncategorised","9":"first","10":"instock","11":"taxable","12":"shipping-taxable","13":"purchasable","14":"product-type-simple"},"acf":[],"_links":{"self":[{"href":"https:\/\/www.regionalis.shop\/pressmayr\/wp-json\/wp\/v2\/product\/1906","targetHints":{"allow":["GET"]}}],"collection":[{"href":"https:\/\/www.regionalis.shop\/pressmayr\/wp-json\/wp\/v2\/product"}],"about":[{"href":"https:\/\/www.regionalis.shop\/pressmayr\/wp-json\/wp\/v2\/types\/product"}],"wp:featuredmedia":[{"embeddable":true,"href":"https:\/\/www.regionalis.shop\/pressmayr\/wp-json\/wp\/v2\/media\/1676"}],"wp:attachment":[{"href":"https:\/\/www.regionalis.shop\/pressmayr\/wp-json\/wp\/v2\/media?parent=1906"}],"wp:term":[{"taxonomy":"product_brand","embeddable":true,"href":"https:\/\/www.regionalis.shop\/pressmayr\/wp-json\/wp\/v2\/product_brand?post=1906"},{"taxonomy":"product_cat","embeddable":true,"href":"https:\/\/www.regionalis.shop\/pressmayr\/wp-json\/wp\/v2\/product_cat?post=1906"},{"taxonomy":"product_tag","embeddable":true,"href":"https:\/\/www.regionalis.shop\/pressmayr\/wp-json\/wp\/v2\/product_tag?post=1906"}],"curies":[{"name":"wp","href":"https:\/\/api.w.org\/{rel}","templated":true}]}}