{"id":1909,"date":"2025-11-20T12:07:59","date_gmt":"2025-11-20T11:07:59","guid":{"rendered":"https:\/\/www.regionalis.shop\/pressmayr\/shop\/quitten-grillsauce\/"},"modified":"2025-11-20T12:08:42","modified_gmt":"2025-11-20T11:08:42","slug":"quitten-grillsauce","status":"publish","type":"product","link":"https:\/\/www.regionalis.shop\/pressmayr\/shop\/quitten-grillsauce\/","title":{"rendered":"Quitten-Grillsauce"},"content":{"rendered":"<p>Zutaten: Quitten, Zucker, Wei\u00dfweinessig, Tomatenmark, Paprikapulver rosenscharf, Salz, Tandoori-Gew\u00fcrz (Bockshornklee, Koriander, Kreuzk\u00fcmmel, Nelken, Pfeffer, Zimt, Anis, Ingwer, Knoblauch, K\u00fcmmel)<\/p>\n<p>Lichtgesch\u00fctzt lagern. Nach dem \u00d6ffnen im K\u00fchlschrank aufbewahren und bald verbrauchen.<\/p>\n<p>Inhalt: 260ml<\/p>\n","protected":false},"excerpt":{"rendered":"<p>Die gute alte Quitte fristet in unseren Breiten noch immer ein Nischendasein. Schade, denn mit ihrem himmlischen Duft und besonderen Geschmack hat sie definitiv das Zeug zum Lieblingsobst. Bei uns bekommen Sie eine Reihe von Produkten aus dieser Frucht, die sonst nur schwer zu finden sind. Immerhin erfordert die Verarbeitung von Quitten einiges an aufw\u00e4ndiger Handarbeit.<\/p>\n<p>Verwendung: diese Grillsauce aus fein passiertem (steinfreiem!) Quittenmus, erg\u00e4nzt von fern\u00f6stlichen Gew\u00fcrzen, passt hervorragend zum Grillen, zu Fondue, Raclette oder auch anderen Speisen, die w\u00fcrzig-pikante Begleitung vertragen.<\/p>\n","protected":false},"featured_media":1725,"template":"","meta":{"_acf_changed":false},"product_brand":[],"product_cat":[120,18],"product_tag":[],"class_list":{"0":"post-1909","1":"product","2":"type-product","3":"status-publish","4":"has-post-thumbnail","6":"product_cat-chutneys-saucen","7":"product_cat-uncategorised","9":"first","10":"instock","11":"taxable","12":"shipping-taxable","13":"purchasable","14":"product-type-simple"},"acf":[],"_links":{"self":[{"href":"https:\/\/www.regionalis.shop\/pressmayr\/wp-json\/wp\/v2\/product\/1909","targetHints":{"allow":["GET"]}}],"collection":[{"href":"https:\/\/www.regionalis.shop\/pressmayr\/wp-json\/wp\/v2\/product"}],"about":[{"href":"https:\/\/www.regionalis.shop\/pressmayr\/wp-json\/wp\/v2\/types\/product"}],"wp:featuredmedia":[{"embeddable":true,"href":"https:\/\/www.regionalis.shop\/pressmayr\/wp-json\/wp\/v2\/media\/1725"}],"wp:attachment":[{"href":"https:\/\/www.regionalis.shop\/pressmayr\/wp-json\/wp\/v2\/media?parent=1909"}],"wp:term":[{"taxonomy":"product_brand","embeddable":true,"href":"https:\/\/www.regionalis.shop\/pressmayr\/wp-json\/wp\/v2\/product_brand?post=1909"},{"taxonomy":"product_cat","embeddable":true,"href":"https:\/\/www.regionalis.shop\/pressmayr\/wp-json\/wp\/v2\/product_cat?post=1909"},{"taxonomy":"product_tag","embeddable":true,"href":"https:\/\/www.regionalis.shop\/pressmayr\/wp-json\/wp\/v2\/product_tag?post=1909"}],"curies":[{"name":"wp","href":"https:\/\/api.w.org\/{rel}","templated":true}]}}