{"id":1911,"date":"2025-11-20T12:09:31","date_gmt":"2025-11-20T11:09:31","guid":{"rendered":"https:\/\/www.regionalis.shop\/pressmayr\/shop\/apfel-kuerbis-chutney\/"},"modified":"2025-11-20T12:10:40","modified_gmt":"2025-11-20T11:10:40","slug":"apfel-kuerbis-chutney","status":"publish","type":"product","link":"https:\/\/www.regionalis.shop\/pressmayr\/shop\/apfel-kuerbis-chutney\/","title":{"rendered":"Apfel-K\u00fcrbis Chutney"},"content":{"rendered":"<p>Zutaten: \u00c4pfel (33%), K\u00fcrbis (33%), Zwiebel, Apfelessig, \u00d6l, Zucker, <b>Senfk\u00f6rner<\/b>, Gew\u00fcrze<\/p>\n<p>Lichtgesch\u00fctzt lagern. Nach dem \u00d6ffnen im K\u00fchlschrank aufbewahren und bald verbrauchen.<\/p>\n<p>Inhalt: 150g<\/p>\n","protected":false},"excerpt":{"rendered":"<p>Die \u00c4pfel von unserer Streuobstwiese, die K\u00fcrbisse und Zwiebeln vom Acker. Mitte Oktober wird die Ernte eingelagert und nach und nach zu diesem wunderbar herbstlichen Chutney eingekocht. Dabei sorgt die nicht zu feine Textur gemeinsam mit den Senfk\u00f6rnern f\u00fcr leichten Biss.<\/p>\n<p>Verwendung: passt ausgezeichnet zur K\u00e4seplatte, mit N\u00fcssen und Trauben. Aber nat\u00fcrlich schmeckt es auch zu allem Gegrillten und Gebratenem das ganze Jahr \u00fcber.<\/p>\n","protected":false},"featured_media":1384,"template":"","meta":{"_acf_changed":false},"product_brand":[],"product_cat":[120,18],"product_tag":[],"class_list":{"0":"post-1911","1":"product","2":"type-product","3":"status-publish","4":"has-post-thumbnail","6":"product_cat-chutneys-saucen","7":"product_cat-uncategorised","9":"first","10":"instock","11":"taxable","12":"shipping-taxable","13":"purchasable","14":"product-type-simple"},"acf":[],"_links":{"self":[{"href":"https:\/\/www.regionalis.shop\/pressmayr\/wp-json\/wp\/v2\/product\/1911","targetHints":{"allow":["GET"]}}],"collection":[{"href":"https:\/\/www.regionalis.shop\/pressmayr\/wp-json\/wp\/v2\/product"}],"about":[{"href":"https:\/\/www.regionalis.shop\/pressmayr\/wp-json\/wp\/v2\/types\/product"}],"wp:featuredmedia":[{"embeddable":true,"href":"https:\/\/www.regionalis.shop\/pressmayr\/wp-json\/wp\/v2\/media\/1384"}],"wp:attachment":[{"href":"https:\/\/www.regionalis.shop\/pressmayr\/wp-json\/wp\/v2\/media?parent=1911"}],"wp:term":[{"taxonomy":"product_brand","embeddable":true,"href":"https:\/\/www.regionalis.shop\/pressmayr\/wp-json\/wp\/v2\/product_brand?post=1911"},{"taxonomy":"product_cat","embeddable":true,"href":"https:\/\/www.regionalis.shop\/pressmayr\/wp-json\/wp\/v2\/product_cat?post=1911"},{"taxonomy":"product_tag","embeddable":true,"href":"https:\/\/www.regionalis.shop\/pressmayr\/wp-json\/wp\/v2\/product_tag?post=1911"}],"curies":[{"name":"wp","href":"https:\/\/api.w.org\/{rel}","templated":true}]}}