{"id":1912,"date":"2025-11-20T12:09:32","date_gmt":"2025-11-20T11:09:32","guid":{"rendered":"https:\/\/www.regionalis.shop\/pressmayr\/shop\/rhabarber-chutney\/"},"modified":"2025-11-20T12:10:40","modified_gmt":"2025-11-20T11:10:40","slug":"rhabarber-chutney","status":"publish","type":"product","link":"https:\/\/www.regionalis.shop\/pressmayr\/shop\/rhabarber-chutney\/","title":{"rendered":"Rhabarber Chutney"},"content":{"rendered":"<p>Zutaten: Rhabarber, Zwiebel, Zucker, Apfelessig, Gew\u00fcrze, Ingwer, Chili, <strong>Senfk\u00f6rner, <\/strong>Geliermittel: Pektin<\/p>\n<p>Lichtgesch\u00fctzt lagern. Nach dem \u00d6ffnen im K\u00fchlschrank aufbewahren und bald verbrauchen.<\/p>\n<p>Inhalt: 150g<\/p>\n","protected":false},"excerpt":{"rendered":"<p>Wenn der Rhabarber als Erster Anfang April seine dicken, roten Stangen aus der Erde schiebt, steigt die Vorfreude auf&#8217;s Einkochen.\u00a0Neben Sirup verarbeiten wir diese verl\u00e4ssliche Pflanze auch zu einem w\u00fcrzig-s\u00e4uerlichen Chutney.<\/p>\n<p>Verwendung: passt ausgezeichnet zur K\u00e4seplatte oder zu Gegrilltem und Gebratenem.<\/p>\n<p><strong>Rezeptidee<\/strong>: runde Salzcr\u00e4cker mit einem Klecks Chutney versehen, darauf ein kleines St\u00fcck Ziegenk\u00e4se legen und mit krauser Petersilie garnieren. Ein netter Snack zu Wein oder Bier!<\/p>\n","protected":false},"featured_media":1462,"template":"","meta":{"_acf_changed":false},"product_brand":[],"product_cat":[120,18],"product_tag":[],"class_list":{"0":"post-1912","1":"product","2":"type-product","3":"status-publish","4":"has-post-thumbnail","6":"product_cat-chutneys-saucen","7":"product_cat-uncategorised","9":"first","10":"instock","11":"taxable","12":"shipping-taxable","13":"purchasable","14":"product-type-simple"},"acf":[],"_links":{"self":[{"href":"https:\/\/www.regionalis.shop\/pressmayr\/wp-json\/wp\/v2\/product\/1912","targetHints":{"allow":["GET"]}}],"collection":[{"href":"https:\/\/www.regionalis.shop\/pressmayr\/wp-json\/wp\/v2\/product"}],"about":[{"href":"https:\/\/www.regionalis.shop\/pressmayr\/wp-json\/wp\/v2\/types\/product"}],"wp:featuredmedia":[{"embeddable":true,"href":"https:\/\/www.regionalis.shop\/pressmayr\/wp-json\/wp\/v2\/media\/1462"}],"wp:attachment":[{"href":"https:\/\/www.regionalis.shop\/pressmayr\/wp-json\/wp\/v2\/media?parent=1912"}],"wp:term":[{"taxonomy":"product_brand","embeddable":true,"href":"https:\/\/www.regionalis.shop\/pressmayr\/wp-json\/wp\/v2\/product_brand?post=1912"},{"taxonomy":"product_cat","embeddable":true,"href":"https:\/\/www.regionalis.shop\/pressmayr\/wp-json\/wp\/v2\/product_cat?post=1912"},{"taxonomy":"product_tag","embeddable":true,"href":"https:\/\/www.regionalis.shop\/pressmayr\/wp-json\/wp\/v2\/product_tag?post=1912"}],"curies":[{"name":"wp","href":"https:\/\/api.w.org\/{rel}","templated":true}]}}