{"id":1914,"date":"2025-11-20T12:09:33","date_gmt":"2025-11-20T11:09:33","guid":{"rendered":"https:\/\/www.regionalis.shop\/pressmayr\/shop\/zucchini-curry-chutney\/"},"modified":"2025-11-20T12:10:39","modified_gmt":"2025-11-20T11:10:39","slug":"zucchini-curry-chutney","status":"publish","type":"product","link":"https:\/\/www.regionalis.shop\/pressmayr\/shop\/zucchini-curry-chutney\/","title":{"rendered":"Zucchini-Curry Chutney"},"content":{"rendered":"<p>Zutaten: Zucchini, Zwiebel, Zucker, Apfelessig, Salz, Curry, <strong>Senf<\/strong>, Paprikapulver, Chilipulver, Bindemittel: Kartoffelst\u00e4rke<\/p>\n<p>Lichtgesch\u00fctzt aufbewahren. Nach dem \u00d6ffnen im K\u00fchlschrank lagern und bald aufbrauchen.<\/p>\n<p>Inhalt: 150g<\/p>\n","protected":false},"excerpt":{"rendered":"<p>Mit diesem Zucchini-Curry Chutney kommt die Welt zu Ihnen. Der eher geschmacksneutrale gelbe Zucchini \u00fcberl\u00e4sst dem intensiven Curryaroma die B\u00fchne und geht gemeinsam mit etwas Chilisch\u00e4rfe eine verf\u00fchrerisch-w\u00fcrzige Verbindung ein.<\/p>\n<p>Verwendung: passt ideal zu allerlei Speisen wie Reis, gebratenem Fleisch oder Gem\u00fcse, als Dip zu Cr\u00e4ckern, K\u00e4se,&#8230; Perfekt als Topping zu Bratwurst oder Bosna!<\/p>\n","protected":false},"featured_media":1498,"template":"","meta":{"_acf_changed":false},"product_brand":[],"product_cat":[120,18],"product_tag":[],"class_list":{"0":"post-1914","1":"product","2":"type-product","3":"status-publish","4":"has-post-thumbnail","6":"product_cat-chutneys-saucen","7":"product_cat-uncategorised","9":"first","10":"instock","11":"taxable","12":"shipping-taxable","13":"purchasable","14":"product-type-simple"},"acf":[],"_links":{"self":[{"href":"https:\/\/www.regionalis.shop\/pressmayr\/wp-json\/wp\/v2\/product\/1914","targetHints":{"allow":["GET"]}}],"collection":[{"href":"https:\/\/www.regionalis.shop\/pressmayr\/wp-json\/wp\/v2\/product"}],"about":[{"href":"https:\/\/www.regionalis.shop\/pressmayr\/wp-json\/wp\/v2\/types\/product"}],"wp:featuredmedia":[{"embeddable":true,"href":"https:\/\/www.regionalis.shop\/pressmayr\/wp-json\/wp\/v2\/media\/1498"}],"wp:attachment":[{"href":"https:\/\/www.regionalis.shop\/pressmayr\/wp-json\/wp\/v2\/media?parent=1914"}],"wp:term":[{"taxonomy":"product_brand","embeddable":true,"href":"https:\/\/www.regionalis.shop\/pressmayr\/wp-json\/wp\/v2\/product_brand?post=1914"},{"taxonomy":"product_cat","embeddable":true,"href":"https:\/\/www.regionalis.shop\/pressmayr\/wp-json\/wp\/v2\/product_cat?post=1914"},{"taxonomy":"product_tag","embeddable":true,"href":"https:\/\/www.regionalis.shop\/pressmayr\/wp-json\/wp\/v2\/product_tag?post=1914"}],"curies":[{"name":"wp","href":"https:\/\/api.w.org\/{rel}","templated":true}]}}