{"id":1916,"date":"2025-11-20T12:09:33","date_gmt":"2025-11-20T11:09:33","guid":{"rendered":"https:\/\/www.regionalis.shop\/pressmayr\/shop\/quitten-chutney\/"},"modified":"2025-11-20T12:10:40","modified_gmt":"2025-11-20T11:10:40","slug":"quitten-chutney","status":"publish","type":"product","link":"https:\/\/www.regionalis.shop\/pressmayr\/shop\/quitten-chutney\/","title":{"rendered":"Quitten Chutney"},"content":{"rendered":"<p>Zutaten: Quitten, \u00c4pfel, Zucker, Apfelessig, Salz, Pfeffer, Gew\u00fcrze<\/p>\n<p>Lichtgesch\u00fctzt ufbewahren. Nach dem \u00d6ffnen im K\u00fchlschrank lagern und bald aufbrauchen.<\/p>\n<p>Inhalt: 150g<\/p>\n","protected":false},"excerpt":{"rendered":"<p>Wenn im Sp\u00e4therbst alle anderen Fr\u00fcchte geerntet sind, wartet noch die quietschgelbe Quitte auf ihre Ernte. Die ungl\u00fccklicherweise etwas aus der Mode gekommene, intensiv parfumartig duftende Frucht ist allerdings in der Verarbeitung eine kleine Diva. Ihre H\u00e4rte erfordert beim Schneiden und Entkernen ziemliche Kraftanstrengung. Daher verarbeiten wir keine Riesenmengen, sondern bieten dieses k\u00f6stlich-fruchtige Chutney ab Herbst in kleinen Chargen an &#8211; so lange der Vorrat reicht!<\/p>\n<p>Verwendung: die leicht st\u00fcckige Textur passt mit ihrem w\u00fcrzig-s\u00e4uerlichen Geschmack ideal zu allerlei Speisen wie kaltem Braten, zur K\u00e4seplatte, zu Wildgerichten, Ofengem\u00fcse, aufs Schinken- oder K\u00e4sebrot, Baguette, Burger, etc. etc.<\/p>\n","protected":false},"featured_media":1611,"template":"","meta":{"_acf_changed":false},"product_brand":[],"product_cat":[120,18],"product_tag":[],"class_list":{"0":"post-1916","1":"product","2":"type-product","3":"status-publish","4":"has-post-thumbnail","6":"product_cat-chutneys-saucen","7":"product_cat-uncategorised","9":"first","10":"instock","11":"taxable","12":"shipping-taxable","13":"purchasable","14":"product-type-simple"},"acf":[],"_links":{"self":[{"href":"https:\/\/www.regionalis.shop\/pressmayr\/wp-json\/wp\/v2\/product\/1916","targetHints":{"allow":["GET"]}}],"collection":[{"href":"https:\/\/www.regionalis.shop\/pressmayr\/wp-json\/wp\/v2\/product"}],"about":[{"href":"https:\/\/www.regionalis.shop\/pressmayr\/wp-json\/wp\/v2\/types\/product"}],"wp:featuredmedia":[{"embeddable":true,"href":"https:\/\/www.regionalis.shop\/pressmayr\/wp-json\/wp\/v2\/media\/1611"}],"wp:attachment":[{"href":"https:\/\/www.regionalis.shop\/pressmayr\/wp-json\/wp\/v2\/media?parent=1916"}],"wp:term":[{"taxonomy":"product_brand","embeddable":true,"href":"https:\/\/www.regionalis.shop\/pressmayr\/wp-json\/wp\/v2\/product_brand?post=1916"},{"taxonomy":"product_cat","embeddable":true,"href":"https:\/\/www.regionalis.shop\/pressmayr\/wp-json\/wp\/v2\/product_cat?post=1916"},{"taxonomy":"product_tag","embeddable":true,"href":"https:\/\/www.regionalis.shop\/pressmayr\/wp-json\/wp\/v2\/product_tag?post=1916"}],"curies":[{"name":"wp","href":"https:\/\/api.w.org\/{rel}","templated":true}]}}