{"id":1917,"date":"2025-11-20T12:09:34","date_gmt":"2025-11-20T11:09:34","guid":{"rendered":"https:\/\/www.regionalis.shop\/pressmayr\/shop\/apfel-holunder-chutney\/"},"modified":"2025-11-20T12:10:39","modified_gmt":"2025-11-20T11:10:39","slug":"apfel-holunder-chutney","status":"publish","type":"product","link":"https:\/\/www.regionalis.shop\/pressmayr\/shop\/apfel-holunder-chutney\/","title":{"rendered":"Apfel-Holunder Chutney"},"content":{"rendered":"<p>Zutaten: \u00c4pfel, Holunderbeeren, Zwiebel, Apfelessig, \u00d6l, Zucker, Rotwein<b>, <\/b>Balsamessig<b>, Senfk\u00f6rner<\/b>, Salz, Gew\u00fcrze, Geliermittel: Pektin<\/p>\n<p>Lichtgesch\u00fctzt lagern. Nach dem \u00d6ffnen im K\u00fchlschrank aufbewahren und bald verbrauchen.<\/p>\n<p>Inhalt: 150g<\/p>\n","protected":false},"excerpt":{"rendered":"<p>Die \u00c4pfel von unserer Streuobstwiese, die Holunderbeeren vom Waldrand, rechtzeitig vor den V\u00f6geln geerntet.<\/p>\n<p>Vetwendung: dieses herbstlich-winterliche Chutney passt ausgezeichnet zu Wildgerichten oder zur K\u00e4seplatte, mit N\u00fcssen und Trauben. Aber nat\u00fcrlich schmeckt es auch zu allem Gegrillten und Gebratenem das ganze Jahr \u00fcber. Oder probieren Sie einmal einen Klecks davon auf ein einfaches K\u00e4sebrot!<\/p>\n","protected":false},"featured_media":1629,"template":"","meta":{"_acf_changed":false},"product_brand":[],"product_cat":[120,18],"product_tag":[],"class_list":{"0":"post-1917","1":"product","2":"type-product","3":"status-publish","4":"has-post-thumbnail","6":"product_cat-chutneys-saucen","7":"product_cat-uncategorised","9":"first","10":"instock","11":"taxable","12":"shipping-taxable","13":"purchasable","14":"product-type-simple"},"acf":[],"_links":{"self":[{"href":"https:\/\/www.regionalis.shop\/pressmayr\/wp-json\/wp\/v2\/product\/1917","targetHints":{"allow":["GET"]}}],"collection":[{"href":"https:\/\/www.regionalis.shop\/pressmayr\/wp-json\/wp\/v2\/product"}],"about":[{"href":"https:\/\/www.regionalis.shop\/pressmayr\/wp-json\/wp\/v2\/types\/product"}],"wp:featuredmedia":[{"embeddable":true,"href":"https:\/\/www.regionalis.shop\/pressmayr\/wp-json\/wp\/v2\/media\/1629"}],"wp:attachment":[{"href":"https:\/\/www.regionalis.shop\/pressmayr\/wp-json\/wp\/v2\/media?parent=1917"}],"wp:term":[{"taxonomy":"product_brand","embeddable":true,"href":"https:\/\/www.regionalis.shop\/pressmayr\/wp-json\/wp\/v2\/product_brand?post=1917"},{"taxonomy":"product_cat","embeddable":true,"href":"https:\/\/www.regionalis.shop\/pressmayr\/wp-json\/wp\/v2\/product_cat?post=1917"},{"taxonomy":"product_tag","embeddable":true,"href":"https:\/\/www.regionalis.shop\/pressmayr\/wp-json\/wp\/v2\/product_tag?post=1917"}],"curies":[{"name":"wp","href":"https:\/\/api.w.org\/{rel}","templated":true}]}}