{"id":1918,"date":"2025-11-20T12:09:34","date_gmt":"2025-11-20T11:09:34","guid":{"rendered":"https:\/\/www.regionalis.shop\/pressmayr\/shop\/gurke-koriander-chutney\/"},"modified":"2025-11-20T12:10:39","modified_gmt":"2025-11-20T11:10:39","slug":"gurke-koriander-chutney","status":"publish","type":"product","link":"https:\/\/www.regionalis.shop\/pressmayr\/shop\/gurke-koriander-chutney\/","title":{"rendered":"Gurke-Koriander Chutney"},"content":{"rendered":"<p>Zutaten: Gurken, Zwiebel, Zucker, Wei\u00dfweinessig<b>, Senfk\u00f6rner<\/b>, Salz, Koriandersamen, Gew\u00fcrze, Geliermittel: Pektin<\/p>\n<p>Lichtgesch\u00fctzt lagern. Nach dem \u00d6ffnen im K\u00fchlschrank aufbewahren und bald verbrauchen.<\/p>\n<p>Inhalt: 150g<\/p>\n","protected":false},"excerpt":{"rendered":"<p>Auf der Suche nach neuen Gurkenrezepten sind wir beim britischen Cucumber Relish gelandet. Ein wunderbar frisch-s\u00e4uerlicher Geschmacksgeber mit Korianderk\u00f6rnern f\u00fcr z.B. alle Arten von Sandwiches.<\/p>\n<p>Verwendung: passt ideal zur K\u00e4seplatte, zur kalten Jause jeglicher Art oder auch zu Gegrilltem und Gebratenem.<\/p>\n","protected":false},"featured_media":1631,"template":"","meta":{"_acf_changed":false},"product_brand":[],"product_cat":[120,18],"product_tag":[],"class_list":{"0":"post-1918","1":"product","2":"type-product","3":"status-publish","4":"has-post-thumbnail","6":"product_cat-chutneys-saucen","7":"product_cat-uncategorised","9":"first","10":"instock","11":"taxable","12":"shipping-taxable","13":"purchasable","14":"product-type-simple"},"acf":[],"_links":{"self":[{"href":"https:\/\/www.regionalis.shop\/pressmayr\/wp-json\/wp\/v2\/product\/1918","targetHints":{"allow":["GET"]}}],"collection":[{"href":"https:\/\/www.regionalis.shop\/pressmayr\/wp-json\/wp\/v2\/product"}],"about":[{"href":"https:\/\/www.regionalis.shop\/pressmayr\/wp-json\/wp\/v2\/types\/product"}],"wp:featuredmedia":[{"embeddable":true,"href":"https:\/\/www.regionalis.shop\/pressmayr\/wp-json\/wp\/v2\/media\/1631"}],"wp:attachment":[{"href":"https:\/\/www.regionalis.shop\/pressmayr\/wp-json\/wp\/v2\/media?parent=1918"}],"wp:term":[{"taxonomy":"product_brand","embeddable":true,"href":"https:\/\/www.regionalis.shop\/pressmayr\/wp-json\/wp\/v2\/product_brand?post=1918"},{"taxonomy":"product_cat","embeddable":true,"href":"https:\/\/www.regionalis.shop\/pressmayr\/wp-json\/wp\/v2\/product_cat?post=1918"},{"taxonomy":"product_tag","embeddable":true,"href":"https:\/\/www.regionalis.shop\/pressmayr\/wp-json\/wp\/v2\/product_tag?post=1918"}],"curies":[{"name":"wp","href":"https:\/\/api.w.org\/{rel}","templated":true}]}}