{"id":1919,"date":"2025-11-20T12:09:34","date_gmt":"2025-11-20T11:09:34","guid":{"rendered":"https:\/\/www.regionalis.shop\/pressmayr\/shop\/zwetschken-ingwer-chutney\/"},"modified":"2025-11-20T12:10:39","modified_gmt":"2025-11-20T11:10:39","slug":"zwetschken-ingwer-chutney","status":"publish","type":"product","link":"https:\/\/www.regionalis.shop\/pressmayr\/shop\/zwetschken-ingwer-chutney\/","title":{"rendered":"Zwetschken-Ingwer Chutney"},"content":{"rendered":"<p>Zutaten: Zwetschken, Zwiebel, Essig, Zucker, Ingwer, Gew\u00fcrze<\/p>\n<p>Lichtgesch\u00fctzt lagern. Nach dem \u00d6ffnen im K\u00fchlschrank aufbewahren und bald verbrauchen.<\/p>\n<p>Inhalt: 150g<\/p>\n","protected":false},"excerpt":{"rendered":"<p>Unser alter, ehrw\u00fcrdiger Zwetschkenbaum ist ein wahres Urgestein. Vor ca. 50 Jahren gepflanzt, beschenkt er uns dennoch Jahr f\u00fcr Jahr mit \u00fcberaus zahlreichen, s\u00fc\u00dfen Hauszwetschken. Alle helfen mit, wenn der Baum durch Sch\u00fctteln mit einer langen Stange von seinen Fr\u00fcchten befreit und diese dann h\u00e4ndisch aufgeklaubt werden. Aber auch die j\u00fcngeren B\u00e4umchen tragen mit ihren s\u00fc\u00dfen Fr\u00fcchtchen zu diesem wunderbaren Chutney bei.<\/p>\n<p>Die Zwetschken werden mit geriebenem Ingwer und wenigen anderen Zutaten zu diesem fruchtig-scharfen Chutney verkocht. <strong>Unser Kundenliebling!<\/strong><\/p>\n<p>Verwendung: diese Kombination schmeckt hervorragend zur K\u00e4seplatte oder zu Gegrilltem aller Art. Probieren Sie einmal Ofengem\u00fcse mit diesem Chutney oder einen Klecks davon aufs Butterbrot.<\/p>\n","protected":false},"featured_media":1633,"template":"","meta":{"_acf_changed":false},"product_brand":[],"product_cat":[120,18],"product_tag":[],"class_list":{"0":"post-1919","1":"product","2":"type-product","3":"status-publish","4":"has-post-thumbnail","6":"product_cat-chutneys-saucen","7":"product_cat-uncategorised","9":"first","10":"instock","11":"taxable","12":"shipping-taxable","13":"purchasable","14":"product-type-simple"},"acf":[],"_links":{"self":[{"href":"https:\/\/www.regionalis.shop\/pressmayr\/wp-json\/wp\/v2\/product\/1919","targetHints":{"allow":["GET"]}}],"collection":[{"href":"https:\/\/www.regionalis.shop\/pressmayr\/wp-json\/wp\/v2\/product"}],"about":[{"href":"https:\/\/www.regionalis.shop\/pressmayr\/wp-json\/wp\/v2\/types\/product"}],"wp:featuredmedia":[{"embeddable":true,"href":"https:\/\/www.regionalis.shop\/pressmayr\/wp-json\/wp\/v2\/media\/1633"}],"wp:attachment":[{"href":"https:\/\/www.regionalis.shop\/pressmayr\/wp-json\/wp\/v2\/media?parent=1919"}],"wp:term":[{"taxonomy":"product_brand","embeddable":true,"href":"https:\/\/www.regionalis.shop\/pressmayr\/wp-json\/wp\/v2\/product_brand?post=1919"},{"taxonomy":"product_cat","embeddable":true,"href":"https:\/\/www.regionalis.shop\/pressmayr\/wp-json\/wp\/v2\/product_cat?post=1919"},{"taxonomy":"product_tag","embeddable":true,"href":"https:\/\/www.regionalis.shop\/pressmayr\/wp-json\/wp\/v2\/product_tag?post=1919"}],"curies":[{"name":"wp","href":"https:\/\/api.w.org\/{rel}","templated":true}]}}