{"id":1920,"date":"2025-11-20T12:09:34","date_gmt":"2025-11-20T11:09:34","guid":{"rendered":"https:\/\/www.regionalis.shop\/pressmayr\/shop\/feigen-chutney\/"},"modified":"2025-11-20T12:10:39","modified_gmt":"2025-11-20T11:10:39","slug":"feigen-chutney","status":"publish","type":"product","link":"https:\/\/www.regionalis.shop\/pressmayr\/shop\/feigen-chutney\/","title":{"rendered":"Feigen Chutney"},"content":{"rendered":"<p>Zutaten: Feigen, Rote Zwiebel, Rohrzucker, Rotwein, Rotweinessig, Salz, Pfeffer<\/p>\n<p>Lichtgesch\u00fctzt lagern. Nach dem \u00d6ffnen im K\u00fchlschrank aufbewahren und bald verbrauchen.<\/p>\n<p>Inhalt: 150g<\/p>\n","protected":false},"excerpt":{"rendered":"<p>Feigen aus dem M\u00fchlviertel? Ja, das geht! Klimawandel sei &#8222;Dank&#8220; f\u00fchlen sich in unserem gesch\u00fctzten Innenhof drei Feigenstr\u00e4ucher trotz gelegentlicher zweistelliger Minusgrade derma\u00dfen wohl, dass wir mit jedem Jahr mehr Feigen ernten k\u00f6nnen. Daraus stellen wir ein k\u00f6stliches, nur in geringer St\u00fcckzahl erh\u00e4ltliches Feigenchutney her.<\/p>\n<p>Verwendung: dieses Chutney schmeckt hervorragend zur K\u00e4seplatte oder zu Gegrilltem aller Art &#8211; auch Gem\u00fcse. Probieren Sie einmal Ofengem\u00fcse mit diesem Chutney!<\/p>\n","protected":false},"featured_media":1649,"template":"","meta":{"_acf_changed":false},"product_brand":[],"product_cat":[120,18],"product_tag":[],"class_list":{"0":"post-1920","1":"product","2":"type-product","3":"status-publish","4":"has-post-thumbnail","6":"product_cat-chutneys-saucen","7":"product_cat-uncategorised","9":"first","10":"instock","11":"taxable","12":"shipping-taxable","13":"purchasable","14":"product-type-simple"},"acf":[],"_links":{"self":[{"href":"https:\/\/www.regionalis.shop\/pressmayr\/wp-json\/wp\/v2\/product\/1920","targetHints":{"allow":["GET"]}}],"collection":[{"href":"https:\/\/www.regionalis.shop\/pressmayr\/wp-json\/wp\/v2\/product"}],"about":[{"href":"https:\/\/www.regionalis.shop\/pressmayr\/wp-json\/wp\/v2\/types\/product"}],"wp:featuredmedia":[{"embeddable":true,"href":"https:\/\/www.regionalis.shop\/pressmayr\/wp-json\/wp\/v2\/media\/1649"}],"wp:attachment":[{"href":"https:\/\/www.regionalis.shop\/pressmayr\/wp-json\/wp\/v2\/media?parent=1920"}],"wp:term":[{"taxonomy":"product_brand","embeddable":true,"href":"https:\/\/www.regionalis.shop\/pressmayr\/wp-json\/wp\/v2\/product_brand?post=1920"},{"taxonomy":"product_cat","embeddable":true,"href":"https:\/\/www.regionalis.shop\/pressmayr\/wp-json\/wp\/v2\/product_cat?post=1920"},{"taxonomy":"product_tag","embeddable":true,"href":"https:\/\/www.regionalis.shop\/pressmayr\/wp-json\/wp\/v2\/product_tag?post=1920"}],"curies":[{"name":"wp","href":"https:\/\/api.w.org\/{rel}","templated":true}]}}