{"id":1923,"date":"2025-11-20T12:09:35","date_gmt":"2025-11-20T11:09:35","guid":{"rendered":"https:\/\/www.regionalis.shop\/pressmayr\/shop\/scharfe-paradeis-chutney\/"},"modified":"2025-11-20T12:10:38","modified_gmt":"2025-11-20T11:10:38","slug":"scharfe-paradeis-chutney","status":"publish","type":"product","link":"https:\/\/www.regionalis.shop\/pressmayr\/shop\/scharfe-paradeis-chutney\/","title":{"rendered":"Scharfe Paradeis Chutney"},"content":{"rendered":"<div class=\"et_pb_toggle_content clearfix\">\n<div class=\"woocommerce et-dynamic-content-woo et-dynamic-content-woo--product_description\">\n<p>Zutaten: Tomaten, Oliven\u00f6l, Rotweinessig, Zucker, Salz, Ingwer, Knoblauch, <strong>Senfk\u00f6rner<\/strong>, Kurkuma, Cumin, Chili, frische Korianderbl\u00e4tter<\/p>\n<p>Lichtgesch\u00fctzt aufbewahren. Nach dem \u00d6ffnen im K\u00fchlschrank lagern und bald aufbrauchen.<\/p>\n<p>Inhalt: 150g<\/p>\n<\/div>\n<\/div>\n","protected":false},"excerpt":{"rendered":"<p>Das Rezept f\u00fcr dieses w\u00fcrzige Tomatenchutney haben wir von lieben Freunden in Australien bekommen.<\/p>\n<p>Die asiatischen Aromen von Cumin und frischem Koriandergr\u00fcn in Verbindung mit dezenter S\u00e4ure der Tomaten und etwas Sch\u00e4rfe im Abgang zaubern im Nu Urlaubsfeeling auf den Tisch.<\/p>\n<p>Verwendung: passt zu allerlei Speisen wie Reis, gebratenem Fleisch oder Gem\u00fcse, als Dip zu Cr\u00e4ckern, K\u00e4se,&#8230;<\/p>\n","protected":false},"featured_media":1679,"template":"","meta":{"_acf_changed":false},"product_brand":[],"product_cat":[120,18],"product_tag":[],"class_list":{"0":"post-1923","1":"product","2":"type-product","3":"status-publish","4":"has-post-thumbnail","6":"product_cat-chutneys-saucen","7":"product_cat-uncategorised","9":"first","10":"instock","11":"taxable","12":"shipping-taxable","13":"purchasable","14":"product-type-simple"},"acf":[],"_links":{"self":[{"href":"https:\/\/www.regionalis.shop\/pressmayr\/wp-json\/wp\/v2\/product\/1923","targetHints":{"allow":["GET"]}}],"collection":[{"href":"https:\/\/www.regionalis.shop\/pressmayr\/wp-json\/wp\/v2\/product"}],"about":[{"href":"https:\/\/www.regionalis.shop\/pressmayr\/wp-json\/wp\/v2\/types\/product"}],"wp:featuredmedia":[{"embeddable":true,"href":"https:\/\/www.regionalis.shop\/pressmayr\/wp-json\/wp\/v2\/media\/1679"}],"wp:attachment":[{"href":"https:\/\/www.regionalis.shop\/pressmayr\/wp-json\/wp\/v2\/media?parent=1923"}],"wp:term":[{"taxonomy":"product_brand","embeddable":true,"href":"https:\/\/www.regionalis.shop\/pressmayr\/wp-json\/wp\/v2\/product_brand?post=1923"},{"taxonomy":"product_cat","embeddable":true,"href":"https:\/\/www.regionalis.shop\/pressmayr\/wp-json\/wp\/v2\/product_cat?post=1923"},{"taxonomy":"product_tag","embeddable":true,"href":"https:\/\/www.regionalis.shop\/pressmayr\/wp-json\/wp\/v2\/product_tag?post=1923"}],"curies":[{"name":"wp","href":"https:\/\/api.w.org\/{rel}","templated":true}]}}